{"id":13957,"date":"2021-05-24T15:38:50","date_gmt":"2021-05-24T13:38:50","guid":{"rendered":"https:\/\/www.ms-pos.biz\/?page_id=13957"},"modified":"2025-04-28T08:55:09","modified_gmt":"2025-04-28T06:55:09","slug":"technologie","status":"publish","type":"page","link":"https:\/\/ms-pos.net\/en\/possible\/technologie","title":{"rendered":"Technology"},"content":{"rendered":"<p><section  id=\"section-59e349d\" class=\"fw-main-row section  ls ms section_padding_top_0 section_padding_bottom_0 columns_padding_0 fullwidth-section horizontal-paddings-0 top_corner_inverse\" >\n        <h3 class=\"hidden\"> Map<\/h3>\n        <div class=\"top_corner_body\"><\/div>\n\t    <div class=\"container-fluid\">\n        <div class=\"row\">\n\t\t\t\n\t\t\t<!-- START POSsible  Technologie REVOLUTION SLIDER 6.7.36 --><p class=\"rs-p-wp-fix\"><\/p>\n\t\t\t<rs-module-wrap id=\"rev_slider_59_1_wrapper\" data-source=\"gallery\" style=\"visibility:hidden;background:transparent;padding:0;margin:0px auto;margin-top:0;margin-bottom:0;\">\n\t\t\t\t<rs-module id=\"rev_slider_59_1\" style=\"\" data-version=\"6.7.36\">\n\t\t\t\t\t<rs-slides style=\"overflow: hidden; position: absolute;\">\n\t\t\t\t\t\t<rs-slide style=\"position: absolute;\" data-key=\"rs-108\" data-title=\"Business Boost\" data-anim=\"adpr:false;ms:-120;\" data-in=\"o:0;\" data-out=\"a:false;\" data-alttrans=\"slidingoverlayleft\" data-p1=\"02.\">\n\t\t\t\t\t\t\t<img decoding=\"async\" src=\"\/\/ms-pos.net\/wp-content\/plugins\/revslider\/sr6\/assets\/assets\/dummy.png\" alt=\"Technologie - POSsible\" title=\"POSsible: Technologie\" width=\"1920\" height=\"900\" class=\"rev-slidebg tp-rs-img rs-lazyload\" data-lazyload=\"\/\/www.ms-pos.biz\/wp-content\/uploads\/2021\/05\/POSsible-Technologie.jpg\" data-parallax=\"5\" data-no-retina>\n<!---->\t\t\t\t\t<\/rs-slide>\n\t\t\t\t\t<\/rs-slides>\n\t\t\t\t\t<rs-static-layers><!--\n\t\t\t\t\t--><\/rs-static-layers>\n\t\t\t\t<\/rs-module>\n\t\t\t\t<script>\n\t\t\t\t\tsetREVStartSize({c: 'rev_slider_59_1',rl:[1240,1150,778,480],el:[900,600,640,740],gw:[1920,1024,778,480],gh:[900,600,640,740],type:'standard',justify:'',layout:'fullwidth',mh:\"0\"});if (window.RS_MODULES!==undefined && window.RS_MODULES.modules!==undefined && window.RS_MODULES.modules[\"revslider591\"]!==undefined) {window.RS_MODULES.modules[\"revslider591\"].once = false;window.revapi59 = undefined;if (window.RS_MODULES.checkMinimal!==undefined) window.RS_MODULES.checkMinimal()}\n\t\t\t\t<\/script>\n\t\t\t<\/rs-module-wrap>\n\t\t\t<!-- END REVOLUTION SLIDER -->\n        <\/div>\n    <\/div>\n    <div class=\"bottom_corner_body\"><\/div>\n<\/section>\n\t<div class=\"fw-divider-space \" style=\"margin-top: 30px;\"><\/div>\n\n<section  id=\"section-c0513e8\" class=\"fw-main-row section  ls section_padding_top_65 section_padding_bottom_30 columns_padding_15 horizontal-paddings-0  \" >\n        <h3 class=\"hidden\"> possible technologie0<\/h3>\n        <div class=\"top_corner_body\"><\/div>\n\t    <div class=\"container\">\n        <div class=\"row\">\n\t\t\t<div  id=\"column-a32f476\" class=\"col-xs-12 left fw-column\"  >\n\t<div class=\"special-heading text-left \">\n        <h2    class=\"section_header margin_0      \">\n        <span class=\"text-transform-none medium \">\n\t\tPOSsible - Technologie\t<\/span>\n<\/h2>\n    <h6    class=\"section_header margin_0      \">\n        <span class=\"highlight2 text-transform-none medium \">\n\t\tModern und modular\t<\/span>\n<\/h6>\n<\/div>\n\n\t<div class=\"fw-divider-space \" style=\"margin-top: 30px;\"><\/div>\n\n<\/div><div  id=\"column-15d1b3b\" class=\"col-xs-12 left fw-column\"  >\n\t<div class=\"text-block shortcode \">\n\t<p>POSsible ist ein hochperfomantes, modular aufgebautes Kassensystem. Die einzelnen Komponenten agieren autark und kommunizieren asynchron \u00fcber einen Messagebus.<br \/>Dadurch sind wir in der Lage, in Modulen und Komponenten zu denken und flexibel und schnell auf Kundenw\u00fcnsche zu reagieren.<br \/>POSsible kann als reine Kasse f\u00fcr eine einzelne Filiale und als Filialsystem mit integrierter Warenwirtschaft f\u00fcr gr\u00f6\u00dfere Unternehmen eingesetzt werden.<\/p><\/div>\n<\/div>        <\/div>\n    <\/div>\n    <div class=\"bottom_corner_body\"><\/div>\n<\/section><section  id=\"section-f8bb44a\" class=\"fw-main-row section  ls section_padding_top_0 section_padding_bottom_65 columns_padding_15 horizontal-paddings-0  \" >\n        <h3 class=\"hidden\"> possible technologie1<\/h3>\n        <div class=\"top_corner_body\"><\/div>\n\t    <div class=\"container\">\n        <div class=\"row\">\n\t\t\t<div  id=\"column-f82606d\" class=\"col-xs-12 left fw-column\"  >\n\t<div class=\"special-heading text-center \">\n        <h4    class=\"section_header margin_0      \">\n        <span class=\"text-transform-none medium \">\n\t\tDie POSsible Architektur\t<\/span>\n<\/h4>\n<\/div>\n<\/div><div  id=\"column-26c6148\" class=\"col-xs-12 text-center left fw-column\"  >\n\t<div class=\"img-wrap\"><img decoding=\"async\" src=\"\/\/www.ms-pos.biz\/wp-content\/uploads\/2021\/05\/Possible_Architektur.png\" alt=\"\/\/www.ms-pos.biz\/wp-content\/uploads\/2021\/05\/Possible_Architektur.png\" width=\"600\" \/><\/div><\/div>        <\/div>\n    <\/div>\n    <div class=\"bottom_corner_body\"><\/div>\n<\/section><section  id=\"section-27bc645\" class=\"fw-main-row section  ls ms section_padding_top_50 section_padding_bottom_50 columns_padding_15  \" >\n        <h3 class=\"hidden\"> possible technologie2<\/h3>\n        <div class=\"top_corner_body\"><\/div>\n\t    <div class=\"container\">\n        <div class=\"row\">\n\t\t\t<div  id=\"column-3430534\" class=\"col-xs-12 left fw-column\"  >\n\t<div class=\"text-block shortcode \">\n\t<blockquote class=\"blue\"><p>Als Hersteller und Entwickler des Kassensystem POSsible k\u00f6nnen wir \u00fcber unser Release-Management sicherstellen, dass Bugfixes und kundenindividuelle Plugins in die Standardversion integriert werden, ohne dass die Entwicklung des Masterzweigs beeinflusst wird.<br \/>Daher garantieren wir selbst bei starkem Customizing optimale Update- und Releasef\u00e4higkeit.<\/p><\/blockquote><\/div>\n<\/div>        <\/div>\n    <\/div>\n    <div class=\"bottom_corner_body\"><\/div>\n<\/section><section  id=\"section-5b75ff6\" class=\"fw-main-row section  ls section_padding_top_65 section_padding_bottom_30 columns_padding_15 horizontal-paddings-0  \" >\n        <h3 class=\"hidden\"> possible technologie3<\/h3>\n        <div class=\"top_corner_body\"><\/div>\n\t    <div class=\"container\">\n        <div class=\"row\">\n\t\t\t<div  id=\"column-c73a01f\" class=\"col-xs-12 left fw-column\"  >\n\t<div class=\"special-heading text-center \">\n        <h4    class=\"section_header margin_0      \">\n        <span class=\"text-transform-none medium \">\n\t\tDas Release-Management\t<\/span>\n<\/h4>\n<\/div>\n\n\t<div class=\"fw-divider-space \" style=\"margin-top: 30px;\"><\/div>\n\n<\/div><div  id=\"column-9202cfd\" class=\"col-xs-12 text-center left fw-column\"  >\n\t<div class=\"img-wrap\"><img decoding=\"async\" src=\"\/\/www.ms-pos.biz\/wp-content\/uploads\/2021\/05\/POSsible_Releasemanagement.png\" alt=\"Releasemanagement - POSsible\" width=\"600\" \/><\/div><\/div><div  id=\"column-838044b\" class=\"col-xs-12 left fw-column\"  >\n\t\n\t<div class=\"fw-divider-space \" style=\"margin-top: 30px;\"><\/div>\n\n<\/div><div  id=\"column-c674339\" class=\"col-xs-12 col-md-6 left fw-column\"  >\n\t<div class=\"text-block shortcode \">\n\t<p>Der Master bildet die Basisapplikation. Die einzelnen Features oder Plugins k\u00f6nnen parallel entwickelt werden, ohne Abh\u00e4ngigkeiten zu schaffen. F\u00fcr jedes Release kann entschieden werden, welche Komponenten enthalten sein sollen. Entwicklungs- und Zeitaufwand reduzieren sich, so dass wir wesentlich einfacher auf neue Tendenzen oder Anforderungen reagieren k\u00f6nnen. Auch das Cross Testing innerhalb der Applikation und die Fehlerhaftigkeit des Gesamtreleases reduzieren sich dadurch sp\u00fcrbar.<\/p><p><strong>Lokale Integration f\u00fcr den Offline Betrieb<\/strong><br \/>Sowohl die Kassenapplikation als auch das Back-Office laufen im Webbrowser und sind daher plattformunabh\u00e4ngig. Dennoch k\u00f6nnen wir auf Wunsch durch eine lokale Installation einen Offline-Betrieb sicherstellen. Ein Hosting in der Cloud ist ebenso m\u00f6glich wie die lokale On-Prem Installation. Diese Cloud Struktur erfordert am POS wenig Ressourcen. Alle wesentlichen Plattformen (WIN, IOS, Android) k\u00f6nnen von der Software auf einer klassischen Kasse, einem Tablet oder einem mobilen Ger\u00e4t genutzt werden. Bei Hardware-Komponenten ist es dann eher die Frage, ob es Treiber f\u00fcr diese Plattform gibt.<\/p><\/div>\n<\/div><div  id=\"column-a2f55df\" class=\"col-xs-12 col-md-6 left fw-column\"  >\n\t<div class=\"text-block shortcode \">\n\t<p>Moderne Technologien erm\u00f6glichen eine verl\u00e4ssliche L\u00f6sung, die sich bei Bedarf beliebig skalieren l\u00e4sst. Offene Schnittstellen (REST, SOAP, etc.) erleichtern den Zugriff von und auf externe Services wie z.B. BI, ERP, CRM etc. Diese Offenheit der Plattform ist f\u00fcr das Kassensystem POSsible extrem wichtig, da wir im Laufe der Jahre viele<a href=\"https:\/\/ms-pos.net\/possible\/schnittstellen\"> Software-Drittsysteme<\/a> und auch diverse Hardware-Plattformen wie z.B. Waagen, Aufwerter, Kassenautomaten, Ticketautomaten, Drehkreuze, Einlasskontrollen, Paymentterminals etc. angebunden haben.<\/p><p><strong>Integration von Payment Providern<\/strong><br \/>Um die finanzrechtlichen Anforderungen, insbesondere in Deutschland (KassenSichV, GoBD, DSFinV-K) und \u00d6sterreich (RKSV) zu erf\u00fcllen, nutzt POSsible die bew\u00e4hrte Middleware von EFSTA. Die Middleware von treibauf-Pepper erlaubt uns, fast alle g\u00e4ngigen Payment Provider schnell zu integrieren.<\/p><p>Das Kassensystem POSsible wird kontinuierlich weiterentwickelt! Dabei folgen wir agil der MS POS <a href=\"https:\/\/ms-pos.net\/dienstleistung\/projektmethodik\">Projekt-Methodik<\/a>.<\/p><\/div>\n<\/div>        <\/div>\n    <\/div>\n    <div class=\"bottom_corner_body\"><\/div>\n<\/section><section  id=\"section-e3a504a\" class=\"fw-main-row section  ls section_padding_top_0 section_padding_bottom_30 columns_padding_15 horizontal-paddings-0  \" >\n        <h3 class=\"hidden\"> possible technologie4<\/h3>\n        <div class=\"top_corner_body\"><\/div>\n\t    <div class=\"container\">\n        <div class=\"row\">\n\t\t\t<div  id=\"column-0a7db1f\" class=\"col-xs-12 left fw-column\"  >\n\t<div class=\"text-block shortcode \">\n\t<blockquote><p>\u201eF\u00fcr unsere Entwicklungen setzen wir auf die ausgereiften und bew\u00e4hrten Technologien Java und Spring Framework. Mit dem Cuba-Framework verf\u00fcgen wir dar\u00fcber hinaus \u00fcber ein Werkzeug, das Rapid Application Development auf der Java-Platform perfekt unterst\u00fctzt. Basierend auf Spring bietet es eine au\u00dfergew\u00f6hnlich, produktive Entwicklungsumgebung f\u00fcr modulare Businessanwendungen und stellt zahlreiche fertige Komponenten zur Verf\u00fcgung.<br \/>F\u00fcr den gesamten Technologiestack sind die Roadmaps f\u00fcr die Weiterentwicklung \u00f6ffentlich verf\u00fcgbar. Dies gibt uns die M\u00f6glichkeit, die Produkte besser zu planen. Die freien Lizenzen verhindern ein Vendor Lock-in.<br \/>Unser Entwicklungsprozess richtet sich an bew\u00e4hrten Methoden aus: Automatisierung von Build, Test und Deployment sind selbstverst\u00e4ndlich.\u201c<br \/><strong>Volker Voigt, Teamleiter Development MS POS<\/strong><\/p><\/blockquote><\/div>\n<\/div>        <\/div>\n    <\/div>\n    <div class=\"bottom_corner_body\"><\/div>\n<\/section><section  id=\"section-0cc783e\" class=\"fw-main-row section  ls section_padding_top_0 section_padding_bottom_85 columns_padding_15  \" >\n        <h3 class=\"hidden\"> possible \u00fcberblick<\/h3>\n        <div class=\"top_corner_body\"><\/div>\n\t    <div class=\"container\">\n        <div class=\"row\">\n\t\t\t<div  id=\"column-c66e876\" class=\"col-xs-12 left fw-column\"  >\n\t<div class=\"special-heading text-left \">\n        <h6    class=\"section_header margin_0      \">\n        <span class=\"text-transform-none medium \">\n\t\tDie wesentlichen Informationen zu POSsible im \u00dcberblick\t<\/span>\n<\/h6>\n<\/div>\n\n\t<div class=\"fw-divider-space \" style=\"margin-top: 20px;\"><\/div>\n\n<\/div><div  id=\"column-6903c6c\" class=\"col-xs-12 col-md-3 left fw-column\"  >\n\t<div class=\"img-wrap\"><img decoding=\"async\" src=\"\/\/www.ms-pos.biz\/wp-content\/uploads\/2021\/06\/CTA-Possible-Uebersicht.jpg\" alt=\"\/\/www.ms-pos.biz\/wp-content\/uploads\/2021\/06\/CTA-Possible-Uebersicht.jpg\" \/><\/div><div class=\"text-block shortcode \">\n\t<div class=\"cegid\"><h6><span style=\"color: #3c4395;\">\u00dcbersicht<\/span><\/h6><p><a href=\"https:\/\/ms-pos.net\/possible\/uebersicht\">Mehr erfahren<\/a><\/p><\/div><\/div>\n<\/div><div  id=\"column-751191e\" class=\"col-xs-12 col-md-3 left fw-column\"  >\n\t<div class=\"img-wrap\"><img decoding=\"async\" src=\"\/\/www.ms-pos.biz\/wp-content\/uploads\/2021\/05\/CTA-Possible-Schnittstellen.jpg\" alt=\"Schnittstellen - POSsible\" \/><\/div><div class=\"text-block shortcode \">\n\t<div class=\"cegid\"><h6>Schnittstellen<\/h6><p><a href=\"https:\/\/ms-pos.net\/possible\/schnittstellen\">Mehr erfahren<\/a><\/p><\/div><\/div>\n<\/div><div  id=\"column-3e9b5c2\" class=\"col-xs-12 col-md-3 left fw-column\"  >\n\t<div class=\"img-wrap\"><img decoding=\"async\" src=\"\/\/www.ms-pos.biz\/wp-content\/uploads\/2021\/05\/CTA-Possible-Module.jpg\" alt=\"Module - POSsible\" \/><\/div><div class=\"text-block shortcode \">\n\t<div class=\"cegid\"><h6>Module<\/h6><p><a href=\"https:\/\/ms-pos.net\/possible\/module\">Mehr erfahren<\/a><\/p><\/div><\/div>\n<\/div><div  id=\"column-4fb18e4\" class=\"col-xs-12 col-md-3 left fw-column\"  >\n\t<div class=\"img-wrap\"><img decoding=\"async\" src=\"\/\/www.ms-pos.biz\/wp-content\/uploads\/2021\/05\/CTA-Possible-Projekte.jpg\" alt=\"Projekte - POSsible\" \/><\/div><div class=\"text-block shortcode \">\n\t<div class=\"cegid\"><h6>Projekte<\/h6><p><a href=\"https:\/\/ms-pos.net\/possible\/projekte\">Mehr erfahren<\/a><\/p><\/div><\/div>\n<\/div>        <\/div>\n    <\/div>\n    <div class=\"bottom_corner_body\"><\/div>\n<\/section><section  id=\"section-cd5cfb9\" class=\"fw-main-row section  ls ms section_padding_top_50 section_padding_bottom_50 columns_padding_15 section_overlay  \" style=\"background-image:url(https:\/\/www.ms-pos.biz\/wp-content\/uploads\/2021\/05\/POSsible-Technologie.jpg);\">\n        <h3 class=\"hidden\"> Call to Action<\/h3>\n        <div class=\"top_corner_body\"><\/div>\n\t    <div class=\"container\">\n        <div class=\"row\">\n\t\t\t<div  id=\"column-10b22ba\" class=\"col-xs-12 left fw-column\"  >\n\t<div class=\"special-heading text-center \">\n        <h3    class=\"section_header margin_0 call-to-action     \">\n        <span class=\"text-transform-none medium \">\n\t\tW\u00fcnschen Sie mehr Informationen zur<br \/>POSsible Technologie?\t<\/span>\n<\/h3>\n<\/div>\n\n\t<div class=\"fw-divider-space \" style=\"margin-top: 20px;\"><\/div>\n\n<div class=\"special-heading text-center \">\n        <h6    class=\"section_header margin_0 call-to-action     \">\n        <span class=\"text-transform-none bold \">\n\t\tSenden Sie uns Ihr Anliegen. Wir kontaktieren Sie in K\u00fcrze.\t<\/span>\n<\/h6>\n<\/div>\n\n\t<div class=\"fw-divider-space \" style=\"margin-top: 30px;\"><\/div>\n\n<\/div><div  id=\"column-df08493\" class=\"col-xs-12 col-md-2 left fw-column\"  >\n\t<\/div><div  id=\"column-3d5ed72\" class=\"col-xs-12 col-md-8 text-center left fw-column\"  >\n\t<a href=\"https:\/\/ms-pos.net\/kontakt\/#kontakt2\" target=\"_self\"\n   class=\"wide_button theme_button color color2 medium_height\">\n\tKontakt<\/a>\n<\/div><div  id=\"column-563250c\" class=\"col-xs-12 col-md-2 left fw-column\"  >\n\t<\/div><div  id=\"column-08aee69\" class=\"col-xs-12 left fw-column\"  >\n\t\n\t<div class=\"fw-divider-space \" style=\"margin-top: 30px;\"><\/div>\n\n<\/div>        <\/div>\n    <\/div>\n    <div class=\"bottom_corner_body\"><\/div>\n<\/section><\/p>\n","protected":false},"excerpt":{"rendered":"<p>Map possible technologie0 POSsible &#8211; Technologie Modern und modular POSsible ist ein hochperfomantes, modular aufgebautes &#8230;<\/p>","protected":false},"author":2,"featured_media":0,"parent":13809,"menu_order":0,"comment_status":"closed","ping_status":"closed","template":"page-templates\/full-width.php","meta":{"footnotes":""},"class_list":["post-13957","page","type-page","status-publish","hentry"],"yoast_head":"<!-- This site is optimized with the Yoast SEO Premium plugin v27.3 (Yoast SEO v27.3) - https:\/\/yoast.com\/product\/yoast-seo-premium-wordpress\/ -->\n<title>POSsible Technologie | MS POS GmbH<\/title>\n<meta name=\"description\" content=\"POSsible Technologie: Hochperfomantes, modular aufgebautes Kassensystem. Die einzelnen Komponenten agieren autark.\" \/>\n<meta name=\"robots\" content=\"index, follow, max-snippet:-1, max-image-preview:large, max-video-preview:-1\" \/>\n<link rel=\"canonical\" href=\"https:\/\/ms-pos.net\/en\/possible\/technologie\/\" \/>\n<meta property=\"og:locale\" content=\"en_GB\" \/>\n<meta property=\"og:type\" content=\"article\" \/>\n<meta property=\"og:title\" content=\"POSsible Technologie | MS POS GmbH\" \/>\n<meta property=\"og:description\" content=\"POSsible Technologie: Hochperfomantes, modular aufgebautes Kassensystem. Die einzelnen Komponenten agieren autark.\" \/>\n<meta property=\"og:url\" content=\"https:\/\/ms-pos.net\/en\/possible\/technologie\/\" \/>\n<meta property=\"og:site_name\" content=\"MS POS GmbH | Retail und Kassensysteme\" \/>\n<meta property=\"article:modified_time\" content=\"2025-04-28T06:55:09+00:00\" \/>\n<meta property=\"og:image\" content=\"https:\/\/ms-pos.net\/wp-content\/uploads\/2021\/05\/CTA-Possible-Technologie.jpg\" \/>\n\t<meta property=\"og:image:width\" content=\"600\" \/>\n\t<meta property=\"og:image:height\" content=\"400\" \/>\n\t<meta property=\"og:image:type\" content=\"image\/jpeg\" \/>\n<meta name=\"twitter:label1\" content=\"Estimated reading time\" \/>\n\t<meta name=\"twitter:data1\" content=\"4 minutes\" \/>\n<script type=\"application\/ld+json\" class=\"yoast-schema-graph\">{\"@context\":\"https:\\\/\\\/schema.org\",\"@graph\":[{\"@type\":\"WebPage\",\"@id\":\"https:\\\/\\\/ms-pos.net\\\/possible\\\/technologie\",\"url\":\"https:\\\/\\\/ms-pos.net\\\/possible\\\/technologie\",\"name\":\"POSsible Technologie | MS POS GmbH\",\"isPartOf\":{\"@id\":\"https:\\\/\\\/ms-pos.net\\\/en\\\/#website\"},\"datePublished\":\"2021-05-24T13:38:50+00:00\",\"dateModified\":\"2025-04-28T06:55:09+00:00\",\"description\":\"POSsible Technologie: Hochperfomantes, modular aufgebautes Kassensystem. Die einzelnen Komponenten agieren autark.\",\"breadcrumb\":{\"@id\":\"https:\\\/\\\/ms-pos.net\\\/possible\\\/technologie#breadcrumb\"},\"inLanguage\":\"en-GB\",\"potentialAction\":[{\"@type\":\"ReadAction\",\"target\":[\"https:\\\/\\\/ms-pos.net\\\/possible\\\/technologie\"]}]},{\"@type\":\"BreadcrumbList\",\"@id\":\"https:\\\/\\\/ms-pos.net\\\/possible\\\/technologie#breadcrumb\",\"itemListElement\":[{\"@type\":\"ListItem\",\"position\":1,\"name\":\"Startseite\",\"item\":\"https:\\\/\\\/ms-pos.net\\\/\"},{\"@type\":\"ListItem\",\"position\":2,\"name\":\"POSsible\",\"item\":\"https:\\\/\\\/ms-pos.net\\\/possible\"},{\"@type\":\"ListItem\",\"position\":3,\"name\":\"Technologie\"}]},{\"@type\":\"WebSite\",\"@id\":\"https:\\\/\\\/ms-pos.net\\\/en\\\/#website\",\"url\":\"https:\\\/\\\/ms-pos.net\\\/en\\\/\",\"name\":\"MS POS GmbH | Retail und Kassensysteme\",\"description\":\"\",\"publisher\":{\"@id\":\"https:\\\/\\\/ms-pos.net\\\/en\\\/#organization\"},\"potentialAction\":[{\"@type\":\"SearchAction\",\"target\":{\"@type\":\"EntryPoint\",\"urlTemplate\":\"https:\\\/\\\/ms-pos.net\\\/en\\\/?s={search_term_string}\"},\"query-input\":{\"@type\":\"PropertyValueSpecification\",\"valueRequired\":true,\"valueName\":\"search_term_string\"}}],\"inLanguage\":\"en-GB\"},{\"@type\":\"Organization\",\"@id\":\"https:\\\/\\\/ms-pos.net\\\/en\\\/#organization\",\"name\":\"MS POS\",\"url\":\"https:\\\/\\\/ms-pos.net\\\/en\\\/\",\"logo\":{\"@type\":\"ImageObject\",\"inLanguage\":\"en-GB\",\"@id\":\"https:\\\/\\\/ms-pos.net\\\/en\\\/#\\\/schema\\\/logo\\\/image\\\/\",\"url\":\"https:\\\/\\\/ms-pos.net\\\/wp-content\\\/uploads\\\/2020\\\/06\\\/MS-POS-Logo.png\",\"contentUrl\":\"https:\\\/\\\/ms-pos.net\\\/wp-content\\\/uploads\\\/2020\\\/06\\\/MS-POS-Logo.png\",\"width\":539,\"height\":171,\"caption\":\"MS POS\"},\"image\":{\"@id\":\"https:\\\/\\\/ms-pos.net\\\/en\\\/#\\\/schema\\\/logo\\\/image\\\/\"}}]}<\/script>\n<!-- \/ Yoast SEO Premium plugin. -->","yoast_head_json":{"title":"POSsible Technologie | MS POS GmbH","description":"POSsible Technologie: Hochperfomantes, modular aufgebautes Kassensystem. Die einzelnen Komponenten agieren autark.","robots":{"index":"index","follow":"follow","max-snippet":"max-snippet:-1","max-image-preview":"max-image-preview:large","max-video-preview":"max-video-preview:-1"},"canonical":"https:\/\/ms-pos.net\/en\/possible\/technologie\/","og_locale":"en_GB","og_type":"article","og_title":"POSsible Technologie | MS POS GmbH","og_description":"POSsible Technologie: Hochperfomantes, modular aufgebautes Kassensystem. Die einzelnen Komponenten agieren autark.","og_url":"https:\/\/ms-pos.net\/en\/possible\/technologie\/","og_site_name":"MS POS GmbH | Retail und Kassensysteme","article_modified_time":"2025-04-28T06:55:09+00:00","og_image":[{"width":600,"height":400,"url":"https:\/\/ms-pos.net\/wp-content\/uploads\/2021\/05\/CTA-Possible-Technologie.jpg","type":"image\/jpeg"}],"twitter_misc":{"Estimated reading time":"4 minutes"},"schema":{"@context":"https:\/\/schema.org","@graph":[{"@type":"WebPage","@id":"https:\/\/ms-pos.net\/possible\/technologie","url":"https:\/\/ms-pos.net\/possible\/technologie","name":"POSsible Technologie | MS POS GmbH","isPartOf":{"@id":"https:\/\/ms-pos.net\/en\/#website"},"datePublished":"2021-05-24T13:38:50+00:00","dateModified":"2025-04-28T06:55:09+00:00","description":"POSsible Technologie: Hochperfomantes, modular aufgebautes Kassensystem. Die einzelnen Komponenten agieren autark.","breadcrumb":{"@id":"https:\/\/ms-pos.net\/possible\/technologie#breadcrumb"},"inLanguage":"en-GB","potentialAction":[{"@type":"ReadAction","target":["https:\/\/ms-pos.net\/possible\/technologie"]}]},{"@type":"BreadcrumbList","@id":"https:\/\/ms-pos.net\/possible\/technologie#breadcrumb","itemListElement":[{"@type":"ListItem","position":1,"name":"Startseite","item":"https:\/\/ms-pos.net\/"},{"@type":"ListItem","position":2,"name":"POSsible","item":"https:\/\/ms-pos.net\/possible"},{"@type":"ListItem","position":3,"name":"Technologie"}]},{"@type":"WebSite","@id":"https:\/\/ms-pos.net\/en\/#website","url":"https:\/\/ms-pos.net\/en\/","name":"MS POS GmbH | Retail und Kassensysteme","description":"","publisher":{"@id":"https:\/\/ms-pos.net\/en\/#organization"},"potentialAction":[{"@type":"SearchAction","target":{"@type":"EntryPoint","urlTemplate":"https:\/\/ms-pos.net\/en\/?s={search_term_string}"},"query-input":{"@type":"PropertyValueSpecification","valueRequired":true,"valueName":"search_term_string"}}],"inLanguage":"en-GB"},{"@type":"Organization","@id":"https:\/\/ms-pos.net\/en\/#organization","name":"MS POS","url":"https:\/\/ms-pos.net\/en\/","logo":{"@type":"ImageObject","inLanguage":"en-GB","@id":"https:\/\/ms-pos.net\/en\/#\/schema\/logo\/image\/","url":"https:\/\/ms-pos.net\/wp-content\/uploads\/2020\/06\/MS-POS-Logo.png","contentUrl":"https:\/\/ms-pos.net\/wp-content\/uploads\/2020\/06\/MS-POS-Logo.png","width":539,"height":171,"caption":"MS POS"},"image":{"@id":"https:\/\/ms-pos.net\/en\/#\/schema\/logo\/image\/"}}]}},"_links":{"self":[{"href":"https:\/\/ms-pos.net\/en\/wp-json\/wp\/v2\/pages\/13957","targetHints":{"allow":["GET"]}}],"collection":[{"href":"https:\/\/ms-pos.net\/en\/wp-json\/wp\/v2\/pages"}],"about":[{"href":"https:\/\/ms-pos.net\/en\/wp-json\/wp\/v2\/types\/page"}],"author":[{"embeddable":true,"href":"https:\/\/ms-pos.net\/en\/wp-json\/wp\/v2\/users\/2"}],"replies":[{"embeddable":true,"href":"https:\/\/ms-pos.net\/en\/wp-json\/wp\/v2\/comments?post=13957"}],"version-history":[{"count":47,"href":"https:\/\/ms-pos.net\/en\/wp-json\/wp\/v2\/pages\/13957\/revisions"}],"predecessor-version":[{"id":19943,"href":"https:\/\/ms-pos.net\/en\/wp-json\/wp\/v2\/pages\/13957\/revisions\/19943"}],"up":[{"embeddable":true,"href":"https:\/\/ms-pos.net\/en\/wp-json\/wp\/v2\/pages\/13809"}],"wp:attachment":[{"href":"https:\/\/ms-pos.net\/en\/wp-json\/wp\/v2\/media?parent=13957"}],"curies":[{"name":"wp","href":"https:\/\/api.w.org\/{rel}","templated":true}]}}