{"id":14478,"date":"2021-08-13T15:41:29","date_gmt":"2021-08-13T13:41:29","guid":{"rendered":"https:\/\/www.ms-pos.biz\/?page_id=14478"},"modified":"2025-04-23T16:47:39","modified_gmt":"2025-04-23T14:47:39","slug":"geschichte","status":"publish","type":"page","link":"https:\/\/ms-pos.net\/en\/unternehmen\/geschichte","title":{"rendered":"History"},"content":{"rendered":"<p><section  id=\"section-59e349d\" class=\"fw-main-row section  ls ms section_padding_top_0 section_padding_bottom_0 columns_padding_0 fullwidth-section horizontal-paddings-0 top_corner_inverse\" >\n        <h3 class=\"hidden\"> Map<\/h3>\n        <div class=\"top_corner_body\"><\/div>\n\t    <div class=\"container-fluid\">\n        <div class=\"row\">\n\t\t\t\n\t\t\t<!-- START \u00dcber uns  Geschichte REVOLUTION SLIDER 6.7.36 --><p class=\"rs-p-wp-fix\"><\/p>\n\t\t\t<rs-module-wrap id=\"rev_slider_19_1_wrapper\" data-source=\"gallery\" style=\"visibility:hidden;background:transparent;padding:0;margin:0px auto;margin-top:0;margin-bottom:0;\">\n\t\t\t\t<rs-module id=\"rev_slider_19_1\" style=\"\" data-version=\"6.7.36\">\n\t\t\t\t\t<rs-slides style=\"overflow: hidden; position: absolute;\">\n\t\t\t\t\t\t<rs-slide style=\"position: absolute;\" data-key=\"rs-62\" data-title=\"Business Boost\" data-anim=\"adpr:false;ms:-120;\" data-in=\"o:0;\" data-out=\"a:false;\" data-alttrans=\"slidingoverlayleft\" data-p1=\"02.\">\n\t\t\t\t\t\t\t<img decoding=\"async\" src=\"\/\/ms-pos.net\/wp-content\/plugins\/revslider\/sr6\/assets\/assets\/dummy.png\" alt=\"\" title=\"\u00dcber-uns-Geschichte-2\" width=\"1920\" height=\"700\" class=\"rev-slidebg tp-rs-img rs-lazyload\" data-lazyload=\"\/\/ms-pos.net\/wp-content\/uploads\/2020\/08\/\u00dcber-uns-Geschichte-2-6.jpg\" data-parallax=\"5\" data-no-retina>\n<!--\n\t\t\t\t\t\t\t--><rs-layer\n\t\t\t\t\t\t\t\tid=\"slider-19-slide-62-layer-17\" \n\t\t\t\t\t\t\t\tdata-type=\"text\"\n\t\t\t\t\t\t\t\tdata-color=\"#ffffff||#000000||#000000||#000000\"\n\t\t\t\t\t\t\t\tdata-rsp_ch=\"on\"\n\t\t\t\t\t\t\t\tdata-xy=\"x:l,c,c,c;xo:35px,0,0,0;yo:420px,296px,382px,353px;\"\n\t\t\t\t\t\t\t\tdata-text=\"s:14;l:16;ls:14px;fw:500;a:inherit;\"\n\t\t\t\t\t\t\t\tdata-frame_0=\"x:175%;o:1;\"\n\t\t\t\t\t\t\t\tdata-frame_0_mask=\"u:t;x:-100%;\"\n\t\t\t\t\t\t\t\tdata-frame_1=\"e:power3.out;st:2100;sp:1000;sR:2100;\"\n\t\t\t\t\t\t\t\tdata-frame_1_mask=\"u:t;\"\n\t\t\t\t\t\t\t\tdata-frame_999=\"o:0;st:w;sR:5900;\"\n\t\t\t\t\t\t\t\tstyle=\"z-index:10;font-family:'Poppins', 'sans-serif';text-transform:uppercase;\"\n\t\t\t\t\t\t\t>Unsere Geschichte \n\t\t\t\t\t\t\t<\/rs-layer><!--\n\n\t\t\t\t\t\t\t--><rs-layer\n\t\t\t\t\t\t\t\tid=\"slider-19-slide-62-layer-18\" \n\t\t\t\t\t\t\t\tdata-type=\"text\"\n\t\t\t\t\t\t\t\tdata-rsp_ch=\"on\"\n\t\t\t\t\t\t\t\tdata-xy=\"x:l,c,c,c;xo:30px,0,0,0;yo:530px,436px,494px,462px;\"\n\t\t\t\t\t\t\t\tdata-text=\"s:80,60,48,28;l:80;fw:600;a:inherit;\"\n\t\t\t\t\t\t\t\tdata-frame_0=\"rX:-70deg;oZ:-50;\"\n\t\t\t\t\t\t\t\tdata-frame_1=\"oZ:-50;e:power4.inOut;st:1400;sp:1750;\"\n\t\t\t\t\t\t\t\tdata-frame_999=\"o:0;st:w;sR:6100;\"\n\t\t\t\t\t\t\t\tstyle=\"z-index:11;font-family:'Poppins', 'sans-serif';text-transform:uppercase;\"\n\t\t\t\t\t\t\t>Eine kleine Zeitreise \n\t\t\t\t\t\t\t<\/rs-layer><!--\n\n\t\t\t\t\t\t\t--><rs-layer\n\t\t\t\t\t\t\t\tid=\"slider-19-slide-62-layer-19\" \n\t\t\t\t\t\t\t\tdata-type=\"text\"\n\t\t\t\t\t\t\t\tdata-color=\"#f3a32c\"\n\t\t\t\t\t\t\t\tdata-rsp_ch=\"on\"\n\t\t\t\t\t\t\t\tdata-xy=\"x:l,c,c,c;xo:30px,1px,0,0;yo:472px,362px,434px,411px;\"\n\t\t\t\t\t\t\t\tdata-text=\"s:60,60,60,40;l:60;fw:200,400,400,400;a:inherit;\"\n\t\t\t\t\t\t\t\tdata-frame_0=\"rX:70deg;oZ:-50;\"\n\t\t\t\t\t\t\t\tdata-frame_1=\"oZ:-50;e:power4.inOut;st:700;sp:1750;\"\n\t\t\t\t\t\t\t\tdata-frame_999=\"o:0;st:w;sR:5900;\"\n\t\t\t\t\t\t\t\tstyle=\"z-index:12;font-family:'Poppins', 'sans-serif';text-transform:uppercase;\"\n\t\t\t\t\t\t\t>MS POS GmbH \n\t\t\t\t\t\t\t<\/rs-layer><!--\n-->\t\t\t\t\t<\/rs-slide>\n\t\t\t\t\t<\/rs-slides>\n\t\t\t\t<\/rs-module>\n\t\t\t\t<script>\n\t\t\t\t\tsetREVStartSize({c: 'rev_slider_19_1',rl:[1240,1150,778,480],el:[700,600,640,740],gw:[1920,1024,778,480],gh:[700,600,640,740],type:'standard',justify:'',layout:'fullwidth',mh:\"0\"});if (window.RS_MODULES!==undefined && window.RS_MODULES.modules!==undefined && window.RS_MODULES.modules[\"revslider191\"]!==undefined) {window.RS_MODULES.modules[\"revslider191\"].once = false;window.revapi19 = undefined;if (window.RS_MODULES.checkMinimal!==undefined) window.RS_MODULES.checkMinimal()}\n\t\t\t\t<\/script>\n\t\t\t<\/rs-module-wrap>\n\t\t\t<!-- END REVOLUTION SLIDER -->\n        <\/div>\n    <\/div>\n    <div class=\"bottom_corner_body\"><\/div>\n<\/section><section  id=\"section-1b0a18f\" class=\"fw-main-row section  ls section_padding_top_65 section_padding_bottom_40 columns_padding_15 horizontal-paddings-0  \" >\n        <h3 class=\"hidden\"> 2005<\/h3>\n        <div class=\"top_corner_body\"><\/div>\n\t    <div class=\"container\">\n        <div class=\"row\">\n\t\t\t<div  id=\"column-15190e6\" class=\"col-xs-12 left fw-column\"  >\n\t<div class=\"special-heading text-center \">\n        <h3    class=\"section_header margin_0      \">\n        <span class=\"text-transform-none medium \">\n\t\tWie alles begann ab 2005\t<\/span>\n<\/h3>\n<\/div>\n<div class=\"text-block shortcode \">\n\t<p><\/p><\/div>\n<\/div>        <\/div>\n    <\/div>\n    <div class=\"bottom_corner_body\"><\/div>\n<\/section><section  id=\"section-f8069b4\" class=\"fw-main-row section  ls section_padding_top_50 section_padding_bottom_50 columns_padding_15  \" >\n        <h3 class=\"hidden\"> 2010<\/h3>\n        <div class=\"top_corner_body\"><\/div>\n\t    <div class=\"container\">\n        <div class=\"row\">\n\t\t\t<div  id=\"column-cff7710\" class=\"col-xs-12 left fw-column\"  >\n\t<div class=\"special-heading text-center \">\n        <h3    class=\"section_header margin_0      \">\n        <span class=\"text-transform-none medium \">\n\t\tInternationale Expansion ab 2010\t<\/span>\n<\/h3>\n<\/div>\n<div class=\"text-block shortcode \">\n\t<p><\/p><\/div>\n<\/div>        <\/div>\n    <\/div>\n    <div class=\"bottom_corner_body\"><\/div>\n<\/section><section  id=\"section-4f474d3\" class=\"fw-main-row section  ls section_padding_top_0 section_padding_bottom_40 columns_padding_15 horizontal-paddings-0  \" >\n        <h3 class=\"hidden\"> 2015<\/h3>\n        <div class=\"top_corner_body\"><\/div>\n\t    <div class=\"container\">\n        <div class=\"row\">\n\t\t\t<div  id=\"column-1b19ab5\" class=\"col-xs-12 left fw-column\"  >\n\t<div class=\"special-heading text-center \">\n        <h3    class=\"section_header margin_0      \">\n        <span class=\"text-transform-none medium \">\n\t\tErweiterung des Produktportfolios ab 2015\t<\/span>\n<\/h3>\n<\/div>\n<div class=\"text-block shortcode \">\n\t<p><\/p><\/div>\n<\/div>        <\/div>\n    <\/div>\n    <div class=\"bottom_corner_body\"><\/div>\n<\/section><section  id=\"section-32c2e62\" class=\"fw-main-row section  ls section_padding_top_0 section_padding_bottom_40 columns_padding_15 horizontal-paddings-0  \" >\n        <h3 class=\"hidden\"> 2020<\/h3>\n        <div class=\"top_corner_body\"><\/div>\n\t    <div class=\"container\">\n        <div class=\"row\">\n\t\t\t<div  id=\"column-99710f4\" class=\"col-xs-12 left fw-column\"  >\n\t<div class=\"special-heading text-center \">\n        <h3    class=\"section_header margin_0      \">\n        <span class=\"text-transform-none medium \">\n\t\tDie Krise als Chance. Ungewohnte Zeiten ab 2020\t<\/span>\n<\/h3>\n<\/div>\n<div class=\"text-block shortcode \">\n\t<p><\/p><\/div>\n<\/div>        <\/div>\n    <\/div>\n    <div class=\"bottom_corner_body\"><\/div>\n<\/section><section  id=\"section-19f2752\" class=\"fw-main-row section  ls section_padding_top_0 section_padding_bottom_25 columns_padding_15 horizontal-paddings-0  \" >\n        <h3 class=\"hidden\"> 2025<\/h3>\n        <div class=\"top_corner_body\"><\/div>\n\t    <div class=\"container\">\n        <div class=\"row\">\n\t\t\t<div  id=\"column-2b7b0e8\" class=\"col-xs-12 left fw-column\"  >\n\t<div class=\"special-heading text-center \">\n        <h3    class=\"section_header margin_0      \">\n        <span class=\"text-transform-none medium \">\n\t\tErweiterung unseres internationalen Angebots\t<\/span>\n<\/h3>\n<\/div>\n<div class=\"text-block shortcode \">\n\t<p><\/p><\/div>\n<\/div>        <\/div>\n    <\/div>\n    <div class=\"bottom_corner_body\"><\/div>\n<\/section><section  id=\"section-7c53b06\" class=\"fw-main-row section  ls section_padding_top_0 section_padding_bottom_65 columns_padding_15  \" >\n        <h3 class=\"hidden\"> geschichte<\/h3>\n        <div class=\"top_corner_body\"><\/div>\n\t    <div class=\"container\">\n        <div class=\"row\">\n\t\t\t<div  id=\"column-d83efe0\" class=\"col-xs-12 left fw-column\"  >\n\t<div class=\"text-block shortcode \">\n\t<p>Wir haben unsere bisherigen Milestones in 5 Jahres-Abschnitten auf dieser Men\u00fcseite in einem Zeitstrahl chronologisch aufgelistet. F\u00fcr einen kompletten \u00dcberblick von Anfang an scrollen Sie einfach nochmal nach oben.<\/p><\/div>\n<\/div>        <\/div>\n    <\/div>\n    <div class=\"bottom_corner_body\"><\/div>\n<\/section><section  id=\"section-aedd5ff\" class=\"fw-main-row section  ls ms section_padding_top_50 section_padding_bottom_50 columns_padding_15 section_overlay background_cover  \" style=\"background-image:url(https:\/\/www.ms-pos.biz\/wp-content\/uploads\/2020\/08\/\u00dcber-uns-Geschichte-2-6.jpg);\">\n        <h3 class=\"hidden\"> Call to Action<\/h3>\n        <div class=\"top_corner_body\"><\/div>\n\t    <div class=\"container\">\n        <div class=\"row\">\n\t\t\t<div  id=\"column-10b22ba\" class=\"col-xs-12 left fw-column\"  >\n\t<div class=\"special-heading text-center \">\n        <h3    class=\"section_header margin_0 call-to-action     \">\n        <span class=\"text-transform-none medium \">\n\t\tSie m\u00f6chten mehr \u00fcber MS POS erfahren?\t<\/span>\n<\/h3>\n<\/div>\n\n\t<div class=\"fw-divider-space \" style=\"margin-top: 20px;\"><\/div>\n\n<div class=\"special-heading text-center \">\n        <h6    class=\"section_header margin_0 call-to-action     \">\n        <span class=\"text-transform-none bold \">\n\t\tLesen und informieren Sie sich hier\t<\/span>\n<\/h6>\n<\/div>\n\n\t<div class=\"fw-divider-space \" style=\"margin-top: 30px;\"><\/div>\n\n<\/div><div  id=\"column-df08493\" class=\"col-xs-12 col-md-2 left fw-column\"  >\n\t<\/div><div  id=\"column-cda9709\" class=\"col-xs-12 col-md-3 text-center left fw-column\"  >\n\t<a href=\"https:\/\/ms-pos.net\/unternehmen\/team\" target=\"_self\"\n   class=\"wide_button theme_button color color2 medium_height\">\n\tTeam<\/a>\n<\/div><div  id=\"column-563250c\" class=\"col-xs-12 col-md-2 left fw-column\"  >\n\t<\/div><div  id=\"column-3e1b8db\" class=\"col-xs-12 col-md-3 text-center left fw-column\"  >\n\t<a href=\"https:\/\/ms-pos.net\/unternehmen\/leitbild\" target=\"_self\"\n   class=\"wide_button theme_button color color3 medium_height\">\n\tLeitbild<\/a>\n<\/div><div  id=\"column-67b2c07\" class=\"col-xs-12 col-md-2 left fw-column\"  >\n\t<\/div><div  id=\"column-08aee69\" class=\"col-xs-12 left fw-column\"  >\n\t\n\t<div class=\"fw-divider-space \" style=\"margin-top: 30px;\"><\/div>\n\n<\/div>        <\/div>\n    <\/div>\n    <div class=\"bottom_corner_body\"><\/div>\n<\/section><\/p>\n","protected":false},"excerpt":{"rendered":"<p>Map Unsere Geschichte Eine kleine Zeitreise MS POS GmbH 2005 Wie alles begann ab 2005 &#8230;<\/p>","protected":false},"author":2,"featured_media":0,"parent":8785,"menu_order":2,"comment_status":"closed","ping_status":"closed","template":"page-templates\/full-width.php","meta":{"footnotes":""},"class_list":["post-14478","page","type-page","status-publish","hentry"],"yoast_head":"<!-- This site is optimized with the Yoast SEO Premium plugin v27.3 (Yoast SEO v27.3) - https:\/\/yoast.com\/product\/yoast-seo-premium-wordpress\/ -->\n<title>Unsere Geschichte von Gr\u00fcndung bis heute - MS POS in Willich<\/title>\n<meta name=\"description\" content=\"Geschichte MS POS: 2005 war das Gr\u00fcndungsjahr. Wir haben die Meilensteine, die unsere Unternehmensgeschichte pr\u00e4gen, hier zusammengestellt.\" \/>\n<meta name=\"robots\" content=\"index, follow, max-snippet:-1, max-image-preview:large, max-video-preview:-1\" \/>\n<link rel=\"canonical\" href=\"https:\/\/ms-pos.net\/en\/unternehmen\/geschichte\/\" \/>\n<meta property=\"og:locale\" content=\"en_GB\" \/>\n<meta property=\"og:type\" content=\"article\" \/>\n<meta property=\"og:title\" content=\"MS POS GmbH in Willich - unsere Geschichte von Gr\u00fcndung bis heute\" \/>\n<meta property=\"og:description\" content=\"2005 war das Gr\u00fcndungsjahr. Welche Meilensteine unsere Unternehmensgeschichte pr\u00e4gen, haben wir hier zusammengestellt. Polen, Produkte, Personen - mehr hier\" \/>\n<meta property=\"og:url\" content=\"https:\/\/ms-pos.net\/en\/unternehmen\/geschichte\/\" \/>\n<meta property=\"og:site_name\" content=\"MS POS GmbH | Retail und Kassensysteme\" \/>\n<meta property=\"article:modified_time\" content=\"2025-04-23T14:47:39+00:00\" \/>\n<meta property=\"og:image\" content=\"https:\/\/ms-pos.net\/wp-content\/uploads\/2020\/08\/\u00dcber-uns-Geschichte-2-6.jpg\" \/>\n\t<meta property=\"og:image:width\" content=\"1920\" \/>\n\t<meta property=\"og:image:height\" content=\"700\" \/>\n\t<meta property=\"og:image:type\" content=\"image\/jpeg\" \/>\n<meta name=\"twitter:label1\" content=\"Estimated reading time\" \/>\n\t<meta name=\"twitter:data1\" content=\"1 minute\" \/>\n<script type=\"application\/ld+json\" class=\"yoast-schema-graph\">{\"@context\":\"https:\\\/\\\/schema.org\",\"@graph\":[{\"@type\":\"WebPage\",\"@id\":\"https:\\\/\\\/ms-pos.net\\\/unternehmen\\\/geschichte\",\"url\":\"https:\\\/\\\/ms-pos.net\\\/unternehmen\\\/geschichte\",\"name\":\"Unsere Geschichte von Gr\u00fcndung bis heute - MS POS in Willich\",\"isPartOf\":{\"@id\":\"https:\\\/\\\/ms-pos.net\\\/en\\\/#website\"},\"datePublished\":\"2021-08-13T13:41:29+00:00\",\"dateModified\":\"2025-04-23T14:47:39+00:00\",\"description\":\"Geschichte MS POS: 2005 war das Gr\u00fcndungsjahr. Wir haben die Meilensteine, die unsere Unternehmensgeschichte pr\u00e4gen, hier zusammengestellt.\",\"breadcrumb\":{\"@id\":\"https:\\\/\\\/ms-pos.net\\\/unternehmen\\\/geschichte#breadcrumb\"},\"inLanguage\":\"en-GB\",\"potentialAction\":[{\"@type\":\"ReadAction\",\"target\":[\"https:\\\/\\\/ms-pos.net\\\/unternehmen\\\/geschichte\"]}]},{\"@type\":\"BreadcrumbList\",\"@id\":\"https:\\\/\\\/ms-pos.net\\\/unternehmen\\\/geschichte#breadcrumb\",\"itemListElement\":[{\"@type\":\"ListItem\",\"position\":1,\"name\":\"Startseite\",\"item\":\"https:\\\/\\\/ms-pos.net\\\/\"},{\"@type\":\"ListItem\",\"position\":2,\"name\":\"Unternehmen\",\"item\":\"https:\\\/\\\/ms-pos.net\\\/unternehmen\"},{\"@type\":\"ListItem\",\"position\":3,\"name\":\"Geschichte\"}]},{\"@type\":\"WebSite\",\"@id\":\"https:\\\/\\\/ms-pos.net\\\/en\\\/#website\",\"url\":\"https:\\\/\\\/ms-pos.net\\\/en\\\/\",\"name\":\"MS POS GmbH | Retail und Kassensysteme\",\"description\":\"\",\"publisher\":{\"@id\":\"https:\\\/\\\/ms-pos.net\\\/en\\\/#organization\"},\"potentialAction\":[{\"@type\":\"SearchAction\",\"target\":{\"@type\":\"EntryPoint\",\"urlTemplate\":\"https:\\\/\\\/ms-pos.net\\\/en\\\/?s={search_term_string}\"},\"query-input\":{\"@type\":\"PropertyValueSpecification\",\"valueRequired\":true,\"valueName\":\"search_term_string\"}}],\"inLanguage\":\"en-GB\"},{\"@type\":\"Organization\",\"@id\":\"https:\\\/\\\/ms-pos.net\\\/en\\\/#organization\",\"name\":\"MS POS\",\"url\":\"https:\\\/\\\/ms-pos.net\\\/en\\\/\",\"logo\":{\"@type\":\"ImageObject\",\"inLanguage\":\"en-GB\",\"@id\":\"https:\\\/\\\/ms-pos.net\\\/en\\\/#\\\/schema\\\/logo\\\/image\\\/\",\"url\":\"https:\\\/\\\/ms-pos.net\\\/wp-content\\\/uploads\\\/2020\\\/06\\\/MS-POS-Logo.png\",\"contentUrl\":\"https:\\\/\\\/ms-pos.net\\\/wp-content\\\/uploads\\\/2020\\\/06\\\/MS-POS-Logo.png\",\"width\":539,\"height\":171,\"caption\":\"MS POS\"},\"image\":{\"@id\":\"https:\\\/\\\/ms-pos.net\\\/en\\\/#\\\/schema\\\/logo\\\/image\\\/\"}}]}<\/script>\n<!-- \/ Yoast SEO Premium plugin. -->","yoast_head_json":{"title":"Unsere Geschichte von Gr\u00fcndung bis heute - MS POS in Willich","description":"Geschichte MS POS: 2005 war das Gr\u00fcndungsjahr. Wir haben die Meilensteine, die unsere Unternehmensgeschichte pr\u00e4gen, hier zusammengestellt.","robots":{"index":"index","follow":"follow","max-snippet":"max-snippet:-1","max-image-preview":"max-image-preview:large","max-video-preview":"max-video-preview:-1"},"canonical":"https:\/\/ms-pos.net\/en\/unternehmen\/geschichte\/","og_locale":"en_GB","og_type":"article","og_title":"MS POS GmbH in Willich - unsere Geschichte von Gr\u00fcndung bis heute","og_description":"2005 war das Gr\u00fcndungsjahr. Welche Meilensteine unsere Unternehmensgeschichte pr\u00e4gen, haben wir hier zusammengestellt. Polen, Produkte, Personen - mehr hier","og_url":"https:\/\/ms-pos.net\/en\/unternehmen\/geschichte\/","og_site_name":"MS POS GmbH | Retail und Kassensysteme","article_modified_time":"2025-04-23T14:47:39+00:00","og_image":[{"width":1920,"height":700,"url":"https:\/\/ms-pos.net\/wp-content\/uploads\/2020\/08\/\u00dcber-uns-Geschichte-2-6.jpg","type":"image\/jpeg"}],"twitter_misc":{"Estimated reading time":"1 minute"},"schema":{"@context":"https:\/\/schema.org","@graph":[{"@type":"WebPage","@id":"https:\/\/ms-pos.net\/unternehmen\/geschichte","url":"https:\/\/ms-pos.net\/unternehmen\/geschichte","name":"Unsere Geschichte von Gr\u00fcndung bis heute - MS POS in Willich","isPartOf":{"@id":"https:\/\/ms-pos.net\/en\/#website"},"datePublished":"2021-08-13T13:41:29+00:00","dateModified":"2025-04-23T14:47:39+00:00","description":"Geschichte MS POS: 2005 war das Gr\u00fcndungsjahr. Wir haben die Meilensteine, die unsere Unternehmensgeschichte pr\u00e4gen, hier zusammengestellt.","breadcrumb":{"@id":"https:\/\/ms-pos.net\/unternehmen\/geschichte#breadcrumb"},"inLanguage":"en-GB","potentialAction":[{"@type":"ReadAction","target":["https:\/\/ms-pos.net\/unternehmen\/geschichte"]}]},{"@type":"BreadcrumbList","@id":"https:\/\/ms-pos.net\/unternehmen\/geschichte#breadcrumb","itemListElement":[{"@type":"ListItem","position":1,"name":"Startseite","item":"https:\/\/ms-pos.net\/"},{"@type":"ListItem","position":2,"name":"Unternehmen","item":"https:\/\/ms-pos.net\/unternehmen"},{"@type":"ListItem","position":3,"name":"Geschichte"}]},{"@type":"WebSite","@id":"https:\/\/ms-pos.net\/en\/#website","url":"https:\/\/ms-pos.net\/en\/","name":"MS POS GmbH | Retail und Kassensysteme","description":"","publisher":{"@id":"https:\/\/ms-pos.net\/en\/#organization"},"potentialAction":[{"@type":"SearchAction","target":{"@type":"EntryPoint","urlTemplate":"https:\/\/ms-pos.net\/en\/?s={search_term_string}"},"query-input":{"@type":"PropertyValueSpecification","valueRequired":true,"valueName":"search_term_string"}}],"inLanguage":"en-GB"},{"@type":"Organization","@id":"https:\/\/ms-pos.net\/en\/#organization","name":"MS POS","url":"https:\/\/ms-pos.net\/en\/","logo":{"@type":"ImageObject","inLanguage":"en-GB","@id":"https:\/\/ms-pos.net\/en\/#\/schema\/logo\/image\/","url":"https:\/\/ms-pos.net\/wp-content\/uploads\/2020\/06\/MS-POS-Logo.png","contentUrl":"https:\/\/ms-pos.net\/wp-content\/uploads\/2020\/06\/MS-POS-Logo.png","width":539,"height":171,"caption":"MS POS"},"image":{"@id":"https:\/\/ms-pos.net\/en\/#\/schema\/logo\/image\/"}}]}},"_links":{"self":[{"href":"https:\/\/ms-pos.net\/en\/wp-json\/wp\/v2\/pages\/14478","targetHints":{"allow":["GET"]}}],"collection":[{"href":"https:\/\/ms-pos.net\/en\/wp-json\/wp\/v2\/pages"}],"about":[{"href":"https:\/\/ms-pos.net\/en\/wp-json\/wp\/v2\/types\/page"}],"author":[{"embeddable":true,"href":"https:\/\/ms-pos.net\/en\/wp-json\/wp\/v2\/users\/2"}],"replies":[{"embeddable":true,"href":"https:\/\/ms-pos.net\/en\/wp-json\/wp\/v2\/comments?post=14478"}],"version-history":[{"count":28,"href":"https:\/\/ms-pos.net\/en\/wp-json\/wp\/v2\/pages\/14478\/revisions"}],"predecessor-version":[{"id":19940,"href":"https:\/\/ms-pos.net\/en\/wp-json\/wp\/v2\/pages\/14478\/revisions\/19940"}],"up":[{"embeddable":true,"href":"https:\/\/ms-pos.net\/en\/wp-json\/wp\/v2\/pages\/8785"}],"wp:attachment":[{"href":"https:\/\/ms-pos.net\/en\/wp-json\/wp\/v2\/media?parent=14478"}],"curies":[{"name":"wp","href":"https:\/\/api.w.org\/{rel}","templated":true}]}}