{"id":15193,"date":"2022-02-09T10:35:53","date_gmt":"2022-02-09T09:35:53","guid":{"rendered":"https:\/\/www.ms-pos.biz\/?page_id=15193"},"modified":"2023-10-10T17:18:49","modified_gmt":"2023-10-10T15:18:49","slug":"stellenangebot-4","status":"publish","type":"page","link":"https:\/\/ms-pos.net\/en\/unternehmen\/stellenangebot-4","title":{"rendered":"Job offer 4"},"content":{"rendered":"<p><section  id=\"section-3022234\" class=\"fw-main-row section  ls section_padding_top_30 section_padding_bottom_30 columns_padding_0 top_corner_inverse\" >\n        <h3 class=\"hidden\">69da7a58c6dda<\/h3>\n        <div class=\"top_corner_body\"><\/div>\n\t    <div class=\"container\">\n        <div class=\"row\">\n\t\t\t<div  id=\"column-f7a9292\" class=\"col-xs-12 left fw-column\"  >\n\t<div class=\"special-heading text-left\">\n        <h4    class=\"section_header margin_0\">\n        <span class=\"text-transform-none medium\">\n\t\tIT-Customer Service Agent (m\/f\/d)\t<\/span>\n<\/h4>\n    <h5    class=\"section_header margin_0\">\n        <span class=\"highlight2 text-transform-none medium\">\n\t\tFor our 1<sup>st<\/sup> Level Support\t<\/span>\n<\/h5>\n<\/div>\n\n\t<div class=\"fw-divider-space\" style=\"margin-top: 30px;\"><\/div>\n\n<div class=\"simple-list orange\">\n\t        <h6 class=\"list-title\">\n\t\t\tWhat we offer        <\/h6>\n\t    <ul class=\"no-bullets\">\n\t\t            <li class=\"list-item\">\n\t\t\t\t\t                                        an attractive and performance-related remuneration\t\t\t\t\t\t\t\t\t            <\/li>\n\t\t            <li class=\"list-item\">\n\t\t\t\t\t                                        home office possible after training\t\t\t\t\t\t\t\t\t            <\/li>\n\t\t            <li class=\"list-item\">\n\t\t\t\t\t                                        company pension scheme\t\t\t\t\t\t\t\t\t            <\/li>\n\t\t            <li class=\"list-item\">\n\t\t\t\t\t                                        free beverages \t\t\t\t\t\t\t\t\t            <\/li>\n\t\t            <li class=\"list-item\">\n\t\t\t\t\t                                        fresh fruits and regular Meet &amp; Eat events\t\t\t\t\t\t\t\t\t            <\/li>\n\t\t            <li class=\"list-item\">\n\t\t\t\t\t                                        exclusive purchasing benefits at over 500 partner companies\t\t\t\t\t\t\t\t\t            <\/li>\n\t\t            <li class=\"list-item\">\n\t\t\t\t\t                                        a professional and well-founded induction as well as opportunities for advancement in the company as a perspective\t\t\t\t\t\t\t\t\t            <\/li>\n\t\t            <li class=\"list-item\">\n\t\t\t\t\t                                        mobile phone, laptop, headset, also for private use\t\t\t\t\t\t\t\t\t            <\/li>\n\t\t            <li class=\"list-item\">\n\t\t\t\t\t                                        modern workplace with an innovative toolset\t\t\t\t\t\t\t\t\t            <\/li>\n\t\t            <li class=\"list-item\">\n\t\t\t\t\t                                        very good accessibility by public transport\t\t\t\t\t\t\t\t\t            <\/li>\n\t\t            <li class=\"list-item\">\n\t\t\t\t\t                                        a small, friendly support team \u2013 we are on first-name terms\t\t\t\t\t\t\t\t\t            <\/li>\n\t\t    <\/ul>\n<\/div>\n\t<div class=\"fw-divider-space\" style=\"margin-top: 30px;\"><\/div>\n\n<div class=\"simple-list orange\">\n\t        <h6 class=\"list-title\">\n\t\t\tYour daily responsibilities        <\/h6>\n\t    <ul class=\"no-bullets\">\n\t\t            <li class=\"list-item\">\n\t\t\t\t\t                                        telephone and written support for our existing customers in technical 1st level support (call acceptance, call forwarding, problem solving using standard scenarios, remote access to customer systems)\t\t\t\t\t\t\t\t\t            <\/li>\n\t\t            <li class=\"list-item\">\n\t\t\t\t\t                                        no sales!\t\t\t\t\t\t\t\t\t            <\/li>\n\t\t            <li class=\"list-item\">\n\t\t\t\t\t                                        ensuring a high-quality customer service and customer satisfaction\t\t\t\t\t\t\t\t\t            <\/li>\n\t\t    <\/ul>\n<\/div>\n\t<div class=\"fw-divider-space\" style=\"margin-top: 30px;\"><\/div>\n\n<div class=\"simple-list orange\">\n\t        <h6 class=\"list-title\">\n\t\t\tYour mind-\/ and skillset        <\/h6>\n\t    <ul class=\"no-bullets\">\n\t\t            <li class=\"list-item\">\n\t\t\t\t\t                                        strong passion for what you do\t\t\t\t\t\t\t\t\t            <\/li>\n\t\t            <li class=\"list-item\">\n\t\t\t\t\t                                        enjoying contact with people and willingness to learn\t\t\t\t\t\t\t\t\t            <\/li>\n\t\t            <li class=\"list-item\">\n\t\t\t\t\t                                        very good knowledge of German and good English, French optional\t\t\t\t\t\t\t\t\t            <\/li>\n\t\t            <li class=\"list-item\">\n\t\t\t\t\t                                        if you can't assess your language skills yourself, let's just talk. We're happy to give you feedback.\t\t\t\t\t\t\t\t\t            <\/li>\n\t\t            <li class=\"list-item\">\n\t\t\t\t\t                                        good computer skills\t\t\t\t\t\t\t\t\t            <\/li>\n\t\t            <li class=\"list-item\">\n\t\t\t\t\t                                        you are a strong communicator and empathetic\t\t\t\t\t\t\t\t\t            <\/li>\n\t\t            <li class=\"list-item\">\n\t\t\t\t\t                                        you can inspire other people\t\t\t\t\t\t\t\t\t            <\/li>\n\t\t            <li class=\"list-item\">\n\t\t\t\t\t                                        flexibility from Mon - Sun 8:00 am - 10:00 pm; the shift plan is always created in consultation with you\t\t\t\t\t\t\t\t\t            <\/li>\n\t\t    <\/ul>\n<\/div>\n\t<div class=\"fw-divider-space\" style=\"margin-top: 30px;\"><\/div>\n\n<div class=\"text-block shortcode\">\n\t<p style=\"text-align: left;\">If you would like to work in a dynamic company and see yourself in the position described, send us your detailed application with cover letter, CV and the latest job references, stating your salary expectations and your earliest starting date.<\/p><\/div>\n<\/div><div  id=\"column-c7a1121\" class=\"col-xs-12 text-center left fw-column\"  >\n\t\n\t<div class=\"fw-divider-space\" style=\"margin-top: 30px;\"><\/div>\n\n<a href=\"mailto:job@mspos.net\" target=\"_blank\"\n   class=\"wide_button theme_button color color1 medium_height\">\n\tApply now!<\/a>\n\n\t<div class=\"fw-divider-space\" style=\"margin-top: 30px;\"><\/div>\n\n<\/div>        <\/div>\n    <\/div>\n    <div class=\"bottom_corner_body\"><\/div>\n<\/section><section  id=\"section-68eb536\" class=\"fw-main-row section  ls section_padding_top_30 section_padding_bottom_75 columns_padding_0\" >\n        <h3 class=\"hidden\"> benefits<\/h3>\n        <div class=\"top_corner_body\"><\/div>\n\t    <div class=\"container\">\n        <div class=\"row\">\n\t\t\t<div  id=\"column-253e828\" class=\"col-xs-12 left fw-column\"  >\n\t<div class=\"special-heading text-left\">\n        <h4    class=\"section_header margin_0\">\n        <span class=\"text-transform-none medium\">\n\t\tBenefits at MS POS\t<\/span>\n<\/h4>\n<\/div>\n<div class=\"img-wrap\"><img decoding=\"async\" src=\"https:\/\/www.ms-pos.biz\/wp-content\/uploads\/2021\/03\/Benefits-MS-POS-english.jpg\" alt=\"\/\/www.ms-pos.biz\/wp-content\/uploads\/2020\/09\/Benefits-MS-POS.jpg\" \/><\/div><\/div>        <\/div>\n    <\/div>\n    <div class=\"bottom_corner_body\"><\/div>\n<\/section><section  id=\"section-66fa6fd\" class=\"fw-main-row section  ls section_padding_top_0 section_padding_bottom_100 columns_padding_0\" >\n        <h3 class=\"hidden\"> end<\/h3>\n        <div class=\"top_corner_body\"><\/div>\n\t    <div class=\"container\">\n        <div class=\"row\">\n\t\t\t<div  id=\"column-8f45fc7\" class=\"col-xs-12 text-center left fw-column\"  >\n\t<a href=\"https:\/\/ms-pos.net\/wp-content\/uploads\/2022\/02\/Stellenbeschreibung-IT-Customer-Service_deutsch_Feb-2022.pdf\" target=\"_blank\"\n   class=\"wide_button theme_button inverse color1 medium_height\">\n\tDownload job description as PDF<\/a>\n\n\t<div class=\"fw-divider-space\" style=\"margin-top: 30px;\"><\/div>\n\n<div class=\"text-block shortcode\">\n\t<p><div class=\"shariff shariff-align-center shariff-widget-align-center\" data-services=\"facebook\" data-url=\"https%3A%2F%2Fms-pos.net%2Fen%2Funternehmen%2Fstellenangebot-4\" data-timestamp=\"1696958329\" data-backendurl=\"https:\/\/ms-pos.net\/en\/wp-json\/shariff\/v1\/share_counts?\"><ul class=\"shariff-buttons theme-color orientation-horizontal buttonsize-medium\"><li class=\"shariff-button facebook shariff-nocustomcolor\" style=\"background-color:#4273c8\"><a href=\"https:\/\/www.facebook.com\/sharer\/sharer.php?u=https%3A%2F%2Fms-pos.net%2Fen%2Funternehmen%2Fstellenangebot-4\" title=\"Share on Facebook\" aria-label=\"Share on Facebook\" role=\"button\" rel=\"nofollow\" class=\"shariff-link\" style=\"; background-color:#3b5998; color:#fff\" target=\"_blank\"><span class=\"shariff-icon\" style=\"\"><svg width=\"32px\" height=\"20px\" xmlns=\"http:\/\/www.w3.org\/2000\/svg\" viewbox=\"0 0 18 32\"><path fill=\"#3b5998\" d=\"M17.1 0.2v4.7h-2.8q-1.5 0-2.1 0.6t-0.5 1.9v3.4h5.2l-0.7 5.3h-4.5v13.6h-5.5v-13.6h-4.5v-5.3h4.5v-3.9q0-3.3 1.9-5.2t5-1.8q2.6 0 4.1 0.2z\"\/><\/svg><\/span><span class=\"shariff-text\">share<\/span>&nbsp;<\/a><\/li><li class=\"shariff-button twitter shariff-nocustomcolor\" style=\"background-color:#595959\"><a href=\"https:\/\/twitter.com\/share?url=https%3A%2F%2Fms-pos.net%2Fen%2Funternehmen%2Fstellenangebot-4&text=Stellenangebot%204\" title=\"Share on X\" aria-label=\"Share on X\" role=\"button\" rel=\"noopener nofollow\" class=\"shariff-link\" style=\"; background-color:#000; color:#fff\" target=\"_blank\"><span class=\"shariff-icon\" style=\"\"><svg width=\"32px\" height=\"20px\" xmlns=\"http:\/\/www.w3.org\/2000\/svg\" viewbox=\"0 0 24 24\"><path fill=\"#000\" d=\"M14.258 10.152L23.176 0h-2.113l-7.747 8.813L7.133 0H0l9.352 13.328L0 23.973h2.113l8.176-9.309 6.531 9.309h7.133zm-2.895 3.293l-.949-1.328L2.875 1.56h3.246l6.086 8.523.945 1.328 7.91 11.078h-3.246zm0 0\"\/><\/svg><\/span><span class=\"shariff-text\">share<\/span>&nbsp;<\/a><\/li><li class=\"shariff-button xing shariff-nocustomcolor\" style=\"background-color:#29888a\"><a href=\"https:\/\/www.xing.com\/spi\/shares\/new?url=https%3A%2F%2Fms-pos.net%2Fen%2Funternehmen%2Fstellenangebot-4\" title=\"Share on XING\" aria-label=\"Share on XING\" role=\"button\" rel=\"noopener nofollow\" class=\"shariff-link\" style=\"; background-color:#126567; color:#fff\" target=\"_blank\"><span class=\"shariff-icon\" style=\"\"><svg width=\"32px\" height=\"20px\" xmlns=\"http:\/\/www.w3.org\/2000\/svg\" viewbox=\"0 0 25 32\"><path fill=\"#126567\" d=\"M10.7 11.9q-0.2 0.3-4.6 8.2-0.5 0.8-1.2 0.8h-4.3q-0.4 0-0.5-0.3t0-0.6l4.5-8q0 0 0 0l-2.9-5q-0.2-0.4 0-0.7 0.2-0.3 0.5-0.3h4.3q0.7 0 1.2 0.8zM25.1 0.4q0.2 0.3 0 0.7l-9.4 16.7 6 11q0.2 0.4 0 0.6-0.2 0.3-0.6 0.3h-4.3q-0.7 0-1.2-0.8l-6-11.1q0.3-0.6 9.5-16.8 0.4-0.8 1.2-0.8h4.3q0.4 0 0.5 0.3z\"\/><\/svg><\/span><span class=\"shariff-text\">share<\/span>&nbsp;<\/a><\/li><li class=\"shariff-button linkedin shariff-nocustomcolor\" style=\"background-color:#1488bf\"><a href=\"https:\/\/www.linkedin.com\/sharing\/share-offsite\/?url=https%3A%2F%2Fms-pos.net%2Fen%2Funternehmen%2Fstellenangebot-4\" title=\"Share on LinkedIn\" aria-label=\"Share on LinkedIn\" role=\"button\" rel=\"noopener nofollow\" class=\"shariff-link\" style=\"; background-color:#0077b5; color:#fff\" target=\"_blank\"><span class=\"shariff-icon\" style=\"\"><svg width=\"32px\" height=\"20px\" xmlns=\"http:\/\/www.w3.org\/2000\/svg\" viewbox=\"0 0 27 32\"><path fill=\"#0077b5\" d=\"M6.2 11.2v17.7h-5.9v-17.7h5.9zM6.6 5.7q0 1.3-0.9 2.2t-2.4 0.9h0q-1.5 0-2.4-0.9t-0.9-2.2 0.9-2.2 2.4-0.9 2.4 0.9 0.9 2.2zM27.4 18.7v10.1h-5.9v-9.5q0-1.9-0.7-2.9t-2.3-1.1q-1.1 0-1.9 0.6t-1.2 1.5q-0.2 0.5-0.2 1.4v9.9h-5.9q0-7.1 0-11.6t0-5.3l0-0.9h5.9v2.6h0q0.4-0.6 0.7-1t1-0.9 1.6-0.8 2-0.3q3 0 4.9 2t1.9 6z\"\/><\/svg><\/span><span class=\"shariff-text\">share<\/span>&nbsp;<\/a><\/li><li class=\"shariff-button mailto shariff-nocustomcolor\" style=\"background-color:#a8a8a8\"><a href=\"mailto:?body=https%3A%2F%2Fms-pos.net%2Fen%2Funternehmen%2Fstellenangebot-4&subject=Stellenangebot%204\" title=\"Send by email\" aria-label=\"Send by email\" role=\"button\" rel=\"noopener nofollow\" class=\"shariff-link\" style=\"; background-color:#999; color:#fff\"><span class=\"shariff-icon\" style=\"\"><svg width=\"32px\" height=\"20px\" xmlns=\"http:\/\/www.w3.org\/2000\/svg\" viewbox=\"0 0 32 32\"><path fill=\"#999\" d=\"M32 12.7v14.2q0 1.2-0.8 2t-2 0.9h-26.3q-1.2 0-2-0.9t-0.8-2v-14.2q0.8 0.9 1.8 1.6 6.5 4.4 8.9 6.1 1 0.8 1.6 1.2t1.7 0.9 2 0.4h0.1q0.9 0 2-0.4t1.7-0.9 1.6-1.2q3-2.2 8.9-6.1 1-0.7 1.8-1.6zM32 7.4q0 1.4-0.9 2.7t-2.2 2.2q-6.7 4.7-8.4 5.8-0.2 0.1-0.7 0.5t-1 0.7-0.9 0.6-1.1 0.5-0.9 0.2h-0.1q-0.4 0-0.9-0.2t-1.1-0.5-0.9-0.6-1-0.7-0.7-0.5q-1.6-1.1-4.7-3.2t-3.6-2.6q-1.1-0.7-2.1-2t-1-2.5q0-1.4 0.7-2.3t2.1-0.9h26.3q1.2 0 2 0.8t0.9 2z\"\/><\/svg><\/span><span class=\"shariff-text\">email<\/span>&nbsp;<\/a><\/li><\/ul><\/div><\/p><\/div>\n<\/div>        <\/div>\n    <\/div>\n    <div class=\"bottom_corner_body\"><\/div>\n<\/section><\/p>","protected":false},"excerpt":{"rendered":"<p>69da7a58c9f14 IT-Customer Service (m\/w\/d) F\u00fcr unseren 1st Level Support Was wir Dir bieten eine attraktive &#8230;<\/p>","protected":false},"author":2,"featured_media":0,"parent":8785,"menu_order":4,"comment_status":"closed","ping_status":"closed","template":"page-templates\/full-width.php","meta":{"footnotes":""},"class_list":["post-15193","page","type-page","status-publish","hentry"],"yoast_head":"<!-- This site is optimized with the Yoast SEO Premium plugin v27.3 (Yoast SEO v27.3) - https:\/\/yoast.com\/product\/yoast-seo-premium-wordpress\/ -->\n<title>Stellenangebot 4 - IT-Customer Service | MS POS<\/title>\n<meta name=\"description\" content=\"Stellenangebot 4: MS POS sucht f\u00fcr Beratung, Einf\u00fchrung, Support einen Mitarbeiter f\u00fcr IT-Customer Service im 1st Level Support.\" \/>\n<meta name=\"robots\" content=\"index, follow, max-snippet:-1, max-image-preview:large, max-video-preview:-1\" \/>\n<link rel=\"canonical\" href=\"https:\/\/ms-pos.net\/en\/unternehmen\/stellenangebot-4\/\" \/>\n<meta property=\"og:locale\" content=\"en_GB\" \/>\n<meta property=\"og:type\" content=\"article\" \/>\n<meta property=\"og:title\" content=\"Stellenangebot 4 - IT-Customer Service | MS POS\" \/>\n<meta property=\"og:description\" content=\"Stellenangebot 4: MS POS sucht f\u00fcr Beratung, Einf\u00fchrung, Support einen Mitarbeiter f\u00fcr IT-Customer Service im 1st Level Support.\" \/>\n<meta property=\"og:url\" content=\"https:\/\/ms-pos.net\/en\/unternehmen\/stellenangebot-4\/\" \/>\n<meta property=\"og:site_name\" content=\"MS POS GmbH | Retail und Kassensysteme\" \/>\n<meta property=\"article:modified_time\" content=\"2023-10-10T15:18:49+00:00\" \/>\n<meta name=\"twitter:label1\" content=\"Estimated reading time\" \/>\n\t<meta name=\"twitter:data1\" content=\"2 minutes\" \/>\n<script type=\"application\/ld+json\" class=\"yoast-schema-graph\">{\"@context\":\"https:\\\/\\\/schema.org\",\"@graph\":[{\"@type\":\"WebPage\",\"@id\":\"https:\\\/\\\/ms-pos.net\\\/unternehmen\\\/stellenangebot-4\",\"url\":\"https:\\\/\\\/ms-pos.net\\\/unternehmen\\\/stellenangebot-4\",\"name\":\"Stellenangebot 4 - IT-Customer Service | MS POS\",\"isPartOf\":{\"@id\":\"https:\\\/\\\/ms-pos.net\\\/en\\\/#website\"},\"datePublished\":\"2022-02-09T09:35:53+00:00\",\"dateModified\":\"2023-10-10T15:18:49+00:00\",\"description\":\"Stellenangebot 4: MS POS sucht f\u00fcr Beratung, Einf\u00fchrung, Support einen Mitarbeiter f\u00fcr IT-Customer Service im 1st Level Support.\",\"breadcrumb\":{\"@id\":\"https:\\\/\\\/ms-pos.net\\\/unternehmen\\\/stellenangebot-4#breadcrumb\"},\"inLanguage\":\"en-GB\",\"potentialAction\":[{\"@type\":\"ReadAction\",\"target\":[\"https:\\\/\\\/ms-pos.net\\\/unternehmen\\\/stellenangebot-4\"]}]},{\"@type\":\"BreadcrumbList\",\"@id\":\"https:\\\/\\\/ms-pos.net\\\/unternehmen\\\/stellenangebot-4#breadcrumb\",\"itemListElement\":[{\"@type\":\"ListItem\",\"position\":1,\"name\":\"Startseite\",\"item\":\"https:\\\/\\\/ms-pos.net\\\/\"},{\"@type\":\"ListItem\",\"position\":2,\"name\":\"Unternehmen\",\"item\":\"https:\\\/\\\/ms-pos.net\\\/unternehmen\"},{\"@type\":\"ListItem\",\"position\":3,\"name\":\"Stellenangebot 4\"}]},{\"@type\":\"WebSite\",\"@id\":\"https:\\\/\\\/ms-pos.net\\\/en\\\/#website\",\"url\":\"https:\\\/\\\/ms-pos.net\\\/en\\\/\",\"name\":\"MS POS GmbH | Retail und Kassensysteme\",\"description\":\"\",\"publisher\":{\"@id\":\"https:\\\/\\\/ms-pos.net\\\/en\\\/#organization\"},\"potentialAction\":[{\"@type\":\"SearchAction\",\"target\":{\"@type\":\"EntryPoint\",\"urlTemplate\":\"https:\\\/\\\/ms-pos.net\\\/en\\\/?s={search_term_string}\"},\"query-input\":{\"@type\":\"PropertyValueSpecification\",\"valueRequired\":true,\"valueName\":\"search_term_string\"}}],\"inLanguage\":\"en-GB\"},{\"@type\":\"Organization\",\"@id\":\"https:\\\/\\\/ms-pos.net\\\/en\\\/#organization\",\"name\":\"MS POS\",\"url\":\"https:\\\/\\\/ms-pos.net\\\/en\\\/\",\"logo\":{\"@type\":\"ImageObject\",\"inLanguage\":\"en-GB\",\"@id\":\"https:\\\/\\\/ms-pos.net\\\/en\\\/#\\\/schema\\\/logo\\\/image\\\/\",\"url\":\"https:\\\/\\\/ms-pos.net\\\/wp-content\\\/uploads\\\/2020\\\/06\\\/MS-POS-Logo.png\",\"contentUrl\":\"https:\\\/\\\/ms-pos.net\\\/wp-content\\\/uploads\\\/2020\\\/06\\\/MS-POS-Logo.png\",\"width\":539,\"height\":171,\"caption\":\"MS POS\"},\"image\":{\"@id\":\"https:\\\/\\\/ms-pos.net\\\/en\\\/#\\\/schema\\\/logo\\\/image\\\/\"}}]}<\/script>\n<!-- \/ Yoast SEO Premium plugin. -->","yoast_head_json":{"title":"Stellenangebot 4 - IT-Customer Service | MS POS","description":"Stellenangebot 4: MS POS sucht f\u00fcr Beratung, Einf\u00fchrung, Support einen Mitarbeiter f\u00fcr IT-Customer Service im 1st Level Support.","robots":{"index":"index","follow":"follow","max-snippet":"max-snippet:-1","max-image-preview":"max-image-preview:large","max-video-preview":"max-video-preview:-1"},"canonical":"https:\/\/ms-pos.net\/en\/unternehmen\/stellenangebot-4\/","og_locale":"en_GB","og_type":"article","og_title":"Stellenangebot 4 - IT-Customer Service | MS POS","og_description":"Stellenangebot 4: MS POS sucht f\u00fcr Beratung, Einf\u00fchrung, Support einen Mitarbeiter f\u00fcr IT-Customer Service im 1st Level Support.","og_url":"https:\/\/ms-pos.net\/en\/unternehmen\/stellenangebot-4\/","og_site_name":"MS POS GmbH | Retail und Kassensysteme","article_modified_time":"2023-10-10T15:18:49+00:00","twitter_misc":{"Estimated reading time":"2 minutes"},"schema":{"@context":"https:\/\/schema.org","@graph":[{"@type":"WebPage","@id":"https:\/\/ms-pos.net\/unternehmen\/stellenangebot-4","url":"https:\/\/ms-pos.net\/unternehmen\/stellenangebot-4","name":"Stellenangebot 4 - IT-Customer Service | MS POS","isPartOf":{"@id":"https:\/\/ms-pos.net\/en\/#website"},"datePublished":"2022-02-09T09:35:53+00:00","dateModified":"2023-10-10T15:18:49+00:00","description":"Stellenangebot 4: MS POS sucht f\u00fcr Beratung, Einf\u00fchrung, Support einen Mitarbeiter f\u00fcr IT-Customer Service im 1st Level Support.","breadcrumb":{"@id":"https:\/\/ms-pos.net\/unternehmen\/stellenangebot-4#breadcrumb"},"inLanguage":"en-GB","potentialAction":[{"@type":"ReadAction","target":["https:\/\/ms-pos.net\/unternehmen\/stellenangebot-4"]}]},{"@type":"BreadcrumbList","@id":"https:\/\/ms-pos.net\/unternehmen\/stellenangebot-4#breadcrumb","itemListElement":[{"@type":"ListItem","position":1,"name":"Startseite","item":"https:\/\/ms-pos.net\/"},{"@type":"ListItem","position":2,"name":"Unternehmen","item":"https:\/\/ms-pos.net\/unternehmen"},{"@type":"ListItem","position":3,"name":"Stellenangebot 4"}]},{"@type":"WebSite","@id":"https:\/\/ms-pos.net\/en\/#website","url":"https:\/\/ms-pos.net\/en\/","name":"MS POS GmbH | Retail und Kassensysteme","description":"","publisher":{"@id":"https:\/\/ms-pos.net\/en\/#organization"},"potentialAction":[{"@type":"SearchAction","target":{"@type":"EntryPoint","urlTemplate":"https:\/\/ms-pos.net\/en\/?s={search_term_string}"},"query-input":{"@type":"PropertyValueSpecification","valueRequired":true,"valueName":"search_term_string"}}],"inLanguage":"en-GB"},{"@type":"Organization","@id":"https:\/\/ms-pos.net\/en\/#organization","name":"MS POS","url":"https:\/\/ms-pos.net\/en\/","logo":{"@type":"ImageObject","inLanguage":"en-GB","@id":"https:\/\/ms-pos.net\/en\/#\/schema\/logo\/image\/","url":"https:\/\/ms-pos.net\/wp-content\/uploads\/2020\/06\/MS-POS-Logo.png","contentUrl":"https:\/\/ms-pos.net\/wp-content\/uploads\/2020\/06\/MS-POS-Logo.png","width":539,"height":171,"caption":"MS POS"},"image":{"@id":"https:\/\/ms-pos.net\/en\/#\/schema\/logo\/image\/"}}]}},"_links":{"self":[{"href":"https:\/\/ms-pos.net\/en\/wp-json\/wp\/v2\/pages\/15193","targetHints":{"allow":["GET"]}}],"collection":[{"href":"https:\/\/ms-pos.net\/en\/wp-json\/wp\/v2\/pages"}],"about":[{"href":"https:\/\/ms-pos.net\/en\/wp-json\/wp\/v2\/types\/page"}],"author":[{"embeddable":true,"href":"https:\/\/ms-pos.net\/en\/wp-json\/wp\/v2\/users\/2"}],"replies":[{"embeddable":true,"href":"https:\/\/ms-pos.net\/en\/wp-json\/wp\/v2\/comments?post=15193"}],"version-history":[{"count":11,"href":"https:\/\/ms-pos.net\/en\/wp-json\/wp\/v2\/pages\/15193\/revisions"}],"predecessor-version":[{"id":16820,"href":"https:\/\/ms-pos.net\/en\/wp-json\/wp\/v2\/pages\/15193\/revisions\/16820"}],"up":[{"embeddable":true,"href":"https:\/\/ms-pos.net\/en\/wp-json\/wp\/v2\/pages\/8785"}],"wp:attachment":[{"href":"https:\/\/ms-pos.net\/en\/wp-json\/wp\/v2\/media?parent=15193"}],"curies":[{"name":"wp","href":"https:\/\/api.w.org\/{rel}","templated":true}]}}