{"id":17353,"date":"2023-10-30T11:15:38","date_gmt":"2023-10-30T10:15:38","guid":{"rendered":"https:\/\/ms-pos.net\/?page_id=17353"},"modified":"2024-02-01T15:14:08","modified_gmt":"2024-02-01T14:14:08","slug":"eurocis-2024","status":"publish","type":"page","link":"https:\/\/ms-pos.net\/en\/eurocis-2024","title":{"rendered":"EuroCIS 2024"},"content":{"rendered":"<p><section  id=\"section-61309df\" class=\"fw-main-row section  ls section_padding_top_0 section_padding_bottom_0 columns_padding_0 horizontal-paddings-0 background_cover\" >\n        <h3 class=\"hidden\"> eurocis1<\/h3>\n        <div class=\"top_corner_body\"><\/div>\n\t    <div class=\"container\">\n        <div class=\"row\">\n\t\t\t<div  id=\"column-a32f476\" class=\"col-xs-12 left fw-column\"  >\n\t\n\t<div class=\"fw-divider-space\" style=\"margin-top: 60px;\"><\/div>\n\n<div class=\"special-heading text-center\">\n        <h3    class=\"section_header margin_0\">\n        <span class=\"highlight2 text-transform-none regular\">\n\t\tSchedule a meeting at EuroCIS 2024\t<\/span>\n<\/h3>\n<\/div>\n\n\t<div class=\"fw-divider-space\" style=\"margin-top: 60px;\"><\/div>\n\n<div class=\"img-wrap\"><img decoding=\"async\" src=\"https:\/\/ms-pos.net\/wp-content\/uploads\/2023\/11\/PNG_Headerfoto-fuer-Landingpage-EuroCIS_en.png\" alt=\"\/\/ms-pos.net\/wp-content\/uploads\/2023\/11\/PNG_EuroCIS-2024_Headerfoto-fuer-Landingpage.png\" width=\"1140\" \/><\/div><\/div>        <\/div>\n    <\/div>\n    <div class=\"bottom_corner_body\"><\/div>\n<\/section><section  id=\"section-9a90f88\" class=\"fw-main-row section  ls section_padding_top_50 section_padding_bottom_30 columns_padding_15 horizontal-paddings-0\" >\n        <h3 class=\"hidden\"> eurocis2<\/h3>\n        <div class=\"top_corner_body\"><\/div>\n\t    <div class=\"container\">\n        <div class=\"row\">\n\t\t\t<div  id=\"column-def9ff8\" class=\"col-xs-12 left fw-column\"  >\n\t<div class=\"special-heading text-center text-center-mobile\">\n        <h4    class=\"section_header margin_0\">\n        <span class=\"highlight text-transform-none medium\">\n\t\tOur solutions best suited for your success\t<\/span>\n<\/h4>\n<\/div>\n\n\t<div class=\"fw-divider-space\" style=\"margin-top: 30px;\"><\/div>\n\n<\/div><div  id=\"column-08c684e\" class=\"col-xs-12 col-md-3 text-left left fw-column\"  >\n\t<div class=\"img-wrap\"><img decoding=\"async\" src=\"\/\/ms-pos.net\/wp-content\/uploads\/2023\/11\/eurocis-cegid-1.jpg\" alt=\"\/\/ms-pos.net\/wp-content\/uploads\/2023\/11\/eurocis-cegid-1.jpg\" \/><\/div><div class=\"simple-list eurocis-padding orange\">\n\t    <ul class=\"no-bullets\">\n\t\t            <li class=\"list-item\">\n\t\t\t\t\t                                        Localised for more than +75 countries\t\t\t\t\t\t\t\t\t            <\/li>\n\t\t            <li class=\"list-item\">\n\t\t\t\t\t                                        Live Store as a modern, platform-independent frontend\t\t\t\t\t\t\t\t\t            <\/li>\n\t\t            <li class=\"list-item\">\n\t\t\t\t\t                                        Extensive functionalities including store merchandise management\t\t\t\t\t\t\t\t\t            <\/li>\n\t\t    <\/ul>\n<\/div><\/div><div  id=\"column-006120b\" class=\"col-xs-12 col-md-3 text-left left fw-column\"  >\n\t<div class=\"img-wrap\"><img decoding=\"async\" src=\"\/\/ms-pos.net\/wp-content\/uploads\/2023\/11\/eurocis-possible-1.jpg\" alt=\"\/\/ms-pos.net\/wp-content\/uploads\/2023\/11\/eurocis-possible-1.jpg\" \/><\/div><div class=\"simple-list eurocis-padding orange\">\n\t    <ul class=\"no-bullets\">\n\t\t            <li class=\"list-item\">\n\t\t\t\t\t                                        Pure POS solution - individual, flexible, scalable\t\t\t\t\t\t\t\t\t            <\/li>\n\t\t            <li class=\"list-item\">\n\t\t\t\t\t                                        State-of-art architecture\t\t\t\t\t\t\t\t\t            <\/li>\n\t\t            <li class=\"list-item\">\n\t\t\t\t\t                                        Cloud - hybrid - on prem - everything possible\t\t\t\t\t\t\t\t\t            <\/li>\n\t\t    <\/ul>\n<\/div><\/div><div  id=\"column-6f5f3eb\" class=\"col-xs-12 col-md-3 text-left left fw-column\"  >\n\t<div class=\"img-wrap\"><img decoding=\"async\" src=\"\/\/ms-pos.net\/wp-content\/uploads\/2023\/11\/eurocis-dynamics.jpg\" alt=\"\/\/ms-pos.net\/wp-content\/uploads\/2023\/11\/eurocis-dynamics.jpg\" \/><\/div><div class=\"simple-list eurocis-padding orange\">\n\t    <ul class=\"no-bullets\">\n\t\t            <li class=\"list-item\">\n\t\t\t\t\t                                        ERP Enterprise Platform\t\t\t\t\t\t\t\t\t            <\/li>\n\t\t            <li class=\"list-item\">\n\t\t\t\t\t                                        Integrated Retail Module \t\t\t\t\t\t\t\t\t            <\/li>\n\t\t            <li class=\"list-item\">\n\t\t\t\t\t                                        Individually configurable through modern technology and Power Apps\t\t\t\t\t\t\t\t\t            <\/li>\n\t\t    <\/ul>\n<\/div><\/div><div  id=\"column-8fc62cd\" class=\"col-xs-12 col-md-3 text-left left fw-column\"  >\n\t<div class=\"img-wrap\"><img decoding=\"async\" src=\"\/\/ms-pos.net\/wp-content\/uploads\/2024\/01\/eurocis-untill.jpg\" alt=\"\/\/ms-pos.net\/wp-content\/uploads\/2024\/01\/eurocis-untill.jpg\" \/><\/div><div class=\"simple-list eurocis-padding orange\">\n\t    <ul class=\"no-bullets\">\n\t\t            <li class=\"list-item\">\n\t\t\t\t\t                                        Hospitality platform\t\t\t\t\t\t\t\t\t            <\/li>\n\t\t            <li class=\"list-item\">\n\t\t\t\t\t                                        Developed for restaurants, hotels, bars, system gastronomy, self-service systems and many more \t\t\t\t\t\t\t\t\t            <\/li>\n\t\t            <li class=\"list-item\">\n\t\t\t\t\t                                        Extensive add-ons, flexible API\t\t\t\t\t\t\t\t\t            <\/li>\n\t\t    <\/ul>\n<\/div><\/div>        <\/div>\n    <\/div>\n    <div class=\"bottom_corner_body\"><\/div>\n<\/section><section  id=\"section-f7fe526\" class=\"fw-main-row section  ls section_padding_top_0 section_padding_bottom_0 columns_padding_0 horizontal-paddings-0 background_cover\" >\n        <h3 class=\"hidden\"> eurocis3<\/h3>\n        <div class=\"top_corner_body\"><\/div>\n\t    <div class=\"container\">\n        <div class=\"row\">\n\t\t\t<div  id=\"column-7159385\" class=\"col-xs-12 left fw-column\"  >\n\t<div class=\"text-block shortcode\">\n\t<p>\n<div class=\"wpcf7 no-js\" id=\"wpcf7-f17352-o1\" lang=\"de-DE\" dir=\"ltr\" data-wpcf7-id=\"17352\">\n<div class=\"screen-reader-response\"><p role=\"status\" aria-live=\"polite\" aria-atomic=\"true\"><\/p> <ul><\/ul><\/div>\n<form action=\"\/en\/wp-json\/wp\/v2\/pages\/17353#wpcf7-f17352-o1\" method=\"post\" class=\"wpcf7-form init\" aria-label=\"Contact form\" novalidate=\"novalidate\" data-status=\"init\" data-trp-original-action=\"\/en\/wp-json\/wp\/v2\/pages\/17353#wpcf7-f17352-o1\">\n<fieldset class=\"hidden-fields-container\"><input type=\"hidden\" name=\"_wpcf7\" value=\"17352\" \/><input type=\"hidden\" name=\"_wpcf7_version\" value=\"6.1.5\" \/><input type=\"hidden\" name=\"_wpcf7_locale\" value=\"de_DE\" \/><input type=\"hidden\" name=\"_wpcf7_unit_tag\" value=\"wpcf7-f17352-o1\" \/><input type=\"hidden\" name=\"_wpcf7_container_post\" value=\"0\" \/><input type=\"hidden\" name=\"_wpcf7_posted_data_hash\" value=\"\" \/><input type=\"hidden\" name=\"_wpcf7cf_hidden_group_fields\" value=\"[]\" \/><input type=\"hidden\" name=\"_wpcf7cf_hidden_groups\" value=\"[]\" \/><input type=\"hidden\" name=\"_wpcf7cf_visible_groups\" value=\"[]\" \/><input type=\"hidden\" name=\"_wpcf7cf_repeaters\" value=\"[]\" \/><input type=\"hidden\" name=\"_wpcf7cf_steps\" value=\"{}\" \/><input type=\"hidden\" name=\"_wpcf7cf_options\" value=\"{&quot;form_id&quot;:17352,&quot;conditions&quot;:[],&quot;settings&quot;:{&quot;animation&quot;:&quot;yes&quot;,&quot;animation_intime&quot;:200,&quot;animation_outtime&quot;:200,&quot;conditions_ui&quot;:&quot;normal&quot;,&quot;notice_dismissed&quot;:false}}\" \/>\n<\/fieldset>\n<div class=\"wps-form\">\n\n <!-- Zeile 1 -->\n\t<div class=\"wps-form-row\">\n\n <!-- Spalte 1 -->\n\t\t<div class=\"wps-form-column\">\n\t\t\t<p><span class=\"wpcf7-form-control-wrap\" data-name=\"your-name\"><input size=\"40\" maxlength=\"400\" class=\"wpcf7-form-control wpcf7-text wpcf7-validates-as-required\" aria-required=\"true\" aria-invalid=\"false\" placeholder=\"Name *\" value=\"\" type=\"text\" name=\"your-name\" \/><\/span>\n\t\t\t<\/p>\n\t\t<\/div>\n\n <!-- Spalte 2 -->\n\t\t<div class=\"wps-form-column\">\n\t\t\t<p><span class=\"wpcf7-form-control-wrap\" data-name=\"your-email\"><input size=\"40\" maxlength=\"400\" class=\"wpcf7-form-control wpcf7-email wpcf7-validates-as-required wpcf7-text wpcf7-validates-as-email\" aria-required=\"true\" aria-invalid=\"false\" placeholder=\"Email address *\" value=\"\" type=\"email\" name=\"your-email\" \/><\/span>\n\t\t\t<\/p>\n\t\t<\/div>\n\t<\/div>\n <!-- Ende der Zeile 1 -->\n\n <!-- Zeile 2 -->\n\t<div class=\"wps-form-row\">\n\n <!-- Spalte 1 -->\n\t\t<div class=\"wps-form-column\">\n\t\t\t<p><span class=\"wpcf7-form-control-wrap\" data-name=\"your-company\"><input size=\"40\" maxlength=\"400\" class=\"wpcf7-form-control wpcf7-text wpcf7-validates-as-required\" aria-required=\"true\" aria-invalid=\"false\" placeholder=\"Company *\" value=\"\" type=\"text\" name=\"your-company\" \/><\/span>\n\t\t\t<\/p>\n\t\t<\/div>\n\n <!-- Spalte 2 -->\n\t\t<div class=\"wps-form-column\">\n\t\t\t<p><span class=\"wpcf7-form-control-wrap\" data-name=\"your-phone\"><input size=\"40\" maxlength=\"400\" class=\"wpcf7-form-control wpcf7-text\" aria-invalid=\"false\" placeholder=\"Phone number\" value=\"\" type=\"text\" name=\"your-phone\" \/><\/span>\n\t\t\t<\/p>\n\t\t<\/div>\n\t<\/div>\n <!-- Ende der Zeile 2 -->\n\n <!-- Zeile 3 -->\n\t<div class=\"wps-form-row\">\n\n <!-- Spalte 1 -->\n\t\t<div class=\"wps-form-column\">\n\t\t\t<p>My preferred date for a face to face at the exhibition booth at EuroCIS:<br \/>\n<span class=\"wpcf7-form-control-wrap\" data-name=\"termin-checkbox\"><span class=\"wpcf7-form-control wpcf7-checkbox\"><span class=\"wpcf7-list-item first\"><label><input type=\"checkbox\" name=\"termin-checkbox[]\" value=\"Dienstag, 27.02.2024\" \/><span class=\"wpcf7-list-item-label\">Tue 27-02-2024<\/span><\/label><\/span><span class=\"wpcf7-list-item\"><label><input type=\"checkbox\" name=\"termin-checkbox[]\" value=\"Mittwoch, 28.02.2024\" \/><span class=\"wpcf7-list-item-label\">Wed 28-02-2024<\/span><\/label><\/span><span class=\"wpcf7-list-item last\"><label><input type=\"checkbox\" name=\"termin-checkbox[]\" value=\"Donnerstag, 29.02.2024\" \/><span class=\"wpcf7-list-item-label\">Thursday 29-02-2024<\/span><\/label><\/span><\/span><\/span><br \/>\n<span class=\"wpcf7-form-control-wrap\" data-name=\"ticket-checkbox\"><span class=\"wpcf7-form-control wpcf7-checkbox\"><span class=\"wpcf7-list-item first last\"><label><input type=\"checkbox\" name=\"ticket-checkbox[]\" value=\"Ja, ich habe Interesse an einem kostenfreien Messeticket.\" \/><span class=\"wpcf7-list-item-label\">Yes, I am interested in a free fair ticket.<\/span><\/label><\/span><\/span><\/span><br \/>\n<span class=\"wpcf7-form-control-wrap\" data-name=\"kontakt-checkbox\"><span class=\"wpcf7-form-control wpcf7-checkbox\"><span class=\"wpcf7-list-item first last\"><label><input type=\"checkbox\" name=\"kontakt-checkbox[]\" value=\"Ich habe keine Zeit f\u00fcr einen Messetermin, w\u00fcrde aber gern Ihr Beratungsangebot nutzen. Bitte kontaktieren Sie mich!\" \/><span class=\"wpcf7-list-item-label\">I don't have time for an appointment at the fair, but would like to know more about your consulting offer. Please contact me!<\/span><\/label><\/span><\/span><\/span>\n\t\t\t<\/p>\n\t\t<\/div>\n\t<\/div>\n <!-- Ende der Zeile 3 -->\n\n <!-- Zeile 6 -->\n\t<div class=\"wps-form-row\">\n\n <!-- Spalte 1 -->\n\t\t<div class=\"wps-form-column\">\n\t\t\t<p><span class=\"wpcf7-form-control-wrap\" data-name=\"your-message\"><textarea cols=\"40\" rows=\"10\" maxlength=\"2000\" class=\"wpcf7-form-control wpcf7-textarea\" aria-invalid=\"false\" placeholder=\"Your message to us\" name=\"your-message\"><\/textarea><\/span>\n\t\t\t<\/p>\n\t\t<\/div>\n\t<\/div>\n <!-- Ende der Zeile 6 -->\n\n <!-- Zeile 4 -->\n\t<div class=\"wps-form-row\">\n\n <!-- Spalte 1 -->\n\t\t<div class=\"wps-form-column\">\n\t\t\t<p><br \/>\n* Required field\n\t\t\t<\/p>\n\t\t\t<p><strong>Privacy policy<\/strong><br \/>\nYour request will be sent encrypted via https to our server. We will use your information to answer your request. Here you will find our privacy policy <a href=\"https:\/\/ms-pos.net\/en\/datenschutz\/\">Private Policy Declaration<\/a>.\n\t\t\t<\/p>\n\t\t<\/div>\n\t<\/div>\n\n <!-- Zeile 7 -->\n\t<div class=\"wps-form-row\">\n\n\n <!-- Spalte 1 -->\n\t\t<div class=\"wps-form-column\">\n\t\t\t<p><input class=\"wpcf7-form-control wpcf7-submit has-spinner\" type=\"submit\" value=\"Send\" \/>\n\t\t\t<\/p>\n\t\t<\/div>\n <!-- Spalte 2 -->\n\t\t<div class=\"wps-form-column\">\n\t\t<\/div>\n <!-- Spalte 3 -->\n\t\t<div class=\"wps-form-column\">\n\t\t<\/div>\n <!-- Spalte 4 -->\n\t\t<div class=\"wps-form-column\">\n\t\t<\/div>\n\t<\/div>\n <!-- Ende der Zeile 7 -->\n<\/div><div class=\"frc-captcha dark\" data-sitekey=\"FCMQ232L4K61C68E\" data-lang=\"de\" ><\/div>\n\t\t<noscript>You need to enable Javascript for the anti-spam check.<\/noscript><div class=\"wpcf7-response-output\" aria-hidden=\"true\"><\/div>\n<input type=\"hidden\" name=\"trp-form-language\" value=\"en\"\/><\/form>\n<\/div>\n<\/p><\/div>\n<\/div>        <\/div>\n    <\/div>\n    <div class=\"bottom_corner_body\"><\/div>\n<\/section><section  id=\"section-da45c9d\" class=\"fw-main-row section  ls section_padding_top_0 section_padding_bottom_0 columns_padding_0 horizontal-paddings-0\" >\n        <h3 class=\"hidden\">69e10d51ad79b<\/h3>\n        <div class=\"top_corner_body\"><\/div>\n\t    <div class=\"container\">\n        <div class=\"row\">\n\t\t\t<div  id=\"column-1a980ce\" class=\"col-xs-12 text-center left fw-column\"  >\n\t<div class=\"img-wrap\"><img decoding=\"async\" src=\"https:\/\/ms-pos.net\/wp-content\/uploads\/2024\/02\/Stand_EuroCIS_en.jpg\" alt=\"\/\/ms-pos.net\/wp-content\/uploads\/2024\/02\/Stand_EuroCIS_de.jpg\" \/><\/div><\/div>        <\/div>\n    <\/div>\n    <div class=\"bottom_corner_body\"><\/div>\n<\/section><\/p>","protected":false},"excerpt":{"rendered":"<p>eurocis1 Gespr\u00e4chstermin auf der EuroCIS 2024 vereinbaren eurocis2 Unsere L\u00f6sungen f\u00fcr Ihren Erfolg Lokalisierung in &#8230;<\/p>","protected":false},"author":2,"featured_media":0,"parent":0,"menu_order":0,"comment_status":"closed","ping_status":"closed","template":"page-templates\/full-width.php","meta":{"footnotes":""},"class_list":["post-17353","page","type-page","status-publish","hentry"],"yoast_head":"<!-- This site is optimized with the Yoast SEO Premium plugin v27.4 (Yoast SEO v27.4) - https:\/\/yoast.com\/product\/yoast-seo-premium-wordpress\/ -->\n<title>EuroCIS 2024 - Termin vereinbaren | MS POS<\/title>\n<meta name=\"description\" content=\"EuroCIS 2024 - Termin vereinbaren bei MS POS: Vereinbaren Sie noch heute einen Termin f\u00fcr diese Messe. Wir freuen uns auf Sie!\" \/>\n<meta name=\"robots\" content=\"index, follow, max-snippet:-1, max-image-preview:large, max-video-preview:-1\" \/>\n<link rel=\"canonical\" href=\"https:\/\/ms-pos.net\/en\/eurocis-2024\/\" \/>\n<meta property=\"og:locale\" content=\"en_GB\" \/>\n<meta property=\"og:type\" content=\"article\" \/>\n<meta property=\"og:title\" content=\"EuroShop 2023 - Termin vereinbaren | MS POS\" \/>\n<meta property=\"og:description\" content=\"EuroShop 2023 - Termin vereinbaren bei MS POS: Vereinbaren Sie noch heute einen Termin f\u00fcr diese Messe. Wir freuen uns auf Sie!\" \/>\n<meta property=\"og:url\" content=\"https:\/\/ms-pos.net\/en\/eurocis-2024\/\" \/>\n<meta property=\"og:site_name\" content=\"MS POS GmbH | Retail und Kassensysteme\" \/>\n<meta property=\"article:modified_time\" content=\"2024-02-01T14:14:08+00:00\" \/>\n<meta property=\"og:image\" content=\"https:\/\/ms-pos.net\/wp-content\/uploads\/2023\/03\/EuroShop-2023_klein.jpg\" \/>\n\t<meta property=\"og:image:width\" content=\"940\" \/>\n\t<meta property=\"og:image:height\" content=\"294\" \/>\n\t<meta property=\"og:image:type\" content=\"image\/jpeg\" \/>\n<meta name=\"twitter:label1\" content=\"Estimated reading time\" \/>\n\t<meta name=\"twitter:data1\" content=\"2 minutes\" \/>\n<script type=\"application\/ld+json\" class=\"yoast-schema-graph\">{\"@context\":\"https:\\\/\\\/schema.org\",\"@graph\":[{\"@type\":\"WebPage\",\"@id\":\"https:\\\/\\\/ms-pos.net\\\/eurocis-2024\",\"url\":\"https:\\\/\\\/ms-pos.net\\\/eurocis-2024\",\"name\":\"EuroCIS 2024 - Termin vereinbaren | MS POS\",\"isPartOf\":{\"@id\":\"https:\\\/\\\/ms-pos.net\\\/en\\\/#website\"},\"datePublished\":\"2023-10-30T10:15:38+00:00\",\"dateModified\":\"2024-02-01T14:14:08+00:00\",\"description\":\"EuroCIS 2024 - Termin vereinbaren bei MS POS: Vereinbaren Sie noch heute einen Termin f\u00fcr diese Messe. Wir freuen uns auf Sie!\",\"breadcrumb\":{\"@id\":\"https:\\\/\\\/ms-pos.net\\\/eurocis-2024#breadcrumb\"},\"inLanguage\":\"en-GB\",\"potentialAction\":[{\"@type\":\"ReadAction\",\"target\":[\"https:\\\/\\\/ms-pos.net\\\/eurocis-2024\"]}]},{\"@type\":\"BreadcrumbList\",\"@id\":\"https:\\\/\\\/ms-pos.net\\\/eurocis-2024#breadcrumb\",\"itemListElement\":[{\"@type\":\"ListItem\",\"position\":1,\"name\":\"Startseite\",\"item\":\"https:\\\/\\\/ms-pos.net\\\/\"},{\"@type\":\"ListItem\",\"position\":2,\"name\":\"EuroCIS 2024\"}]},{\"@type\":\"WebSite\",\"@id\":\"https:\\\/\\\/ms-pos.net\\\/en\\\/#website\",\"url\":\"https:\\\/\\\/ms-pos.net\\\/en\\\/\",\"name\":\"MS POS GmbH | Retail und Kassensysteme\",\"description\":\"\",\"publisher\":{\"@id\":\"https:\\\/\\\/ms-pos.net\\\/en\\\/#organization\"},\"potentialAction\":[{\"@type\":\"SearchAction\",\"target\":{\"@type\":\"EntryPoint\",\"urlTemplate\":\"https:\\\/\\\/ms-pos.net\\\/en\\\/?s={search_term_string}\"},\"query-input\":{\"@type\":\"PropertyValueSpecification\",\"valueRequired\":true,\"valueName\":\"search_term_string\"}}],\"inLanguage\":\"en-GB\"},{\"@type\":\"Organization\",\"@id\":\"https:\\\/\\\/ms-pos.net\\\/en\\\/#organization\",\"name\":\"MS POS\",\"url\":\"https:\\\/\\\/ms-pos.net\\\/en\\\/\",\"logo\":{\"@type\":\"ImageObject\",\"inLanguage\":\"en-GB\",\"@id\":\"https:\\\/\\\/ms-pos.net\\\/en\\\/#\\\/schema\\\/logo\\\/image\\\/\",\"url\":\"https:\\\/\\\/ms-pos.net\\\/wp-content\\\/uploads\\\/2020\\\/06\\\/MS-POS-Logo.png\",\"contentUrl\":\"https:\\\/\\\/ms-pos.net\\\/wp-content\\\/uploads\\\/2020\\\/06\\\/MS-POS-Logo.png\",\"width\":539,\"height\":171,\"caption\":\"MS POS\"},\"image\":{\"@id\":\"https:\\\/\\\/ms-pos.net\\\/en\\\/#\\\/schema\\\/logo\\\/image\\\/\"}}]}<\/script>\n<!-- \/ Yoast SEO Premium plugin. -->","yoast_head_json":{"title":"EuroCIS 2024 - Termin vereinbaren | MS POS","description":"EuroCIS 2024 - Termin vereinbaren bei MS POS: Vereinbaren Sie noch heute einen Termin f\u00fcr diese Messe. Wir freuen uns auf Sie!","robots":{"index":"index","follow":"follow","max-snippet":"max-snippet:-1","max-image-preview":"max-image-preview:large","max-video-preview":"max-video-preview:-1"},"canonical":"https:\/\/ms-pos.net\/en\/eurocis-2024\/","og_locale":"en_GB","og_type":"article","og_title":"EuroShop 2023 - Termin vereinbaren | MS POS","og_description":"EuroShop 2023 - Termin vereinbaren bei MS POS: Vereinbaren Sie noch heute einen Termin f\u00fcr diese Messe. Wir freuen uns auf Sie!","og_url":"https:\/\/ms-pos.net\/en\/eurocis-2024\/","og_site_name":"MS POS GmbH | Retail und Kassensysteme","article_modified_time":"2024-02-01T14:14:08+00:00","og_image":[{"width":940,"height":294,"url":"https:\/\/ms-pos.net\/wp-content\/uploads\/2023\/03\/EuroShop-2023_klein.jpg","type":"image\/jpeg"}],"twitter_misc":{"Estimated reading time":"2 minutes"},"schema":{"@context":"https:\/\/schema.org","@graph":[{"@type":"WebPage","@id":"https:\/\/ms-pos.net\/eurocis-2024","url":"https:\/\/ms-pos.net\/eurocis-2024","name":"EuroCIS 2024 - Termin vereinbaren | MS POS","isPartOf":{"@id":"https:\/\/ms-pos.net\/en\/#website"},"datePublished":"2023-10-30T10:15:38+00:00","dateModified":"2024-02-01T14:14:08+00:00","description":"EuroCIS 2024 - Termin vereinbaren bei MS POS: Vereinbaren Sie noch heute einen Termin f\u00fcr diese Messe. Wir freuen uns auf Sie!","breadcrumb":{"@id":"https:\/\/ms-pos.net\/eurocis-2024#breadcrumb"},"inLanguage":"en-GB","potentialAction":[{"@type":"ReadAction","target":["https:\/\/ms-pos.net\/eurocis-2024"]}]},{"@type":"BreadcrumbList","@id":"https:\/\/ms-pos.net\/eurocis-2024#breadcrumb","itemListElement":[{"@type":"ListItem","position":1,"name":"Startseite","item":"https:\/\/ms-pos.net\/"},{"@type":"ListItem","position":2,"name":"EuroCIS 2024"}]},{"@type":"WebSite","@id":"https:\/\/ms-pos.net\/en\/#website","url":"https:\/\/ms-pos.net\/en\/","name":"MS POS GmbH | Retail und Kassensysteme","description":"","publisher":{"@id":"https:\/\/ms-pos.net\/en\/#organization"},"potentialAction":[{"@type":"SearchAction","target":{"@type":"EntryPoint","urlTemplate":"https:\/\/ms-pos.net\/en\/?s={search_term_string}"},"query-input":{"@type":"PropertyValueSpecification","valueRequired":true,"valueName":"search_term_string"}}],"inLanguage":"en-GB"},{"@type":"Organization","@id":"https:\/\/ms-pos.net\/en\/#organization","name":"MS POS","url":"https:\/\/ms-pos.net\/en\/","logo":{"@type":"ImageObject","inLanguage":"en-GB","@id":"https:\/\/ms-pos.net\/en\/#\/schema\/logo\/image\/","url":"https:\/\/ms-pos.net\/wp-content\/uploads\/2020\/06\/MS-POS-Logo.png","contentUrl":"https:\/\/ms-pos.net\/wp-content\/uploads\/2020\/06\/MS-POS-Logo.png","width":539,"height":171,"caption":"MS POS"},"image":{"@id":"https:\/\/ms-pos.net\/en\/#\/schema\/logo\/image\/"}}]}},"_links":{"self":[{"href":"https:\/\/ms-pos.net\/en\/wp-json\/wp\/v2\/pages\/17353","targetHints":{"allow":["GET"]}}],"collection":[{"href":"https:\/\/ms-pos.net\/en\/wp-json\/wp\/v2\/pages"}],"about":[{"href":"https:\/\/ms-pos.net\/en\/wp-json\/wp\/v2\/types\/page"}],"author":[{"embeddable":true,"href":"https:\/\/ms-pos.net\/en\/wp-json\/wp\/v2\/users\/2"}],"replies":[{"embeddable":true,"href":"https:\/\/ms-pos.net\/en\/wp-json\/wp\/v2\/comments?post=17353"}],"version-history":[{"count":75,"href":"https:\/\/ms-pos.net\/en\/wp-json\/wp\/v2\/pages\/17353\/revisions"}],"predecessor-version":[{"id":17936,"href":"https:\/\/ms-pos.net\/en\/wp-json\/wp\/v2\/pages\/17353\/revisions\/17936"}],"wp:attachment":[{"href":"https:\/\/ms-pos.net\/en\/wp-json\/wp\/v2\/media?parent=17353"}],"curies":[{"name":"wp","href":"https:\/\/api.w.org\/{rel}","templated":true}]}}