{"id":17379,"date":"2023-10-31T15:45:08","date_gmt":"2023-10-31T14:45:08","guid":{"rendered":"https:\/\/ms-pos.net\/?page_id=17379"},"modified":"2024-03-05T14:13:18","modified_gmt":"2024-03-05T13:13:18","slug":"internorga-2024","status":"publish","type":"page","link":"https:\/\/ms-pos.net\/en\/internorga-2024","title":{"rendered":"INTERNORGA 2024"},"content":{"rendered":"<p><section  id=\"section-61309df\" class=\"fw-main-row section  ls section_padding_top_0 section_padding_bottom_0 columns_padding_15 horizontal-paddings-0 top_corner_inverse\" >\n        <h3 class=\"hidden\"> internorga1<\/h3>\n        <div class=\"top_corner_body\"><\/div>\n\t    <div class=\"container\">\n        <div class=\"row\">\n\t\t\t<div  id=\"column-a32f476\" class=\"col-xs-12 left fw-column\"  >\n\t\n\t<div class=\"fw-divider-space\" style=\"margin-top: 50px;\"><\/div>\n\n<div class=\"special-heading text-center\">\n        <h4    class=\"section_header margin_0\">\n        <span class=\"highlight text-transform-none regular\">\n\t\tSchedule a meeting at INTERNORGA 2024\t<\/span>\n<\/h4>\n<\/div>\n\n\t<div class=\"fw-divider-space\" style=\"margin-top: 60px;\"><\/div>\n\n<div class=\"img-wrap\"><img decoding=\"async\" src=\"\/\/ms-pos.net\/wp-content\/uploads\/2023\/11\/PNG_Headerfoto-fuer-Landingpage-Internorga_en.png\" alt=\"\/\/ms-pos.net\/wp-content\/uploads\/2023\/11\/PNG_Internorga-2024_Headerfoto-fuer-Landingpage.png\" width=\"1140\" \/><\/div><\/div>        <\/div>\n    <\/div>\n    <div class=\"bottom_corner_body\"><\/div>\n<\/section><section  id=\"section-9a90f88\" class=\"fw-main-row section  ls section_padding_top_50 section_padding_bottom_0 columns_padding_15 horizontal-paddings-0\" >\n        <h3 class=\"hidden\"> internorga2<\/h3>\n        <div class=\"top_corner_body\"><\/div>\n\t    <div class=\"container\">\n        <div class=\"row\">\n\t\t\t<div  id=\"column-def9ff8\" class=\"col-xs-12 left fw-column\"  >\n\t<div class=\"special-heading text-center text-center-mobile\">\n        <h4    class=\"section_header margin_0\">\n        <span class=\"highlight2 text-transform-none medium\">\n\t\tOur solutions best suited for your success\t<\/span>\n<\/h4>\n<\/div>\n<\/div>        <\/div>\n    <\/div>\n    <div class=\"bottom_corner_body\"><\/div>\n<\/section><section  id=\"section-ba8a3a3\" class=\"fw-main-row section  ls section_padding_top_25 section_padding_bottom_30 columns_padding_15 horizontal-paddings-0\" >\n        <h3 class=\"hidden\"> internorga2<\/h3>\n        <div class=\"top_corner_body\"><\/div>\n\t    <div class=\"container\">\n        <div class=\"row\">\n\t\t\t<div  id=\"column-08c684e\" class=\"col-xs-12 col-md-3 text-left ls ms left internorga-padding fw-column\"  >\n\t    <div class=\"padding_10 left\">\n\t\t<div class=\"fw-divider-space divider-75\"><\/div>\n<div class=\"img-wrap\"><img decoding=\"async\" src=\"\/\/ms-pos.net\/wp-content\/uploads\/2023\/12\/unTill-Black.png\" alt=\"\/\/ms-pos.net\/wp-content\/uploads\/2023\/12\/unTill-Black.png\" \/><\/div>    <\/div>\n<\/div><div  id=\"column-50a63d4\" class=\"col-xs-12 col-md-9 ls ms left internorga-padding fw-column\"  >\n\t<div class=\"special-heading text-left\">\n        <h4    class=\"section_header margin_0\">\n        <span class=\"text-transform-none medium\">\n\t\tunTill\u00ae - die digitale Plattform mit umfangreichen Add ons und flexibler API\t<\/span>\n<\/h4>\n<\/div>\n<div class=\"fw-divider-space divider-20 divider-sm-10 divider-md-20 divider-lg-20 divider-xl-20\"><\/div>\n<div class=\"text-block shortcode\">\n\t<p>Developed for restaurants, self-service systems, system gastronomy, bars, hotels and many more.<br \/>As a digital platform, unTill<sup>\u00ae<\/sup> offers a wide range of interfaces to hotel software (PMS), self-ordering systems, voucher\/gift card\/loyalty programmes, payment providers, ERP systems, pager systems as well as safe and deposit systems.<\/p><\/div>\n<\/div>        <\/div>\n    <\/div>\n    <div class=\"bottom_corner_body\"><\/div>\n<\/section><section  id=\"section-ae3a552\" class=\"fw-main-row section  ls section_padding_top_0 section_padding_bottom_0 columns_padding_0 horizontal-paddings-0 background_cover\" >\n        <h3 class=\"hidden\"> internorga3<\/h3>\n        <div class=\"top_corner_body\"><\/div>\n\t    <div class=\"container\">\n        <div class=\"row\">\n\t\t\t<div  id=\"column-4cd9c00\" class=\"col-xs-12 left fw-column\"  >\n\t<div class=\"text-block shortcode\">\n\t<p>\n<div class=\"wpcf7 no-js\" id=\"wpcf7-f17385-o1\" lang=\"de-DE\" dir=\"ltr\" data-wpcf7-id=\"17385\">\n<div class=\"screen-reader-response\"><p role=\"status\" aria-live=\"polite\" aria-atomic=\"true\"><\/p> <ul><\/ul><\/div>\n<form action=\"\/en\/wp-json\/wp\/v2\/pages\/17379#wpcf7-f17385-o1\" method=\"post\" class=\"wpcf7-form init\" aria-label=\"Contact form\" novalidate=\"novalidate\" data-status=\"init\" data-trp-original-action=\"\/en\/wp-json\/wp\/v2\/pages\/17379#wpcf7-f17385-o1\">\n<fieldset class=\"hidden-fields-container\"><input type=\"hidden\" name=\"_wpcf7\" value=\"17385\" \/><input type=\"hidden\" name=\"_wpcf7_version\" value=\"6.1.5\" \/><input type=\"hidden\" name=\"_wpcf7_locale\" value=\"de_DE\" \/><input type=\"hidden\" name=\"_wpcf7_unit_tag\" value=\"wpcf7-f17385-o1\" \/><input type=\"hidden\" name=\"_wpcf7_container_post\" value=\"0\" \/><input type=\"hidden\" name=\"_wpcf7_posted_data_hash\" value=\"\" \/><input type=\"hidden\" name=\"_wpcf7cf_hidden_group_fields\" value=\"[]\" \/><input type=\"hidden\" name=\"_wpcf7cf_hidden_groups\" value=\"[]\" \/><input type=\"hidden\" name=\"_wpcf7cf_visible_groups\" value=\"[]\" \/><input type=\"hidden\" name=\"_wpcf7cf_repeaters\" value=\"[]\" \/><input type=\"hidden\" name=\"_wpcf7cf_steps\" value=\"{}\" \/><input type=\"hidden\" name=\"_wpcf7cf_options\" value=\"{&quot;form_id&quot;:17385,&quot;conditions&quot;:[],&quot;settings&quot;:{&quot;animation&quot;:&quot;yes&quot;,&quot;animation_intime&quot;:200,&quot;animation_outtime&quot;:200,&quot;conditions_ui&quot;:&quot;normal&quot;,&quot;notice_dismissed&quot;:false}}\" \/>\n<\/fieldset>\n<div class=\"wps-form\">\n\n <!-- Zeile 1 -->\n\t<div class=\"wps-form-row\">\n\n <!-- Spalte 1 -->\n\t\t<div class=\"wps-form-column\">\n\t\t\t<p><span class=\"wpcf7-form-control-wrap\" data-name=\"your-name\"><input size=\"40\" maxlength=\"400\" class=\"wpcf7-form-control wpcf7-text wpcf7-validates-as-required\" aria-required=\"true\" aria-invalid=\"false\" placeholder=\"Name *\" value=\"\" type=\"text\" name=\"your-name\" \/><\/span>\n\t\t\t<\/p>\n\t\t<\/div>\n\n <!-- Spalte 2 -->\n\t\t<div class=\"wps-form-column\">\n\t\t\t<p><span class=\"wpcf7-form-control-wrap\" data-name=\"your-email\"><input size=\"40\" maxlength=\"400\" class=\"wpcf7-form-control wpcf7-email wpcf7-validates-as-required wpcf7-text wpcf7-validates-as-email\" aria-required=\"true\" aria-invalid=\"false\" placeholder=\"Email address *\" value=\"\" type=\"email\" name=\"your-email\" \/><\/span>\n\t\t\t<\/p>\n\t\t<\/div>\n\t<\/div>\n <!-- Ende der Zeile 1 -->\n\n <!-- Zeile 2 -->\n\t<div class=\"wps-form-row\">\n\n <!-- Spalte 1 -->\n\t\t<div class=\"wps-form-column\">\n\t\t\t<p><span class=\"wpcf7-form-control-wrap\" data-name=\"your-company\"><input size=\"40\" maxlength=\"400\" class=\"wpcf7-form-control wpcf7-text wpcf7-validates-as-required\" aria-required=\"true\" aria-invalid=\"false\" placeholder=\"Company *\" value=\"\" type=\"text\" name=\"your-company\" \/><\/span>\n\t\t\t<\/p>\n\t\t<\/div>\n\n <!-- Spalte 2 -->\n\t\t<div class=\"wps-form-column\">\n\t\t\t<p><span class=\"wpcf7-form-control-wrap\" data-name=\"your-phone\"><input size=\"40\" maxlength=\"400\" class=\"wpcf7-form-control wpcf7-text\" aria-invalid=\"false\" placeholder=\"Phone number\" value=\"\" type=\"text\" name=\"your-phone\" \/><\/span>\n\t\t\t<\/p>\n\t\t<\/div>\n\t<\/div>\n <!-- Ende der Zeile 2 -->\n\n <!-- Zeile 3 -->\n\t<div class=\"wps-form-row\">\n\n <!-- Spalte 1 -->\n\t\t<div class=\"wps-form-column\">\n\t\t\t<p>My preferred date for a face to face at the exhibition booth at INTERNORGA.<br \/>\n<span class=\"wpcf7-form-control-wrap\" data-name=\"termin-checkbox\"><span class=\"wpcf7-form-control wpcf7-checkbox\"><span class=\"wpcf7-list-item first\"><label><input type=\"checkbox\" name=\"termin-checkbox[]\" value=\"Freitag, 08.03.2024\" \/><span class=\"wpcf7-list-item-label\">Fri 08-03-2024<\/span><\/label><\/span><span class=\"wpcf7-list-item\"><label><input type=\"checkbox\" name=\"termin-checkbox[]\" value=\"Samstag, 09.03.2024\" \/><span class=\"wpcf7-list-item-label\">Sat 09-03-2024<\/span><\/label><\/span><span class=\"wpcf7-list-item\"><label><input type=\"checkbox\" name=\"termin-checkbox[]\" value=\"Sonntag, 10.03.2024\" \/><span class=\"wpcf7-list-item-label\">Sun 10-03-2024<\/span><\/label><\/span><span class=\"wpcf7-list-item\"><label><input type=\"checkbox\" name=\"termin-checkbox[]\" value=\"Montag, 11.03.2024\" \/><span class=\"wpcf7-list-item-label\">Mon 11-03-2024<\/span><\/label><\/span><span class=\"wpcf7-list-item last\"><label><input type=\"checkbox\" name=\"termin-checkbox[]\" value=\"Dienstag, 12.03.2024\" \/><span class=\"wpcf7-list-item-label\">Tue 12-03-2024<\/span><\/label><\/span><\/span><\/span><br \/>\n<span class=\"wpcf7-form-control-wrap\" data-name=\"kontakt-checkbox\"><span class=\"wpcf7-form-control wpcf7-checkbox\"><span class=\"wpcf7-list-item first last\"><label><input type=\"checkbox\" name=\"kontakt-checkbox[]\" value=\"Ich habe keine Zeit f\u00fcr einen Messetermin, w\u00fcrde aber gern Ihr Beratungsangebot nutzen. Bitte kontaktieren Sie mich.\" \/><span class=\"wpcf7-list-item-label\">I do not have time for an appointment at the fair but would like to know more about your consulting offer. Please contact me.<\/span><\/label><\/span><\/span><\/span>\n\t\t\t<\/p>\n\t\t<\/div>\n\t<\/div>\n <!-- Ende der Zeile 3 -->\n\n <!-- Zeile 6 -->\n\t<div class=\"wps-form-row\">\n\n <!-- Spalte 1 -->\n\t\t<div class=\"wps-form-column\">\n\t\t\t<p><span class=\"wpcf7-form-control-wrap\" data-name=\"your-message\"><textarea cols=\"40\" rows=\"10\" maxlength=\"2000\" class=\"wpcf7-form-control wpcf7-textarea\" aria-invalid=\"false\" placeholder=\"Your message to us\" name=\"your-message\"><\/textarea><\/span>\n\t\t\t<\/p>\n\t\t<\/div>\n\t<\/div>\n <!-- Ende der Zeile 6 -->\n\n <!-- Zeile 4 -->\n\t<div class=\"wps-form-row\">\n\n <!-- Spalte 1 -->\n\t\t<div class=\"wps-form-column\">\n\t\t\t<p><br \/>\n* Required field\n\t\t\t<\/p>\n\t\t\t<p><strong>Privacy policy<\/strong><br \/>\nYour request will be sent encrypted via https to our server. We will use your information to answer your request. Here you will find our privacy policy <a href=\"https:\/\/www.ms-pos.biz\/datenschutz\/\">Private Policy Declaration<\/a>.\n\t\t\t<\/p>\n\t\t<\/div>\n\t<\/div>\n\n <!-- Zeile 7 -->\n\t<div class=\"wps-form-row\">\n\n\n <!-- Spalte 1 -->\n\t\t<div class=\"wps-form-column\">\n\t\t\t<p><input class=\"wpcf7-form-control wpcf7-submit has-spinner\" type=\"submit\" value=\"Send\" \/>\n\t\t\t<\/p>\n\t\t<\/div>\n <!-- Spalte 2 -->\n\t\t<div class=\"wps-form-column\">\n\t\t<\/div>\n <!-- Spalte 3 -->\n\t\t<div class=\"wps-form-column\">\n\t\t<\/div>\n <!-- Spalte 4 -->\n\t\t<div class=\"wps-form-column\">\n\t\t<\/div>\n\t<\/div>\n <!-- Ende der Zeile 7 -->\n<\/div><div class=\"frc-captcha dark\" data-sitekey=\"FCMQ232L4K61C68E\" data-lang=\"de\" ><\/div>\n\t\t<noscript>You need to enable Javascript for the anti-spam check.<\/noscript><div class=\"wpcf7-response-output\" aria-hidden=\"true\"><\/div>\n<input type=\"hidden\" name=\"trp-form-language\" value=\"en\"\/><\/form>\n<\/div>\n<\/p><\/div>\n<\/div>        <\/div>\n    <\/div>\n    <div class=\"bottom_corner_body\"><\/div>\n<\/section><section  id=\"section-da45c9d\" class=\"fw-main-row section  ls section_padding_top_0 section_padding_bottom_0 columns_padding_0 horizontal-paddings-0\" >\n        <h3 class=\"hidden\"> internorga4<\/h3>\n        <div class=\"top_corner_body\"><\/div>\n\t    <div class=\"container\">\n        <div class=\"row\">\n\t\t\t<div  id=\"column-1a980ce\" class=\"col-xs-12 text-center left fw-column\"  >\n\t<div class=\"img-wrap\"><img decoding=\"async\" src=\"https:\/\/ms-pos.net\/wp-content\/uploads\/2024\/02\/Stand_Internorga_en.jpg\" alt=\"\/\/ms-pos.net\/wp-content\/uploads\/2024\/02\/Stand_Internorga_de.jpg\" \/><\/div><\/div>        <\/div>\n    <\/div>\n    <div class=\"bottom_corner_body\"><\/div>\n<\/section><\/p>","protected":false},"excerpt":{"rendered":"<p>internorga1 Gespr\u00e4chstermin auf der INTERNORGA 2024 vereinbaren internorga2 Unsere L\u00f6sungen f\u00fcr Ihren Erfolg internorga2 unTill\u00ae &#8230;<\/p>","protected":false},"author":2,"featured_media":0,"parent":0,"menu_order":0,"comment_status":"closed","ping_status":"closed","template":"page-templates\/full-width.php","meta":{"footnotes":""},"class_list":["post-17379","page","type-page","status-publish","hentry"],"yoast_head":"<!-- This site is optimized with the Yoast SEO Premium plugin v27.4 (Yoast SEO v27.4) - https:\/\/yoast.com\/product\/yoast-seo-premium-wordpress\/ -->\n<title>INTERNORGA 2024 - Termin vereinbaren | MS POS<\/title>\n<meta name=\"description\" content=\"INTERNORGA 2024 - Termin vereinbaren bei MS POS: Vereinbaren Sie noch heute einen Termin f\u00fcr diese Messe. Wir freuen uns auf Sie!\" \/>\n<meta name=\"robots\" content=\"index, follow, max-snippet:-1, max-image-preview:large, max-video-preview:-1\" \/>\n<link rel=\"canonical\" href=\"https:\/\/ms-pos.net\/en\/internorga-2024\/\" \/>\n<meta property=\"og:locale\" content=\"en_GB\" \/>\n<meta property=\"og:type\" content=\"article\" \/>\n<meta property=\"og:title\" content=\"Internorga 2024 - Termin vereinbaren | MS POS\" \/>\n<meta property=\"og:description\" content=\"Internorga 2024 - Termin vereinbaren bei MS POS: Vereinbaren Sie noch heute einen Termin f\u00fcr diese Messe. Wir freuen uns auf Sie!\" \/>\n<meta property=\"og:url\" content=\"https:\/\/ms-pos.net\/en\/internorga-2024\/\" \/>\n<meta property=\"og:site_name\" content=\"MS POS GmbH | Retail und Kassensysteme\" \/>\n<meta property=\"article:modified_time\" content=\"2024-03-05T13:13:18+00:00\" \/>\n<meta name=\"twitter:label1\" content=\"Estimated reading time\" \/>\n\t<meta name=\"twitter:data1\" content=\"2 minutes\" \/>\n<script type=\"application\/ld+json\" class=\"yoast-schema-graph\">{\"@context\":\"https:\\\/\\\/schema.org\",\"@graph\":[{\"@type\":\"WebPage\",\"@id\":\"https:\\\/\\\/ms-pos.net\\\/internorga-2024\",\"url\":\"https:\\\/\\\/ms-pos.net\\\/internorga-2024\",\"name\":\"INTERNORGA 2024 - Termin vereinbaren | MS POS\",\"isPartOf\":{\"@id\":\"https:\\\/\\\/ms-pos.net\\\/en\\\/#website\"},\"datePublished\":\"2023-10-31T14:45:08+00:00\",\"dateModified\":\"2024-03-05T13:13:18+00:00\",\"description\":\"INTERNORGA 2024 - Termin vereinbaren bei MS POS: Vereinbaren Sie noch heute einen Termin f\u00fcr diese Messe. Wir freuen uns auf Sie!\",\"breadcrumb\":{\"@id\":\"https:\\\/\\\/ms-pos.net\\\/internorga-2024#breadcrumb\"},\"inLanguage\":\"en-GB\",\"potentialAction\":[{\"@type\":\"ReadAction\",\"target\":[\"https:\\\/\\\/ms-pos.net\\\/internorga-2024\"]}]},{\"@type\":\"BreadcrumbList\",\"@id\":\"https:\\\/\\\/ms-pos.net\\\/internorga-2024#breadcrumb\",\"itemListElement\":[{\"@type\":\"ListItem\",\"position\":1,\"name\":\"Startseite\",\"item\":\"https:\\\/\\\/ms-pos.net\\\/\"},{\"@type\":\"ListItem\",\"position\":2,\"name\":\"INTERNORGA 2024\"}]},{\"@type\":\"WebSite\",\"@id\":\"https:\\\/\\\/ms-pos.net\\\/en\\\/#website\",\"url\":\"https:\\\/\\\/ms-pos.net\\\/en\\\/\",\"name\":\"MS POS GmbH | Retail und Kassensysteme\",\"description\":\"\",\"publisher\":{\"@id\":\"https:\\\/\\\/ms-pos.net\\\/en\\\/#organization\"},\"potentialAction\":[{\"@type\":\"SearchAction\",\"target\":{\"@type\":\"EntryPoint\",\"urlTemplate\":\"https:\\\/\\\/ms-pos.net\\\/en\\\/?s={search_term_string}\"},\"query-input\":{\"@type\":\"PropertyValueSpecification\",\"valueRequired\":true,\"valueName\":\"search_term_string\"}}],\"inLanguage\":\"en-GB\"},{\"@type\":\"Organization\",\"@id\":\"https:\\\/\\\/ms-pos.net\\\/en\\\/#organization\",\"name\":\"MS POS\",\"url\":\"https:\\\/\\\/ms-pos.net\\\/en\\\/\",\"logo\":{\"@type\":\"ImageObject\",\"inLanguage\":\"en-GB\",\"@id\":\"https:\\\/\\\/ms-pos.net\\\/en\\\/#\\\/schema\\\/logo\\\/image\\\/\",\"url\":\"https:\\\/\\\/ms-pos.net\\\/wp-content\\\/uploads\\\/2020\\\/06\\\/MS-POS-Logo.png\",\"contentUrl\":\"https:\\\/\\\/ms-pos.net\\\/wp-content\\\/uploads\\\/2020\\\/06\\\/MS-POS-Logo.png\",\"width\":539,\"height\":171,\"caption\":\"MS POS\"},\"image\":{\"@id\":\"https:\\\/\\\/ms-pos.net\\\/en\\\/#\\\/schema\\\/logo\\\/image\\\/\"}}]}<\/script>\n<!-- \/ Yoast SEO Premium plugin. -->","yoast_head_json":{"title":"INTERNORGA 2024 - Termin vereinbaren | MS POS","description":"INTERNORGA 2024 - Termin vereinbaren bei MS POS: Vereinbaren Sie noch heute einen Termin f\u00fcr diese Messe. Wir freuen uns auf Sie!","robots":{"index":"index","follow":"follow","max-snippet":"max-snippet:-1","max-image-preview":"max-image-preview:large","max-video-preview":"max-video-preview:-1"},"canonical":"https:\/\/ms-pos.net\/en\/internorga-2024\/","og_locale":"en_GB","og_type":"article","og_title":"Internorga 2024 - Termin vereinbaren | MS POS","og_description":"Internorga 2024 - Termin vereinbaren bei MS POS: Vereinbaren Sie noch heute einen Termin f\u00fcr diese Messe. Wir freuen uns auf Sie!","og_url":"https:\/\/ms-pos.net\/en\/internorga-2024\/","og_site_name":"MS POS GmbH | Retail und Kassensysteme","article_modified_time":"2024-03-05T13:13:18+00:00","twitter_misc":{"Estimated reading time":"2 minutes"},"schema":{"@context":"https:\/\/schema.org","@graph":[{"@type":"WebPage","@id":"https:\/\/ms-pos.net\/internorga-2024","url":"https:\/\/ms-pos.net\/internorga-2024","name":"INTERNORGA 2024 - Termin vereinbaren | MS POS","isPartOf":{"@id":"https:\/\/ms-pos.net\/en\/#website"},"datePublished":"2023-10-31T14:45:08+00:00","dateModified":"2024-03-05T13:13:18+00:00","description":"INTERNORGA 2024 - Termin vereinbaren bei MS POS: Vereinbaren Sie noch heute einen Termin f\u00fcr diese Messe. Wir freuen uns auf Sie!","breadcrumb":{"@id":"https:\/\/ms-pos.net\/internorga-2024#breadcrumb"},"inLanguage":"en-GB","potentialAction":[{"@type":"ReadAction","target":["https:\/\/ms-pos.net\/internorga-2024"]}]},{"@type":"BreadcrumbList","@id":"https:\/\/ms-pos.net\/internorga-2024#breadcrumb","itemListElement":[{"@type":"ListItem","position":1,"name":"Startseite","item":"https:\/\/ms-pos.net\/"},{"@type":"ListItem","position":2,"name":"INTERNORGA 2024"}]},{"@type":"WebSite","@id":"https:\/\/ms-pos.net\/en\/#website","url":"https:\/\/ms-pos.net\/en\/","name":"MS POS GmbH | Retail und Kassensysteme","description":"","publisher":{"@id":"https:\/\/ms-pos.net\/en\/#organization"},"potentialAction":[{"@type":"SearchAction","target":{"@type":"EntryPoint","urlTemplate":"https:\/\/ms-pos.net\/en\/?s={search_term_string}"},"query-input":{"@type":"PropertyValueSpecification","valueRequired":true,"valueName":"search_term_string"}}],"inLanguage":"en-GB"},{"@type":"Organization","@id":"https:\/\/ms-pos.net\/en\/#organization","name":"MS POS","url":"https:\/\/ms-pos.net\/en\/","logo":{"@type":"ImageObject","inLanguage":"en-GB","@id":"https:\/\/ms-pos.net\/en\/#\/schema\/logo\/image\/","url":"https:\/\/ms-pos.net\/wp-content\/uploads\/2020\/06\/MS-POS-Logo.png","contentUrl":"https:\/\/ms-pos.net\/wp-content\/uploads\/2020\/06\/MS-POS-Logo.png","width":539,"height":171,"caption":"MS POS"},"image":{"@id":"https:\/\/ms-pos.net\/en\/#\/schema\/logo\/image\/"}}]}},"_links":{"self":[{"href":"https:\/\/ms-pos.net\/en\/wp-json\/wp\/v2\/pages\/17379","targetHints":{"allow":["GET"]}}],"collection":[{"href":"https:\/\/ms-pos.net\/en\/wp-json\/wp\/v2\/pages"}],"about":[{"href":"https:\/\/ms-pos.net\/en\/wp-json\/wp\/v2\/types\/page"}],"author":[{"embeddable":true,"href":"https:\/\/ms-pos.net\/en\/wp-json\/wp\/v2\/users\/2"}],"replies":[{"embeddable":true,"href":"https:\/\/ms-pos.net\/en\/wp-json\/wp\/v2\/comments?post=17379"}],"version-history":[{"count":41,"href":"https:\/\/ms-pos.net\/en\/wp-json\/wp\/v2\/pages\/17379\/revisions"}],"predecessor-version":[{"id":17939,"href":"https:\/\/ms-pos.net\/en\/wp-json\/wp\/v2\/pages\/17379\/revisions\/17939"}],"wp:attachment":[{"href":"https:\/\/ms-pos.net\/en\/wp-json\/wp\/v2\/media?parent=17379"}],"curies":[{"name":"wp","href":"https:\/\/api.w.org\/{rel}","templated":true}]}}