{"id":17688,"date":"2023-11-19T12:54:28","date_gmt":"2023-11-19T11:54:28","guid":{"rendered":"https:\/\/ms-pos.net\/?page_id=17688"},"modified":"2025-11-12T16:13:30","modified_gmt":"2025-11-12T15:13:30","slug":"case-studies","status":"publish","type":"page","link":"https:\/\/ms-pos.net\/en\/case-studies","title":{"rendered":"Case Studies"},"content":{"rendered":"<p><section  id=\"section-59e349d\" class=\"fw-main-row section  ls ms section_padding_top_0 section_padding_bottom_0 columns_padding_0 fullwidth-section horizontal-paddings-0 top_corner_inverse\" >\n        <h3 class=\"hidden\"> Map<\/h3>\n        <div class=\"top_corner_body\"><\/div>\n\t    <div class=\"container-fluid\">\n        <div class=\"row\">\n\t\t\t\n\t\t\t<!-- START Case Studies REVOLUTION SLIDER 6.7.36 --><p class=\"rs-p-wp-fix\"><\/p>\n\t\t\t<rs-module-wrap id=\"rev_slider_74_1_wrapper\" data-source=\"gallery\" style=\"visibility:hidden;background:transparent;padding:0;margin:0px auto;margin-top:0;margin-bottom:0;\">\n\t\t\t\t<rs-module id=\"rev_slider_74_1\" style=\"\" data-version=\"6.7.36\">\n\t\t\t\t\t<rs-slides style=\"overflow: hidden; position: absolute;\">\n\t\t\t\t\t\t<rs-slide style=\"position: absolute;\" data-key=\"rs-123\" data-title=\"Business Boost\" data-anim=\"adpr:false;ms:-120;\" data-in=\"o:0;\" data-out=\"a:false;\" data-alttrans=\"slidingoverlayleft\" data-p1=\"02.\">\n\t\t\t\t\t\t\t<img decoding=\"async\" src=\"\/\/ms-pos.net\/wp-content\/plugins\/revslider\/sr6\/assets\/assets\/dummy.png\" alt=\"\" title=\"case-studies-header\" width=\"1920\" height=\"900\" class=\"rev-slidebg tp-rs-img rs-lazyload\" data-lazyload=\"\/\/ms-pos.net\/wp-content\/uploads\/2023\/11\/case-studies-header.jpg\" data-parallax=\"5\" data-no-retina>\n<!---->\t\t\t\t\t<\/rs-slide>\n\t\t\t\t\t<\/rs-slides>\n\t\t\t\t<\/rs-module>\n\t\t\t\t<script>\n\t\t\t\t\tsetREVStartSize({c: 'rev_slider_74_1',rl:[1240,1150,778,480],el:[900,600,640,740],gw:[1920,1024,778,480],gh:[900,600,640,740],type:'standard',justify:'',layout:'fullwidth',mh:\"0\"});if (window.RS_MODULES!==undefined && window.RS_MODULES.modules!==undefined && window.RS_MODULES.modules[\"revslider741\"]!==undefined) {window.RS_MODULES.modules[\"revslider741\"].once = false;window.revapi74 = undefined;if (window.RS_MODULES.checkMinimal!==undefined) window.RS_MODULES.checkMinimal()}\n\t\t\t\t<\/script>\n\t\t\t<\/rs-module-wrap>\n\t\t\t<!-- END REVOLUTION SLIDER -->\n        <\/div>\n    <\/div>\n    <div class=\"bottom_corner_body\"><\/div>\n<\/section>\n\t<div class=\"fw-divider-space \" style=\"margin-top: 30px;\"><\/div>\n\n<section  id=\"section-c0513e8\" class=\"fw-main-row section  ls section_padding_top_65 section_padding_bottom_30 columns_padding_15 horizontal-paddings-0  \" >\n        <h3 class=\"hidden\"> case studies 1<\/h3>\n        <div class=\"top_corner_body\"><\/div>\n\t    <div class=\"container\">\n        <div class=\"row\">\n\t\t\t<div  id=\"column-a32f476\" class=\"col-xs-12 left fw-column\"  >\n\t<div class=\"special-heading text-left \">\n        <h2    class=\"section_header margin_0      \">\n        <span class=\"text-transform-none medium \">\n\t\tCase Studies\t<\/span>\n<\/h2>\n    <h6    class=\"section_header margin_0      \">\n        <span class=\"highlight2 text-transform-none medium \">\n\t\tEinblicke in unsere t\u00e4gliche Arbeit\t<\/span>\n<\/h6>\n<\/div>\n\n\t<div class=\"fw-divider-space \" style=\"margin-top: 30px;\"><\/div>\n\n<div class=\"text-block shortcode \">\n\t<p>F\u00fcr unsere Kunden aus Retail und Hospitality realisieren wir nationale und internationale Projekte. Davon m\u00f6chten wir Ihnen gerne berichten. In unseren Case Studies fassen wir die jeweiligen Herausforderungen und Projektans\u00e4tze zusammen, zeigen, wie die Umsetzungen gelungen sind und was wir daraus gelernt haben. Wir freuen uns, dass wir Ihnen dadurch Einblick in unsere Kompetenzen geben k\u00f6nnen und w\u00fcnschen Ihnen viel Vergn\u00fcgen bei der Lekt\u00fcre. <\/p><\/div>\n<\/div>        <\/div>\n    <\/div>\n    <div class=\"bottom_corner_body\"><\/div>\n<\/section><section  id=\"section-0cc783e\" class=\"fw-main-row section  ls section_padding_top_0 section_padding_bottom_85 columns_padding_15  \" >\n        <h3 class=\"hidden\"> case studies 2<\/h3>\n        <div class=\"top_corner_body\"><\/div>\n\t    <div class=\"container\">\n        <div class=\"row\">\n\t\t\t<div  id=\"column-d56fc88\" class=\"col-xs-12 col-md-4 left fw-column\"  >\n\t<div class=\"img-wrap\"><img decoding=\"async\" src=\"\/\/ms-pos.net\/wp-content\/uploads\/2024\/10\/Case-Studies-Vapiano.jpg\" alt=\"Vapiano - Case study\" \/><\/div><div class=\"text-block shortcode \">\n\t<div class=\"case-study1\"><p>Bew\u00e4hrtes Konzept mit neuem System<\/p><h6>unTill als Abl\u00f6sung von RMS ...<\/h6><p>... in beiden Vapiano Restaurants in Z\u00fcrich sowie Integration im neuen Restaurant-Konzept Vapialino, inklusive Self-Ordering \u00fcber QR Code oder Order-Terminals.<\/p><div class=\"case-study2\"><a class=\"wide_button theme_button color color1 medium_height\" href=\"\/wp-content\/uploads\/2024\/10\/Case-Study_Vapiano_Vapialino_de.pdf\" target=\"_blank\" rel=\"noopener\">Download Case Study<\/a><\/div><\/div><\/div>\n<\/div><div  id=\"column-fe8d1d4\" class=\"col-xs-12 col-md-4 left fw-column\"  >\n\t<div class=\"img-wrap\"><img decoding=\"async\" src=\"\/\/ms-pos.net\/wp-content\/uploads\/2023\/11\/Case-Studies-Regatta.jpg\" alt=\"\/\/ms-pos.net\/wp-content\/uploads\/2023\/11\/Case-Studies-Regatta.jpg\" \/><\/div><div class=\"text-block shortcode \">\n\t<div class=\"case-study1\"><p>Systemumstellung und Einf\u00fchrung von<\/p><h6>D365 Finance &amp; Operations<\/h6><p>Mit Einf\u00fchrung der Microsoft ERP Plattform werden bei Regatta alle Anforderungen im Bereich Logistik, Beschaffung und zentrale Steuerung erf\u00fcllt.<\/p><div class=\"case-study2\"><a class=\"wide_button theme_button color color1 medium_height\" href=\"https:\/\/ms-pos.net\/wp-content\/uploads\/2023\/11\/Regatta_de.pdf\" target=\"_blank\" rel=\"noopener\">Download Case Study<\/a><\/div><\/div><\/div>\n<\/div><div  id=\"column-0e9de73\" class=\"col-xs-12 col-md-4 left fw-column\"  >\n\t<div class=\"img-wrap\"><img decoding=\"async\" src=\"\/\/ms-pos.net\/wp-content\/uploads\/2024\/04\/Case_Study_unTill.jpg\" alt=\"unTill - Case Studies\" \/><\/div><div class=\"text-block shortcode \">\n\t<div class=\"case-study1\"><p>Zentralverwaltet und erweiterbar<\/p><h6>unTill als Komplettl\u00f6sung ...<\/h6><p>... im Bavarian Village, Winter Wonderland London. Optimierte Bestellprozesse mit mehr als 80 Selforder-Terminals, 80 Kassen und \u00fcber 140 Druckern.<\/p><div class=\"case-study2\"><a class=\"wide_button theme_button color color1 medium_height\" href=\"https:\/\/ms-pos.net\/wp-content\/uploads\/2024\/04\/Bavaria-Village_de.pdf\" target=\"_blank\" rel=\"noopener\">Download Case Study<\/a><\/div><\/div><\/div>\n<\/div>        <\/div>\n    <\/div>\n    <div class=\"bottom_corner_body\"><\/div>\n<\/section><section  id=\"section-baaff12\" class=\"fw-main-row section  ls section_padding_top_0 section_padding_bottom_85 columns_padding_15  \" >\n        <h3 class=\"hidden\"> case studies 3<\/h3>\n        <div class=\"top_corner_body\"><\/div>\n\t    <div class=\"container\">\n        <div class=\"row\">\n\t\t\t<div  id=\"column-50109ab\" class=\"col-xs-12 col-md-4 left fw-column\"  >\n\t<div class=\"img-wrap\"><img decoding=\"async\" src=\"\/\/ms-pos.net\/wp-content\/uploads\/2023\/11\/Case_Study_CarlGross-1.jpg\" alt=\"\/\/ms-pos.net\/wp-content\/uploads\/2023\/11\/Case_Study_CarlGross-1.jpg\" \/><\/div><div class=\"text-block shortcode \">\n\t<div class=\"case-study1\"><p>Von Produktion bis Retail<\/p><h6>D365 Finance &amp; Operations<\/h6><p>Projektansatz bei Cr\u00e9ation Gross: Effizientere Prozessabl\u00e4ufe, vereinfachte Kooperation - Implementierung von D365 als Nachfolger von AX2012.<\/p><div class=\"case-study2\"><a class=\"wide_button theme_button color color1 medium_height\" href=\"\/wp-content\/uploads\/2025\/10\/Case-Study_Creation-Gross-2025_de.pdf\" target=\"_blank\" rel=\"noopener\">Download Case Study<\/a><\/div><\/div><\/div>\n<\/div><div  id=\"column-e98c9f6\" class=\"col-xs-12 col-md-4 left fw-column\"  >\n\t<div class=\"img-wrap\"><img decoding=\"async\" src=\"\/\/ms-pos.net\/wp-content\/uploads\/2025\/10\/Case-Studies-Schule-Wuppertal.jpg\" alt=\"\/\/ms-pos.net\/wp-content\/uploads\/2025\/10\/Case-Studies-Schule-Wuppertal.jpg\" \/><\/div><div class=\"text-block shortcode \">\n\t<div class=\"case-study1\"><p>Pausenkiosk an Schule goes digital<\/p><h6>unTill Air ersetzt Stift und Zettel<\/h6><p>Von der Idee zur Umsetzung - wie wir ein engagiertes Sch\u00fcler-Lehrerteam bei seinem Weg in die digitale Kassenwelt begleiten und unterst\u00fctzen durften.<\/p><div class=\"case-study2\"><a class=\"wide_button theme_button color color1 medium_height\" href=\"\/wp-content\/uploads\/2025\/10\/Case-Study_Gymnasium-Am-Kothen_de.pdf\" target=\"_blank\" rel=\"noopener\">Download Case Study<\/a><\/div><\/div><\/div>\n<\/div><div  id=\"column-cfb6979\" class=\"col-xs-12 col-md-4 left fw-column\"  >\n\t<div class=\"img-wrap\"><img decoding=\"async\" src=\"\/\/ms-pos.net\/wp-content\/uploads\/2023\/11\/Case-Study-Work-in-Progress.jpg\" alt=\"Work in Progress - Case Study\" \/><\/div><div class=\"text-block shortcode \">\n\t<div class=\"case-study1\"><p>... hier geht es bald weiter<\/p><h6>Mit unseren Case Studies<\/h6><p>Im Hintergrund arbeiten wir fleissig an neuen Projekten und sammeln fortlaufend Informationen f\u00fcr die n\u00e4chsten Berichte. Schauen Sie ab und zu mal vorbei.<\/p><div class=\"case-study2\"><a class=\"wide_button theme_button color color1 medium_height\" target=\"_blank\" href=\"#\" rel=\"noopener\">Cooming soon<\/a><\/div><\/div><\/div>\n<\/div>        <\/div>\n    <\/div>\n    <div class=\"bottom_corner_body\"><\/div>\n<\/section><section  id=\"section-cd5cfb9\" class=\"fw-main-row section  ls ms section_padding_top_50 section_padding_bottom_50 columns_padding_15 section_overlay  \" style=\"background-image:url(https:\/\/ms-pos.net\/wp-content\/uploads\/2023\/11\/case-studies-header.jpg);\">\n        <h3 class=\"hidden\"> Call to Action<\/h3>\n        <div class=\"top_corner_body\"><\/div>\n\t    <div class=\"container\">\n        <div class=\"row\">\n\t\t\t<div  id=\"column-10b22ba\" class=\"col-xs-12 left fw-column\"  >\n\t<div class=\"special-heading text-center \">\n        <h3    class=\"section_header margin_0 call-to-action     \">\n        <span class=\"text-transform-none medium \">\n\t\tWie k\u00f6nnen wir Sie bei Ihrer Digitalisierung unterst\u00fctzen?\t<\/span>\n<\/h3>\n<\/div>\n\n\t<div class=\"fw-divider-space \" style=\"margin-top: 20px;\"><\/div>\n\n<div class=\"special-heading text-center \">\n        <h6    class=\"section_header margin_0 call-to-action     \">\n        <span class=\"text-transform-none bold \">\n\t\tSprechen Sie uns an! Wir kontaktieren Sie in K\u00fcrze.\t<\/span>\n<\/h6>\n<\/div>\n\n\t<div class=\"fw-divider-space \" style=\"margin-top: 30px;\"><\/div>\n\n<\/div><div  id=\"column-df08493\" class=\"col-xs-12 col-md-2 left fw-column\"  >\n\t<\/div><div  id=\"column-3d5ed72\" class=\"col-xs-12 col-md-8 text-center left fw-column\"  >\n\t<a href=\"https:\/\/ms-pos.net\/kontakt\/#kontakt1\" target=\"_self\"\n   class=\"wide_button theme_button color color2 medium_height\">\n\tRufen Sie uns an<\/a>\n<\/div><div  id=\"column-563250c\" class=\"col-xs-12 col-md-2 left fw-column\"  >\n\t<\/div><div  id=\"column-08aee69\" class=\"col-xs-12 left fw-column\"  >\n\t\n\t<div class=\"fw-divider-space \" style=\"margin-top: 30px;\"><\/div>\n\n<\/div>        <\/div>\n    <\/div>\n    <div class=\"bottom_corner_body\"><\/div>\n<\/section><\/p>\n","protected":false},"excerpt":{"rendered":"<p>Map case studies 1 Case Studies Einblicke in unsere t\u00e4gliche Arbeit F\u00fcr unsere Kunden aus &#8230;<\/p>","protected":false},"author":2,"featured_media":0,"parent":0,"menu_order":0,"comment_status":"closed","ping_status":"closed","template":"page-templates\/full-width.php","meta":{"footnotes":""},"class_list":["post-17688","page","type-page","status-publish","hentry"],"yoast_head":"<!-- This site is optimized with the Yoast SEO Premium plugin v27.4 (Yoast SEO v27.4) - https:\/\/yoast.com\/product\/yoast-seo-premium-wordpress\/ -->\n<title>Case Studies - Einblicke in unsere t\u00e4gliche Arbeit | MS POS GmbH<\/title>\n<meta name=\"description\" content=\"Case Studies: F\u00fcr unsere Kunden aus Retail und Hospitality realisieren wir nationale und internationale Projekte.\" \/>\n<meta name=\"robots\" content=\"index, follow, max-snippet:-1, max-image-preview:large, max-video-preview:-1\" \/>\n<link rel=\"canonical\" href=\"https:\/\/ms-pos.net\/en\/case-studies\/\" \/>\n<meta property=\"og:locale\" content=\"en_GB\" \/>\n<meta property=\"og:type\" content=\"article\" \/>\n<meta property=\"og:title\" content=\"Case Studies - Einblicke in unsere t\u00e4gliche Arbeit | MS POS GmbH\" \/>\n<meta property=\"og:description\" content=\"Case Studies: F\u00fcr unsere Kunden aus Retail und Hospitality realisieren wir nationale und internationale Projekte.\" \/>\n<meta property=\"og:url\" content=\"https:\/\/ms-pos.net\/en\/case-studies\/\" \/>\n<meta property=\"og:site_name\" content=\"MS POS GmbH | Retail und Kassensysteme\" \/>\n<meta property=\"article:modified_time\" content=\"2025-11-12T15:13:30+00:00\" \/>\n<meta property=\"og:image\" content=\"https:\/\/ms-pos.net\/wp-content\/uploads\/2023\/11\/case-studies-header.jpg\" \/>\n\t<meta property=\"og:image:width\" content=\"1920\" \/>\n\t<meta property=\"og:image:height\" content=\"900\" \/>\n\t<meta property=\"og:image:type\" content=\"image\/jpeg\" \/>\n<meta name=\"twitter:label1\" content=\"Estimated reading time\" \/>\n\t<meta name=\"twitter:data1\" content=\"4 minutes\" \/>\n<script type=\"application\/ld+json\" class=\"yoast-schema-graph\">{\"@context\":\"https:\\\/\\\/schema.org\",\"@graph\":[{\"@type\":\"WebPage\",\"@id\":\"https:\\\/\\\/ms-pos.net\\\/case-studies\",\"url\":\"https:\\\/\\\/ms-pos.net\\\/case-studies\",\"name\":\"Case Studies - Einblicke in unsere t\u00e4gliche Arbeit | MS POS GmbH\",\"isPartOf\":{\"@id\":\"https:\\\/\\\/ms-pos.net\\\/en\\\/#website\"},\"datePublished\":\"2023-11-19T11:54:28+00:00\",\"dateModified\":\"2025-11-12T15:13:30+00:00\",\"description\":\"Case Studies: F\u00fcr unsere Kunden aus Retail und Hospitality realisieren wir nationale und internationale Projekte.\",\"breadcrumb\":{\"@id\":\"https:\\\/\\\/ms-pos.net\\\/case-studies#breadcrumb\"},\"inLanguage\":\"en-GB\",\"potentialAction\":[{\"@type\":\"ReadAction\",\"target\":[\"https:\\\/\\\/ms-pos.net\\\/case-studies\"]}]},{\"@type\":\"BreadcrumbList\",\"@id\":\"https:\\\/\\\/ms-pos.net\\\/case-studies#breadcrumb\",\"itemListElement\":[{\"@type\":\"ListItem\",\"position\":1,\"name\":\"Startseite\",\"item\":\"https:\\\/\\\/ms-pos.net\\\/\"},{\"@type\":\"ListItem\",\"position\":2,\"name\":\"Case Studies\"}]},{\"@type\":\"WebSite\",\"@id\":\"https:\\\/\\\/ms-pos.net\\\/en\\\/#website\",\"url\":\"https:\\\/\\\/ms-pos.net\\\/en\\\/\",\"name\":\"MS POS GmbH | Retail und Kassensysteme\",\"description\":\"\",\"publisher\":{\"@id\":\"https:\\\/\\\/ms-pos.net\\\/en\\\/#organization\"},\"potentialAction\":[{\"@type\":\"SearchAction\",\"target\":{\"@type\":\"EntryPoint\",\"urlTemplate\":\"https:\\\/\\\/ms-pos.net\\\/en\\\/?s={search_term_string}\"},\"query-input\":{\"@type\":\"PropertyValueSpecification\",\"valueRequired\":true,\"valueName\":\"search_term_string\"}}],\"inLanguage\":\"en-GB\"},{\"@type\":\"Organization\",\"@id\":\"https:\\\/\\\/ms-pos.net\\\/en\\\/#organization\",\"name\":\"MS POS\",\"url\":\"https:\\\/\\\/ms-pos.net\\\/en\\\/\",\"logo\":{\"@type\":\"ImageObject\",\"inLanguage\":\"en-GB\",\"@id\":\"https:\\\/\\\/ms-pos.net\\\/en\\\/#\\\/schema\\\/logo\\\/image\\\/\",\"url\":\"https:\\\/\\\/ms-pos.net\\\/wp-content\\\/uploads\\\/2020\\\/06\\\/MS-POS-Logo.png\",\"contentUrl\":\"https:\\\/\\\/ms-pos.net\\\/wp-content\\\/uploads\\\/2020\\\/06\\\/MS-POS-Logo.png\",\"width\":539,\"height\":171,\"caption\":\"MS POS\"},\"image\":{\"@id\":\"https:\\\/\\\/ms-pos.net\\\/en\\\/#\\\/schema\\\/logo\\\/image\\\/\"}}]}<\/script>\n<!-- \/ Yoast SEO Premium plugin. -->","yoast_head_json":{"title":"Case Studies - Einblicke in unsere t\u00e4gliche Arbeit | MS POS GmbH","description":"Case Studies: F\u00fcr unsere Kunden aus Retail und Hospitality realisieren wir nationale und internationale Projekte.","robots":{"index":"index","follow":"follow","max-snippet":"max-snippet:-1","max-image-preview":"max-image-preview:large","max-video-preview":"max-video-preview:-1"},"canonical":"https:\/\/ms-pos.net\/en\/case-studies\/","og_locale":"en_GB","og_type":"article","og_title":"Case Studies - Einblicke in unsere t\u00e4gliche Arbeit | MS POS GmbH","og_description":"Case Studies: F\u00fcr unsere Kunden aus Retail und Hospitality realisieren wir nationale und internationale Projekte.","og_url":"https:\/\/ms-pos.net\/en\/case-studies\/","og_site_name":"MS POS GmbH | Retail und Kassensysteme","article_modified_time":"2025-11-12T15:13:30+00:00","og_image":[{"width":1920,"height":900,"url":"https:\/\/ms-pos.net\/wp-content\/uploads\/2023\/11\/case-studies-header.jpg","type":"image\/jpeg"}],"twitter_misc":{"Estimated reading time":"4 minutes"},"schema":{"@context":"https:\/\/schema.org","@graph":[{"@type":"WebPage","@id":"https:\/\/ms-pos.net\/case-studies","url":"https:\/\/ms-pos.net\/case-studies","name":"Case Studies - Einblicke in unsere t\u00e4gliche Arbeit | MS POS GmbH","isPartOf":{"@id":"https:\/\/ms-pos.net\/en\/#website"},"datePublished":"2023-11-19T11:54:28+00:00","dateModified":"2025-11-12T15:13:30+00:00","description":"Case Studies: F\u00fcr unsere Kunden aus Retail und Hospitality realisieren wir nationale und internationale Projekte.","breadcrumb":{"@id":"https:\/\/ms-pos.net\/case-studies#breadcrumb"},"inLanguage":"en-GB","potentialAction":[{"@type":"ReadAction","target":["https:\/\/ms-pos.net\/case-studies"]}]},{"@type":"BreadcrumbList","@id":"https:\/\/ms-pos.net\/case-studies#breadcrumb","itemListElement":[{"@type":"ListItem","position":1,"name":"Startseite","item":"https:\/\/ms-pos.net\/"},{"@type":"ListItem","position":2,"name":"Case Studies"}]},{"@type":"WebSite","@id":"https:\/\/ms-pos.net\/en\/#website","url":"https:\/\/ms-pos.net\/en\/","name":"MS POS GmbH | Retail und Kassensysteme","description":"","publisher":{"@id":"https:\/\/ms-pos.net\/en\/#organization"},"potentialAction":[{"@type":"SearchAction","target":{"@type":"EntryPoint","urlTemplate":"https:\/\/ms-pos.net\/en\/?s={search_term_string}"},"query-input":{"@type":"PropertyValueSpecification","valueRequired":true,"valueName":"search_term_string"}}],"inLanguage":"en-GB"},{"@type":"Organization","@id":"https:\/\/ms-pos.net\/en\/#organization","name":"MS POS","url":"https:\/\/ms-pos.net\/en\/","logo":{"@type":"ImageObject","inLanguage":"en-GB","@id":"https:\/\/ms-pos.net\/en\/#\/schema\/logo\/image\/","url":"https:\/\/ms-pos.net\/wp-content\/uploads\/2020\/06\/MS-POS-Logo.png","contentUrl":"https:\/\/ms-pos.net\/wp-content\/uploads\/2020\/06\/MS-POS-Logo.png","width":539,"height":171,"caption":"MS POS"},"image":{"@id":"https:\/\/ms-pos.net\/en\/#\/schema\/logo\/image\/"}}]}},"_links":{"self":[{"href":"https:\/\/ms-pos.net\/en\/wp-json\/wp\/v2\/pages\/17688","targetHints":{"allow":["GET"]}}],"collection":[{"href":"https:\/\/ms-pos.net\/en\/wp-json\/wp\/v2\/pages"}],"about":[{"href":"https:\/\/ms-pos.net\/en\/wp-json\/wp\/v2\/types\/page"}],"author":[{"embeddable":true,"href":"https:\/\/ms-pos.net\/en\/wp-json\/wp\/v2\/users\/2"}],"replies":[{"embeddable":true,"href":"https:\/\/ms-pos.net\/en\/wp-json\/wp\/v2\/comments?post=17688"}],"version-history":[{"count":56,"href":"https:\/\/ms-pos.net\/en\/wp-json\/wp\/v2\/pages\/17688\/revisions"}],"predecessor-version":[{"id":20467,"href":"https:\/\/ms-pos.net\/en\/wp-json\/wp\/v2\/pages\/17688\/revisions\/20467"}],"wp:attachment":[{"href":"https:\/\/ms-pos.net\/en\/wp-json\/wp\/v2\/media?parent=17688"}],"curies":[{"name":"wp","href":"https:\/\/api.w.org\/{rel}","templated":true}]}}