{"id":17975,"date":"2024-02-12T13:56:48","date_gmt":"2024-02-12T12:56:48","guid":{"rendered":"https:\/\/ms-pos.net\/?page_id=17975"},"modified":"2025-03-03T15:19:49","modified_gmt":"2025-03-03T14:19:49","slug":"untill-payments","status":"publish","type":"page","link":"https:\/\/ms-pos.net\/en\/untill-payments","title":{"rendered":"unTill Payments"},"content":{"rendered":"<p><section  id=\"section-59e349d\" class=\"fw-main-row section  ls ms section_padding_top_0 section_padding_bottom_0 columns_padding_0 fullwidth-section horizontal-paddings-0 top_corner_inverse\" >\n        <h3 class=\"hidden\"> Map<\/h3>\n        <div class=\"top_corner_body\"><\/div>\n\t    <div class=\"container-fluid\">\n        <div class=\"row\">\n\t\t\t\n\t\t\t<!-- START unTill  Payments REVOLUTION SLIDER 6.7.36 --><p class=\"rs-p-wp-fix\"><\/p>\n\t\t\t<rs-module-wrap id=\"rev_slider_75_1_wrapper\" data-source=\"gallery\" style=\"visibility:hidden;background:transparent;padding:0;margin:0px auto;margin-top:0;margin-bottom:0;\">\n\t\t\t\t<rs-module id=\"rev_slider_75_1\" style=\"\" data-version=\"6.7.36\">\n\t\t\t\t\t<rs-slides style=\"overflow: hidden; position: absolute;\">\n\t\t\t\t\t\t<rs-slide style=\"position: absolute;\" data-key=\"rs-124\" data-title=\"Business Boost\" data-anim=\"adpr:false;ms:-120;\" data-in=\"o:0;\" data-out=\"a:false;\" data-alttrans=\"slidingoverlayleft\" data-p1=\"02.\">\n\t\t\t\t\t\t\t<img decoding=\"async\" src=\"\/\/ms-pos.net\/wp-content\/plugins\/revslider\/sr6\/assets\/assets\/dummy.png\" alt=\"Header - unTill Payments\" title=\"unTill Payments: Header\" width=\"1920\" height=\"900\" class=\"rev-slidebg tp-rs-img rs-lazyload\" data-lazyload=\"\/\/ms-pos.net\/wp-content\/uploads\/2024\/02\/unTill-Payments_Header.jpg\" data-parallax=\"5\" data-no-retina>\n<!---->\t\t\t\t\t<\/rs-slide>\n\t\t\t\t\t<\/rs-slides>\n\t\t\t\t<\/rs-module>\n\t\t\t\t<script>\n\t\t\t\t\tsetREVStartSize({c: 'rev_slider_75_1',rl:[1240,1150,778,480],el:[900,600,640,740],gw:[1920,1024,778,480],gh:[900,600,640,740],type:'standard',justify:'',layout:'fullwidth',mh:\"0\"});if (window.RS_MODULES!==undefined && window.RS_MODULES.modules!==undefined && window.RS_MODULES.modules[\"revslider751\"]!==undefined) {window.RS_MODULES.modules[\"revslider751\"].once = false;window.revapi75 = undefined;if (window.RS_MODULES.checkMinimal!==undefined) window.RS_MODULES.checkMinimal()}\n\t\t\t\t<\/script>\n\t\t\t<\/rs-module-wrap>\n\t\t\t<!-- END REVOLUTION SLIDER -->\n        <\/div>\n    <\/div>\n    <div class=\"bottom_corner_body\"><\/div>\n<\/section><section  id=\"section-d383361\" class=\"fw-main-row section  ls section_padding_top_65 section_padding_bottom_0 columns_padding_15 horizontal-paddings-0  \" >\n        <h3 class=\"hidden\"> untill1<\/h3>\n        <div class=\"top_corner_body\"><\/div>\n\t    <div class=\"container\">\n        <div class=\"row\">\n\t\t\t<div  id=\"column-a32f476\" class=\"col-xs-12 left fw-column\"  >\n\t<div class=\"img-wrap\"><img decoding=\"async\" src=\"\/\/ms-pos.net\/wp-content\/uploads\/2024\/02\/unTill-Payments-Logo-klein.png\" alt=\"Logo - unTill Payments\" width=\"400\" \/><\/div>\n\t<div class=\"fw-divider-space \" style=\"margin-top: 20px;\"><\/div>\n\n<div class=\"special-heading text-left \">\n        <h4    class=\"section_header margin_0      \">\n        <span class=\"highlight2 text-transform-none medium \">\n\t\tunTill Payments - die voll integrierte Zahlungsabwicklung\t<\/span>\n<\/h4>\n<\/div>\n<\/div><div  id=\"column-1b010b2\" class=\"col-xs-12 left fw-column\"  >\n\t<div class=\"special-heading text-left \">\n        <h5    class=\"section_header margin_0      \">\n        <span class=\"text-transform-none medium \">\n\t\tOptimieren Sie den Zahlungsprozess in Ihrem Gastronomiebetrieb\t<\/span>\n<\/h5>\n<\/div>\n\n\t<div class=\"fw-divider-space \" style=\"margin-top: 30px;\"><\/div>\n\n<div class=\"text-block shortcode \">\n\t<p>Mit unTill Payments k\u00f6nnen Sie m\u00fchelos Zahlungen \u00fcber Debitkarten, Kreditkarten oder \u00fcber E-Wallets via Apple Pay und Google Pay akzeptieren. Das voll integrierte EFT-Terminal (auf dem gleichen Tablet oder einem separaten Zahlungsterminal, evtl. mit Drucker) sorgt daf\u00fcr, dass der Zahlungsbetrag automatisch vom POS auf das Terminal \u00fcbertragen wird. Erm\u00f6glicht wird der vereinfachte Bezahlungsprozess durch die Kombination von unTill Air mit der speziell f\u00fcr unTill integrierten Adyen Plattform. Tippfehler bei der manuellen Eingabe von Betr\u00e4gen geh\u00f6ren ab sofort der Vergangenheit an!<\/p><\/div>\n<\/div>        <\/div>\n    <\/div>\n    <div class=\"bottom_corner_body\"><\/div>\n<\/section><section  id=\"section-7b7ed49\" class=\"fw-main-row section  ls section_padding_top_40 section_padding_bottom_0 columns_padding_0 horizontal-paddings-0  \" >\n        <h3 class=\"hidden\"> untill2<\/h3>\n        <div class=\"top_corner_body\"><\/div>\n\t    <div class=\"container\">\n        <div class=\"row\">\n\t\t\t<div  id=\"column-79fca56\" class=\"col-xs-12 left fw-column\"  >\n\t<div class=\"special-heading text-left \">\n        <h5    class=\"section_header margin_0      \">\n        <span class=\"text-transform-none medium \">\n\t\tSchnell betriebsbereit mit unTill Payments \t<\/span>\n<\/h5>\n<\/div>\n\n\t<div class=\"fw-divider-space \" style=\"margin-top: 30px;\"><\/div>\n\n<div class=\"text-block shortcode \">\n\t<p>Der einfache und reibungslose Onboarding-Prozess sorgt daf\u00fcr, dass unTill Payments innerhalb von 24 Stunden einsatzbereit f\u00fcr Sie zur Verf\u00fcgung steht und Sie direkt von den vielen Vorteilen der schnellen Zahlungsabwicklung profitieren. Eine Anleitung zum Quickstart in wenigen Schritten haben wir hier zum Download bereitgestellt:<\/p><\/div>\n<\/div><div  id=\"column-2160935\" class=\"col-xs-12 text-center left fw-column\"  >\n\t\n\t<div class=\"fw-divider-space \" style=\"margin-top: 30px;\"><\/div>\n\n<a href=\"https:\/\/ms-pos.net\/wp-content\/uploads\/2025\/03\/unTill-Payments_Quickstart-Anleitung_final_de.pdf\" target=\"_blank\"\n   class=\"wide_button theme_button color color1 medium_height\">\n\tDownload Quickstart (PDF)<\/a>\n\n\t<div class=\"fw-divider-space \" style=\"margin-top: 30px;\"><\/div>\n\n<\/div><div  id=\"column-ac2d29f\" class=\"col-xs-12 left fw-column\"  >\n\t<div class=\"text-block shortcode \">\n\t<p>Ob Abrechnungen im Restaurant oder im Food Truck auf dem Wochenmarkt \u2013 unTill Payments ist \u00fcberall einsatzbereit und \u00e4u\u00dferst benutzerfreundlich. Auf dem Dashboard sehen Sie alle aktuellen Daten - von der Auflistung verschiedener Zahlungsmethoden bis hin zur \u00dcbersicht der Auszahlungen und Abrechnungen. Alles auf einen Blick! Ihre Einnahmen werden sicher auf der Adyen-Plattform gespeichert und sofort auf Ihr Konto \u00fcberwiesen.<\/p><p>unTill Prime und unTill Air, das neue, mobile Kassensystem von unTill, sind nahtlos in unTill Payments integriert. unTill Air arbeitet ausschlie\u00dflich mit dieser Zahlungsabwicklung, unTill Prime bietet weitere, alternative Zahlungsm\u00f6glichkeiten.<br \/>unTill Payments stellt sicher, dass alle g\u00e4ngigen Karten und digitale Zahlungsmethoden akzeptiert werden. Ausf\u00fchrliche, weitere Informationen finden Sie hier unter <a href=\"https:\/\/ms-pos.net\/untill\/uebersicht\">unTill Prime<\/a> und <a href=\"https:\/\/ms-pos.net\/untill-air\">unTill Air<\/a>.<\/p><\/div>\n<\/div>        <\/div>\n    <\/div>\n    <div class=\"bottom_corner_body\"><\/div>\n<\/section><section  id=\"section-027c716\" class=\"fw-main-row section  ls section_padding_top_30 section_padding_bottom_0 columns_padding_0 horizontal-paddings-0  \" >\n        <h3 class=\"hidden\"> untill3<\/h3>\n        <div class=\"top_corner_body\"><\/div>\n\t    <div class=\"container\">\n        <div class=\"row\">\n\t\t\t<div  id=\"column-92bf22c\" class=\"col-xs-12 col-md-6 left fw-column\"  >\n\t<div class=\"special-heading text-left \">\n        <h5    class=\"section_header margin_0      \">\n        <span class=\"text-transform-none medium \">\n\t\tDiese Zahlungsmethoden werden unterst\u00fctzt\t<\/span>\n<\/h5>\n<\/div>\n\n\t<div class=\"fw-divider-space \" style=\"margin-top: 30px;\"><\/div>\n\n<div class=\"simple-list orange\">\n\t    <ul class=\"no-bullets\">\n\t\t            <li class=\"list-item\">\n\t\t\t\t\t                                        Maestro\t\t\t\t\t\t\t\t\t            <\/li>\n\t\t            <li class=\"list-item\">\n\t\t\t\t\t                                        Mastercard\t\t\t\t\t\t\t\t\t            <\/li>\n\t\t            <li class=\"list-item\">\n\t\t\t\t\t                                        VPay\t\t\t\t\t\t\t\t\t            <\/li>\n\t\t            <li class=\"list-item\">\n\t\t\t\t\t                                        Visa\t\t\t\t\t\t\t\t\t            <\/li>\n\t\t            <li class=\"list-item\">\n\t\t\t\t\t                                        Bancontact\t\t\t\t\t\t\t\t\t            <\/li>\n\t\t            <li class=\"list-item\">\n\t\t\t\t\t                                        Girocard\t\t\t\t\t\t\t\t\t            <\/li>\n\t\t            <li class=\"list-item\">\n\t\t\t\t\t                                        E-Wallets\t\t\t\t\t\t\t\t\t            <\/li>\n\t\t    <\/ul>\n<\/div><\/div><div  id=\"column-d260dd7\" class=\"col-xs-12 col-md-6 left fw-column\"  >\n\t<div class=\"img-wrap\"><img decoding=\"async\" src=\"\/\/ms-pos.net\/wp-content\/uploads\/2024\/02\/unTill-Air-Kreditkarten-2-e1708506882581.jpg\" alt=\"\/\/ms-pos.net\/wp-content\/uploads\/2024\/02\/unTill-Air-Kreditkarten-2-e1708506882581.jpg\" \/><\/div><\/div>        <\/div>\n    <\/div>\n    <div class=\"bottom_corner_body\"><\/div>\n<\/section><section  id=\"section-c40bcf0\" class=\"fw-main-row section  ls section_padding_top_30 section_padding_bottom_0 columns_padding_0 horizontal-paddings-0  \" >\n        <h3 class=\"hidden\"> untill4<\/h3>\n        <div class=\"top_corner_body\"><\/div>\n\t    <div class=\"container\">\n        <div class=\"row\">\n\t\t\t<div  id=\"column-8b6551a\" class=\"col-xs-12 left fw-column\"  >\n\t<div class=\"special-heading text-left \">\n        <h5    class=\"section_header margin_0      \">\n        <span class=\"text-transform-none medium \">\n\t\tunTill Payments \u2013 Ihre Vorteile auf einem Blick\t<\/span>\n<\/h5>\n<\/div>\n\n\t<div class=\"fw-divider-space \" style=\"margin-top: 30px;\"><\/div>\n\n<\/div><div  id=\"column-7b8fadc\" class=\"col-xs-12 col-md-4 left fw-column\"  >\n\t<div class=\"simple-list orange-haken\">\n\t    <ul class=\"no-bullets\">\n\t\t            <li class=\"list-item\">\n\t\t\t\t\t                                        Keine Tippfehler mehr\t\t\t\t\t\t\t\t\t            <\/li>\n\t\t            <li class=\"list-item\">\n\t\t\t\t\t                                        Akzeptanz von verschiedensten Zahlungsmethoden\t\t\t\t\t\t\t\t\t            <\/li>\n\t\t            <li class=\"list-item\">\n\t\t\t\t\t                                        Zugriff auf Echtzeitdaten\t\t\t\t\t\t\t\t\t            <\/li>\n\t\t    <\/ul>\n<\/div><\/div><div  id=\"column-4ca7f57\" class=\"col-xs-12 col-md-4 left fw-column\"  >\n\t<div class=\"simple-list orange-haken\">\n\t    <ul class=\"no-bullets\">\n\t\t            <li class=\"list-item\">\n\t\t\t\t\t                                        Unterschiedliche Transaktionsarten m\u00f6glich\t\t\t\t\t\t\t\t\t            <\/li>\n\t\t            <li class=\"list-item\">\n\t\t\t\t\t                                        Permanente Finanzkontrolle\t\t\t\t\t\t\t\t\t            <\/li>\n\t\t            <li class=\"list-item\">\n\t\t\t\t\t                                        Gesicherte Auszahlungen\t\t\t\t\t\t\t\t\t            <\/li>\n\t\t    <\/ul>\n<\/div><\/div><div  id=\"column-e5063e8\" class=\"col-xs-12 col-md-4 left fw-column\"  >\n\t<div class=\"simple-list orange-haken\">\n\t    <ul class=\"no-bullets\">\n\t\t            <li class=\"list-item\">\n\t\t\t\t\t                                        Mit Adyen ein zuverl\u00e4ssiges Technologieunternehmen als Partner\t\t\t\t\t\t\t\t\t            <\/li>\n\t\t            <li class=\"list-item\">\n\t\t\t\t\t                                        Schnelles Onboarding\t\t\t\t\t\t\t\t\t            <\/li>\n\t\t    <\/ul>\n<\/div><\/div>        <\/div>\n    <\/div>\n    <div class=\"bottom_corner_body\"><\/div>\n<\/section><section  id=\"section-5293936\" class=\"fw-main-row section  ls section_padding_top_85 section_padding_bottom_85 columns_padding_15  \" >\n        <h3 class=\"hidden\"> untill \u00fcberblick<\/h3>\n        <div class=\"top_corner_body\"><\/div>\n\t    <div class=\"container\">\n        <div class=\"row\">\n\t\t\t<div  id=\"column-7c8f177\" class=\"col-xs-12 left fw-column\"  >\n\t<div class=\"special-heading text-left \">\n        <h6    class=\"section_header margin_0      \">\n        <span class=\"text-transform-none medium \">\n\t\tWeitere Informationen zu unTill finden Sie hier\t<\/span>\n<\/h6>\n<\/div>\n\n\t<div class=\"fw-divider-space \" style=\"margin-top: 20px;\"><\/div>\n\n<\/div><div  id=\"column-9494a9e\" class=\"col-xs-12 col-md-6 left fw-column\"  >\n\t<div class=\"img-wrap\"><img decoding=\"async\" src=\"\/\/ms-pos.net\/wp-content\/uploads\/2021\/03\/CTA-untill-uebersicht.jpg\" alt=\"\u00dcbersicht - unTill\" \/><\/div><div class=\"text-block shortcode \">\n\t<div class=\"cegid\"><h6>unTill Prime<\/h6><p><a href=\"https:\/\/ms-pos.net\/untill\/uebersicht\">Mehr erfahren<\/a><\/p><\/div><\/div>\n<\/div><div  id=\"column-e81d8a9\" class=\"col-xs-12 col-md-6 left fw-column\"  >\n\t<div class=\"img-wrap\"><img decoding=\"async\" src=\"\/\/ms-pos.net\/wp-content\/uploads\/2024\/02\/CTA-unTill-Air.jpg\" alt=\"\/\/ms-pos.net\/wp-content\/uploads\/2024\/02\/CTA-unTill-Air.jpg\" \/><\/div><div class=\"text-block shortcode \">\n\t<div class=\"cegid\"><h6>unTill Air<\/h6><p><a href=\"https:\/\/ms-pos.net\/untill-air\">Mehr erfahren<\/a><\/p><\/div><\/div>\n<\/div>        <\/div>\n    <\/div>\n    <div class=\"bottom_corner_body\"><\/div>\n<\/section><section  id=\"section-fb44a5a\" class=\"fw-main-row section  ls ms section_padding_top_50 section_padding_bottom_50 columns_padding_15 section_overlay  \" style=\"background-image:url(https:\/\/ms-pos.net\/wp-content\/uploads\/2024\/02\/unTill-Payments_Header.jpg);\">\n        <h3 class=\"hidden\"> Call to Action<\/h3>\n        <div class=\"top_corner_body\"><\/div>\n\t    <div class=\"container\">\n        <div class=\"row\">\n\t\t\t<div  id=\"column-10b22ba\" class=\"col-xs-12 left fw-column\"  >\n\t<div class=\"special-heading text-center \">\n        <h3    class=\"section_header margin_0 call-to-action     \">\n        <span class=\"text-transform-none medium \">\n\t\tM\u00f6chten Sie unTill Payments als optimierte Zahlungsabwicklung integrieren?\t<\/span>\n<\/h3>\n<\/div>\n\n\t<div class=\"fw-divider-space \" style=\"margin-top: 20px;\"><\/div>\n\n<div class=\"special-heading text-center \">\n        <h6    class=\"section_header margin_0 call-to-action     \">\n        <span class=\"text-transform-none bold \">\n\t\tWir beraten Sie gerne.\t<\/span>\n<\/h6>\n<\/div>\n\n\t<div class=\"fw-divider-space \" style=\"margin-top: 30px;\"><\/div>\n\n<\/div><div  id=\"column-ffa52ff\" class=\"col-xs-12 col-md-2 left fw-column\"  >\n\t<\/div><div  id=\"column-27cdb2c\" class=\"col-xs-12 col-md-8 text-center left fw-column\"  >\n\t<a href=\"https:\/\/ms-pos.net\/kontakt\/#kontakt2\" target=\"_self\"\n   class=\"wide_button theme_button color color2 medium_height\">\n\tKontakt<\/a>\n<\/div><div  id=\"column-7e6d2c5\" class=\"col-xs-12 col-md-2 left fw-column\"  >\n\t<\/div><div  id=\"column-1927fc2\" class=\"col-xs-12 left fw-column\"  >\n\t\n\t<div class=\"fw-divider-space \" style=\"margin-top: 30px;\"><\/div>\n\n<\/div>        <\/div>\n    <\/div>\n    <div class=\"bottom_corner_body\"><\/div>\n<\/section><\/p>\n","protected":false},"excerpt":{"rendered":"<p>Map untill1 unTill Payments &#8211; die voll integrierte Zahlungsabwicklung Optimieren Sie den Zahlungsprozess in Ihrem &#8230;<\/p>","protected":false},"author":2,"featured_media":0,"parent":0,"menu_order":0,"comment_status":"closed","ping_status":"closed","template":"page-templates\/full-width.php","meta":{"footnotes":""},"class_list":["post-17975","page","type-page","status-publish","hentry"],"yoast_head":"<!-- This site is optimized with the Yoast SEO Premium plugin v27.4 (Yoast SEO v27.4) - https:\/\/yoast.com\/product\/yoast-seo-premium-wordpress\/ -->\n<title>unTill Payments, die voll integrierte Zahlungsabwicklung<\/title>\n<meta name=\"description\" content=\"unTill Payments: keine Tippfehler mehr, Zugriff auf Echtzeitdaten, unterschiedliche Transaktionsarten m\u00f6glich, permanente Finanzkontrolle\" \/>\n<meta name=\"robots\" content=\"index, follow, max-snippet:-1, max-image-preview:large, max-video-preview:-1\" \/>\n<link rel=\"canonical\" href=\"https:\/\/ms-pos.net\/en\/untill-payments\/\" \/>\n<meta property=\"og:locale\" content=\"en_GB\" \/>\n<meta property=\"og:type\" content=\"article\" \/>\n<meta property=\"og:title\" content=\"MS POS - unTill das perfekte Kassensystem f\u00fcr die Gastronomie\" \/>\n<meta property=\"og:description\" content=\"Benutzerfreundlich f\u00fcr schnelle Einarbeitung, direktes Bearbeiten der Tischpl\u00e4ne, \u00fcbersichtlich Grafik der Tische, gleiche Oberfl\u00e4che auf allen Endger\u00e4ten.\" \/>\n<meta property=\"og:url\" content=\"https:\/\/ms-pos.net\/en\/untill-payments\/\" \/>\n<meta property=\"og:site_name\" content=\"MS POS GmbH | Retail und Kassensysteme\" \/>\n<meta property=\"article:modified_time\" content=\"2025-03-03T14:19:49+00:00\" \/>\n<meta property=\"og:image\" content=\"https:\/\/ms-pos.net\/wp-content\/uploads\/2020\/11\/startseite-unTill-1.jpg\" \/>\n\t<meta property=\"og:image:width\" content=\"500\" \/>\n\t<meta property=\"og:image:height\" content=\"234\" \/>\n\t<meta property=\"og:image:type\" content=\"image\/jpeg\" \/>\n<meta name=\"twitter:label1\" content=\"Estimated reading time\" \/>\n\t<meta name=\"twitter:data1\" content=\"3 minutes\" \/>\n<script type=\"application\/ld+json\" class=\"yoast-schema-graph\">{\"@context\":\"https:\\\/\\\/schema.org\",\"@graph\":[{\"@type\":\"WebPage\",\"@id\":\"https:\\\/\\\/ms-pos.net\\\/untill-payments\",\"url\":\"https:\\\/\\\/ms-pos.net\\\/untill-payments\",\"name\":\"unTill Payments, die voll integrierte Zahlungsabwicklung\",\"isPartOf\":{\"@id\":\"https:\\\/\\\/ms-pos.net\\\/en\\\/#website\"},\"datePublished\":\"2024-02-12T12:56:48+00:00\",\"dateModified\":\"2025-03-03T14:19:49+00:00\",\"description\":\"unTill Payments: keine Tippfehler mehr, Zugriff auf Echtzeitdaten, unterschiedliche Transaktionsarten m\u00f6glich, permanente Finanzkontrolle\",\"breadcrumb\":{\"@id\":\"https:\\\/\\\/ms-pos.net\\\/untill-payments#breadcrumb\"},\"inLanguage\":\"en-GB\",\"potentialAction\":[{\"@type\":\"ReadAction\",\"target\":[\"https:\\\/\\\/ms-pos.net\\\/untill-payments\"]}]},{\"@type\":\"BreadcrumbList\",\"@id\":\"https:\\\/\\\/ms-pos.net\\\/untill-payments#breadcrumb\",\"itemListElement\":[{\"@type\":\"ListItem\",\"position\":1,\"name\":\"Startseite\",\"item\":\"https:\\\/\\\/ms-pos.net\\\/\"},{\"@type\":\"ListItem\",\"position\":2,\"name\":\"unTill Payments\"}]},{\"@type\":\"WebSite\",\"@id\":\"https:\\\/\\\/ms-pos.net\\\/en\\\/#website\",\"url\":\"https:\\\/\\\/ms-pos.net\\\/en\\\/\",\"name\":\"MS POS GmbH | Retail und Kassensysteme\",\"description\":\"\",\"publisher\":{\"@id\":\"https:\\\/\\\/ms-pos.net\\\/en\\\/#organization\"},\"potentialAction\":[{\"@type\":\"SearchAction\",\"target\":{\"@type\":\"EntryPoint\",\"urlTemplate\":\"https:\\\/\\\/ms-pos.net\\\/en\\\/?s={search_term_string}\"},\"query-input\":{\"@type\":\"PropertyValueSpecification\",\"valueRequired\":true,\"valueName\":\"search_term_string\"}}],\"inLanguage\":\"en-GB\"},{\"@type\":\"Organization\",\"@id\":\"https:\\\/\\\/ms-pos.net\\\/en\\\/#organization\",\"name\":\"MS POS\",\"url\":\"https:\\\/\\\/ms-pos.net\\\/en\\\/\",\"logo\":{\"@type\":\"ImageObject\",\"inLanguage\":\"en-GB\",\"@id\":\"https:\\\/\\\/ms-pos.net\\\/en\\\/#\\\/schema\\\/logo\\\/image\\\/\",\"url\":\"https:\\\/\\\/ms-pos.net\\\/wp-content\\\/uploads\\\/2020\\\/06\\\/MS-POS-Logo.png\",\"contentUrl\":\"https:\\\/\\\/ms-pos.net\\\/wp-content\\\/uploads\\\/2020\\\/06\\\/MS-POS-Logo.png\",\"width\":539,\"height\":171,\"caption\":\"MS POS\"},\"image\":{\"@id\":\"https:\\\/\\\/ms-pos.net\\\/en\\\/#\\\/schema\\\/logo\\\/image\\\/\"}}]}<\/script>\n<!-- \/ Yoast SEO Premium plugin. -->","yoast_head_json":{"title":"unTill Payments, die voll integrierte Zahlungsabwicklung","description":"unTill Payments: keine Tippfehler mehr, Zugriff auf Echtzeitdaten, unterschiedliche Transaktionsarten m\u00f6glich, permanente Finanzkontrolle","robots":{"index":"index","follow":"follow","max-snippet":"max-snippet:-1","max-image-preview":"max-image-preview:large","max-video-preview":"max-video-preview:-1"},"canonical":"https:\/\/ms-pos.net\/en\/untill-payments\/","og_locale":"en_GB","og_type":"article","og_title":"MS POS - unTill das perfekte Kassensystem f\u00fcr die Gastronomie","og_description":"Benutzerfreundlich f\u00fcr schnelle Einarbeitung, direktes Bearbeiten der Tischpl\u00e4ne, \u00fcbersichtlich Grafik der Tische, gleiche Oberfl\u00e4che auf allen Endger\u00e4ten.","og_url":"https:\/\/ms-pos.net\/en\/untill-payments\/","og_site_name":"MS POS GmbH | Retail und Kassensysteme","article_modified_time":"2025-03-03T14:19:49+00:00","og_image":[{"width":500,"height":234,"url":"https:\/\/ms-pos.net\/wp-content\/uploads\/2020\/11\/startseite-unTill-1.jpg","type":"image\/jpeg"}],"twitter_misc":{"Estimated reading time":"3 minutes"},"schema":{"@context":"https:\/\/schema.org","@graph":[{"@type":"WebPage","@id":"https:\/\/ms-pos.net\/untill-payments","url":"https:\/\/ms-pos.net\/untill-payments","name":"unTill Payments, die voll integrierte Zahlungsabwicklung","isPartOf":{"@id":"https:\/\/ms-pos.net\/en\/#website"},"datePublished":"2024-02-12T12:56:48+00:00","dateModified":"2025-03-03T14:19:49+00:00","description":"unTill Payments: keine Tippfehler mehr, Zugriff auf Echtzeitdaten, unterschiedliche Transaktionsarten m\u00f6glich, permanente Finanzkontrolle","breadcrumb":{"@id":"https:\/\/ms-pos.net\/untill-payments#breadcrumb"},"inLanguage":"en-GB","potentialAction":[{"@type":"ReadAction","target":["https:\/\/ms-pos.net\/untill-payments"]}]},{"@type":"BreadcrumbList","@id":"https:\/\/ms-pos.net\/untill-payments#breadcrumb","itemListElement":[{"@type":"ListItem","position":1,"name":"Startseite","item":"https:\/\/ms-pos.net\/"},{"@type":"ListItem","position":2,"name":"unTill Payments"}]},{"@type":"WebSite","@id":"https:\/\/ms-pos.net\/en\/#website","url":"https:\/\/ms-pos.net\/en\/","name":"MS POS GmbH | Retail und Kassensysteme","description":"","publisher":{"@id":"https:\/\/ms-pos.net\/en\/#organization"},"potentialAction":[{"@type":"SearchAction","target":{"@type":"EntryPoint","urlTemplate":"https:\/\/ms-pos.net\/en\/?s={search_term_string}"},"query-input":{"@type":"PropertyValueSpecification","valueRequired":true,"valueName":"search_term_string"}}],"inLanguage":"en-GB"},{"@type":"Organization","@id":"https:\/\/ms-pos.net\/en\/#organization","name":"MS POS","url":"https:\/\/ms-pos.net\/en\/","logo":{"@type":"ImageObject","inLanguage":"en-GB","@id":"https:\/\/ms-pos.net\/en\/#\/schema\/logo\/image\/","url":"https:\/\/ms-pos.net\/wp-content\/uploads\/2020\/06\/MS-POS-Logo.png","contentUrl":"https:\/\/ms-pos.net\/wp-content\/uploads\/2020\/06\/MS-POS-Logo.png","width":539,"height":171,"caption":"MS POS"},"image":{"@id":"https:\/\/ms-pos.net\/en\/#\/schema\/logo\/image\/"}}]}},"_links":{"self":[{"href":"https:\/\/ms-pos.net\/en\/wp-json\/wp\/v2\/pages\/17975","targetHints":{"allow":["GET"]}}],"collection":[{"href":"https:\/\/ms-pos.net\/en\/wp-json\/wp\/v2\/pages"}],"about":[{"href":"https:\/\/ms-pos.net\/en\/wp-json\/wp\/v2\/types\/page"}],"author":[{"embeddable":true,"href":"https:\/\/ms-pos.net\/en\/wp-json\/wp\/v2\/users\/2"}],"replies":[{"embeddable":true,"href":"https:\/\/ms-pos.net\/en\/wp-json\/wp\/v2\/comments?post=17975"}],"version-history":[{"count":55,"href":"https:\/\/ms-pos.net\/en\/wp-json\/wp\/v2\/pages\/17975\/revisions"}],"predecessor-version":[{"id":19619,"href":"https:\/\/ms-pos.net\/en\/wp-json\/wp\/v2\/pages\/17975\/revisions\/19619"}],"wp:attachment":[{"href":"https:\/\/ms-pos.net\/en\/wp-json\/wp\/v2\/media?parent=17975"}],"curies":[{"name":"wp","href":"https:\/\/api.w.org\/{rel}","templated":true}]}}