{"id":8097,"date":"2020-06-29T08:50:03","date_gmt":"2020-06-29T06:50:03","guid":{"rendered":"http:\/\/neu.ms-pos.net\/?page_id=8097"},"modified":"2026-03-17T16:59:40","modified_gmt":"2026-03-17T15:59:40","slug":"kontakt","status":"publish","type":"page","link":"https:\/\/ms-pos.net\/en\/kontakt","title":{"rendered":"Contact"},"content":{"rendered":"<p><section  id=\"section-b1889cd\" class=\"fw-main-row section  ls section_padding_top_50 section_padding_bottom_15 columns_padding_15 top_corner_inverse\" >\n        <h3 class=\"hidden\"> Adress<\/h3>\n        <div class=\"top_corner_body\"><\/div>\n\t    <div class=\"container\">\n        <div class=\"row\">\n\t\t\t<div  id=\"column-4c4ced5\" class=\"col-xs-12 col-md-4 left fw-column\"  >\n\t<div class=\"special-heading text-left\">\n        <h4    class=\"section_header margin_0\">\n        <span class=\"greyfont text-transform-none medium\">\n\t\tMS POS GmbH\t<\/span>\n<\/h4>\n<\/div>\n\n\t<div class=\"fw-divider-space\" style=\"margin-top: 20px;\"><\/div>\n\n<div class=\"text-block shortcode\">\n\t<p>Giesserallee 1<br \/>47877 Willich<br \/>Germany<br \/><strong><a href=\"https:\/\/www.google.com\/maps\/place\/MS+POS+GmbH\/@51.26793,6.531,15z\/data=!4m5!3m4!1s0x0:0xa362919cb4c423d4!8m2!3d51.26793!4d6.531\" target=\"_blank\" rel=\"noopener\">Find in Google Maps<\/a><\/strong><\/p><\/div>\n\n\t<div class=\"fw-divider-space\" style=\"margin-top: 20px;\"><\/div>\n\n<div class=\"text-block shortcode\">\n\t<p>Phone: +49 2154 81254-10<br \/>Fax: +49 2154 81254-19<\/p><\/div>\n<div class=\"text-block shortcode\">\n\t<p>E-mail: kontakt( at)mspos.net<\/p><\/div>\n<\/div><div  id=\"column-fb70b6f\" class=\"col-xs-12 col-md-4 text-center left fw-column\"  >\n\t\n\t<div class=\"fw-divider-space\" style=\"margin-top: 60px;\"><\/div>\n\n\t<div class=\"teaser icon_top text-center  color_2\">\n\t\t\t\t<div class=\"teaser_icon size_big bg_color round color_2\">\n            <div class=\"teaser_icon_wrap\">\n                <i class=\"rt-icon2-home2\"><\/i>\n\t\t    <\/div>\n\t\t<\/div>\n\t\t\t\t\t\t\t<\/div>\n\t<\/div><div  id=\"column-f26b9da\" class=\"col-xs-12 col-md-4 text-right left fw-column\"  >\n\t<div class=\"special-heading text-right\">\n        <h4    class=\"section_header margin_0\">\n        <span class=\"greyfont text-transform-none medium\">\n\t\tMS POS PL Sp. z o.o.\t<\/span>\n<\/h4>\n<\/div>\n\n\t<div class=\"fw-divider-space\" style=\"margin-top: 20px;\"><\/div>\n\n<div class=\"text-block shortcode\">\n\t<p>Synergia Business Center ul. W\u00f3lcza\u0144ska 143<br \/>90-525 \u0141\u00f3d\u017a<br \/>Poland<br \/><strong><a href=\"https:\/\/www.google.com\/maps\/place\/Centrum+Biznesowe+Synergia\/@51.7577163,19.4517475,17z\/data=!4m10!1m2!2m1!1sSynergia+Business+Center+ul.+W%C3%B3lcza%C5%84ska+143+90-525+%C5%81%C3%B3d%C5%BA!3m6!1s0x471a34d650ee4f89:0x495efbae233d6ca8!8m2!3d51.7578869!4d19.4547087!15sCjxTeW5lcmdpYSBCdXNpbmVzcyBDZW50ZXIgdWwuIFfDs2xjemHFhHNrYSAxNDMgOTAtNTI1IMWBw7NkxbpaPSI7c3luZXJnaWEgYnVzaW5lc3MgY2VudGVyIHVsIHfDs2xjemHFhHNrYSAxNDMgOTAgNTI1IMWCw7NkxbqSAR1leGVjdXRpdmVfc3VpdGVfcmVudGFsX2FnZW5jeeABAA!16s%2Fg%2F11g6x9v6b0?entry=ttu\" target=\"_blank\" rel=\"noopener\">Find in Google Maps<\/a><\/strong><\/p><\/div>\n\n\t<div class=\"fw-divider-space\" style=\"margin-top: 20px;\"><\/div>\n\n<div class=\"text-block shortcode\">\n\t<p>Phone: +48 43 888 10 80<\/p><\/div>\n<div class=\"text-block shortcode\">\n\t<p>E-mail: contact( at)mspos.net<\/p><\/div>\n<\/div>        <\/div>\n    <\/div>\n    <div class=\"bottom_corner_body\"><\/div>\n<\/section><div  id=\"column-17fb18a\" class=\"col-xs-12 left fw-column\"  >\n\t\n\t<div class=\"fw-divider-space\" style=\"margin-top: 40px;\"><\/div>\n\n<\/div><section  id=\"section-abb58d4\" class=\"fw-main-row section  ls section_padding_top_85 section_padding_bottom_85 columns_padding_15 section_overlay   mobile-overlay\" style=\"background-image:url(https:\/\/www.ms-pos.biz\/wp-content\/uploads\/2020\/08\/Kontakt-Support.jpg);\">\n        <h3 class=\"hidden\"> Live support<\/h3>\n        <div class=\"top_corner_body\"><\/div>\n\t    <div class=\"container\">\n        <div class=\"row\">\n\t\t\t<div  id=\"column-d361496\" class=\"col-xs-12 col-md-6 left col-lg-5 fw-column\"  >\n\t<div class=\"text-block shortcode\">\n\t<p><span id=\"kontakt1\">Support<\/span><\/p><\/div>\n<div class=\"special-heading text-left\">\n        <h3    class=\"section_header margin_0\">\n        <span class=\"darkgrey text-transform-none medium\">\n\t\tMS POS Support for all urgent matters!\t<\/span>\n<\/h3>\n<\/div>\n\n\t<div class=\"fw-divider-space\" style=\"margin-top: 20px;\"><\/div>\n\n<div class=\"text-block shortcode\">\n\t<p>In case of operational disruptions or technical questions, our competent support staff ensures the best possible support and swift assistance.<\/p><\/div>\n\n\t<div class=\"fw-divider-space\" style=\"margin-top: 20px;\"><\/div>\n\n<div class=\"special-heading text-left\">\n        <h6    class=\"section_header margin_0 inline\">\n        <span class=\"darkgrey text-transform-none medium\">\n\t\tFor Germany<br>\t<\/span>\n<\/h6>\n    <h6    class=\"section_header margin_0 inline\">\n        <span class=\"highlight text-transform-none bold\">\n\t\t+49 2154 81254-59<br>support( at)mspos.net\t<\/span>\n<\/h6>\n<\/div>\n\n\t<div class=\"fw-divider-space\" style=\"margin-top: 20px;\"><\/div>\n\n<div class=\"special-heading text-left\">\n        <h6    class=\"section_header margin_0 inline\">\n        <span class=\"darkgrey text-transform-none medium\">\n\t\tFor Poland<br>\t<\/span>\n<\/h6>\n    <h6    class=\"section_header margin_0 inline\">\n        <span class=\"highlight text-transform-none bold\">\n\t\t+48 43 888 10 29<br>serwis( at)mspos.net\t<\/span>\n<\/h6>\n<\/div>\n<\/div><div  id=\"column-b025536\" class=\"col-xs-12 col-md-6 left fw-column\"  >\n\t<\/div>        <\/div>\n    <\/div>\n    <div class=\"bottom_corner_body\"><\/div>\n<\/section><section  id=\"section-876ddad\" class=\"fw-main-row section  ls section_padding_top_0 section_padding_bottom_130 columns_padding_0\" >\n        <h3 class=\"hidden\"> Contacts<\/h3>\n        <div class=\"top_corner_body\"><\/div>\n\t    <div class=\"container\">\n        <div class=\"row\">\n\t\t\t<div  id=\"column-29683c4\" class=\"col-xs-12 left fw-column\"  >\n\t<div class=\"text-block shortcode\">\n\t<p><span id=\"kontakt2\">Contact form<\/span><\/p><h2 style=\"text-align: center;\">Contact MS POS<\/h2><p style=\"text-align: center;\">You can contact us via our contact form<\/p><p>\n<div class=\"wpcf7 no-js\" id=\"wpcf7-f16758-o1\" lang=\"de-DE\" dir=\"ltr\" data-wpcf7-id=\"16758\">\n<div class=\"screen-reader-response\"><p role=\"status\" aria-live=\"polite\" aria-atomic=\"true\"><\/p> <ul><\/ul><\/div>\n<form action=\"\/en\/wp-json\/wp\/v2\/pages\/8097#wpcf7-f16758-o1\" method=\"post\" class=\"wpcf7-form init\" aria-label=\"Contact form\" novalidate=\"novalidate\" data-status=\"init\" data-trp-original-action=\"\/en\/wp-json\/wp\/v2\/pages\/8097#wpcf7-f16758-o1\">\n<fieldset class=\"hidden-fields-container\"><input type=\"hidden\" name=\"_wpcf7\" value=\"16758\" \/><input type=\"hidden\" name=\"_wpcf7_version\" value=\"6.1.5\" \/><input type=\"hidden\" name=\"_wpcf7_locale\" value=\"de_DE\" \/><input type=\"hidden\" name=\"_wpcf7_unit_tag\" value=\"wpcf7-f16758-o1\" \/><input type=\"hidden\" name=\"_wpcf7_container_post\" value=\"0\" \/><input type=\"hidden\" name=\"_wpcf7_posted_data_hash\" value=\"\" \/><input type=\"hidden\" name=\"_wpcf7cf_hidden_group_fields\" value=\"[]\" \/><input type=\"hidden\" name=\"_wpcf7cf_hidden_groups\" value=\"[]\" \/><input type=\"hidden\" name=\"_wpcf7cf_visible_groups\" value=\"[]\" \/><input type=\"hidden\" name=\"_wpcf7cf_repeaters\" value=\"[]\" \/><input type=\"hidden\" name=\"_wpcf7cf_steps\" value=\"{}\" \/><input type=\"hidden\" name=\"_wpcf7cf_options\" value=\"{&quot;form_id&quot;:16758,&quot;conditions&quot;:[],&quot;settings&quot;:{&quot;animation&quot;:&quot;yes&quot;,&quot;animation_intime&quot;:200,&quot;animation_outtime&quot;:200,&quot;conditions_ui&quot;:&quot;normal&quot;,&quot;notice_dismissed&quot;:false}}\" \/>\n<\/fieldset>\n<div class=\"wps-form\">\n\n <!-- Zeile 1 -->\n\t<div class=\"wps-form-row\">\n\n <!-- Spalte 1 -->\n\t\t<div class=\"wps-form-column\">\n\t\t\t<p><span class=\"wpcf7-form-control-wrap\" data-name=\"your-name\"><input size=\"40\" maxlength=\"400\" class=\"wpcf7-form-control wpcf7-text wpcf7-validates-as-required\" aria-required=\"true\" aria-invalid=\"false\" placeholder=\"Name *\" value=\"\" type=\"text\" name=\"your-name\" \/><\/span>\n\t\t\t<\/p>\n\t\t<\/div>\n <!-- Spalte 2 -->\n\t\t<div class=\"wps-form-column\">\n\t\t\t<p><span class=\"wpcf7-form-control-wrap\" data-name=\"your-email\"><input size=\"40\" maxlength=\"400\" class=\"wpcf7-form-control wpcf7-email wpcf7-validates-as-required wpcf7-text wpcf7-validates-as-email\" aria-required=\"true\" aria-invalid=\"false\" placeholder=\"Email address *\" value=\"\" type=\"email\" name=\"your-email\" \/><\/span>\n\t\t\t<\/p>\n\t\t<\/div>\n\t<\/div>\n <!-- Ende der Zeile 1 -->\n <!-- Zeile 2 -->\n\t<div class=\"wps-form-row\">\n\n <!-- Spalte 1 -->\n\t\t<div class=\"wps-form-column\">\n\t\t\t<p><span class=\"wpcf7-form-control-wrap\" data-name=\"your-phone\"><input size=\"40\" maxlength=\"400\" class=\"wpcf7-form-control wpcf7-text\" aria-invalid=\"false\" placeholder=\"Phone number\" value=\"\" type=\"text\" name=\"your-phone\" \/><\/span>\n\t\t\t<\/p>\n\t\t<\/div>\n\n <!-- Spalte 2 -->\n\t\t<div class=\"wps-form-column\">\n\t\t\t<p><span class=\"wpcf7-form-control-wrap\" data-name=\"your-subject\"><input size=\"40\" maxlength=\"400\" class=\"wpcf7-form-control wpcf7-text wpcf7-validates-as-required\" aria-required=\"true\" aria-invalid=\"false\" placeholder=\"Subject *\" value=\"\" type=\"text\" name=\"your-subject\" \/><\/span>\n\t\t\t<\/p>\n\t\t<\/div>\n\t<\/div>\n <!-- Ende der Zeile 2 -->\n <!-- Zeile 3 -->\n\t<div class=\"wps-form-row\">\n\n <!-- Spalte 1 -->\n\t\t<div class=\"wps-form-column\">\n\t\t\t<p><span class=\"wpcf7-form-control-wrap\" data-name=\"your-message\"><textarea cols=\"40\" rows=\"10\" maxlength=\"2000\" class=\"wpcf7-form-control wpcf7-textarea\" aria-invalid=\"false\" placeholder=\"Your message\" name=\"your-message\"><\/textarea><\/span>\n\t\t\t<\/p>\n\t\t<\/div>\n\t<\/div>\n <!-- Ende der Zeile 3 -->\n\n <!-- Zeile 4 -->\n\t<div class=\"wps-form-row\">\n\n\n <!-- Spalte 1 -->\n\t\t<div class=\"wps-form-column\">\n\t\t\t<p>&nbsp;<br \/>\n<input class=\"wpcf7-form-control wpcf7-submit has-spinner\" type=\"submit\" value=\"Send\" \/>\n\t\t\t<\/p>\n\t\t<\/div>\n <!-- Spalte 2 -->\n\t\t<div class=\"wps-form-column\">\n\t\t<\/div>\n <!-- Spalte 3 -->\n\t\t<div class=\"wps-form-column\">\n\t\t<\/div>\n <!-- Spalte 4 -->\n\t\t<div class=\"wps-form-column\">\n\t\t<\/div>\n\t<\/div>\n <!-- Ende der Zeile 4 -->\n<\/div><div class=\"frc-captcha dark\" data-sitekey=\"FCMQ232L4K61C68E\" data-lang=\"de\" ><\/div>\n\t\t<noscript>You need to enable Javascript for the anti-spam check.<\/noscript><div class=\"wpcf7-response-output\" aria-hidden=\"true\"><\/div>\n<input type=\"hidden\" name=\"trp-form-language\" value=\"en\"\/><\/form>\n<\/div>\n<\/p><p>* Required field<\/p><p><strong>Privacy policy<\/strong><br \/>Your request will be sent encrypted via https to our server. We will use your information to answer your request. Here you will find our privacy policy <a href=\"https:\/\/www.ms-pos.biz\/datenschutz\/\">Private Policy Declaration<\/a>.<\/p><\/div>\n<\/div>        <\/div>\n    <\/div>\n    <div class=\"bottom_corner_body\"><\/div>\n<\/section><\/p>","protected":false},"excerpt":{"rendered":"<p>Adress MS POS GmbH Giesserallee 147877 WillichDeutschlandIn Google Maps anschauen Telefon: +49 2154 81254-10Fax: +49 &#8230;<\/p>","protected":false},"author":2,"featured_media":0,"parent":0,"menu_order":0,"comment_status":"closed","ping_status":"closed","template":"page-templates\/full-width.php","meta":{"footnotes":""},"class_list":["post-8097","page","type-page","status-publish","hentry"],"yoast_head":"<!-- This site is optimized with the Yoast SEO Premium plugin v27.3 (Yoast SEO v27.3) - https:\/\/yoast.com\/product\/yoast-seo-premium-wordpress\/ -->\n<title>Alle Kontaktinformationen f\u00fcr Deutschland und Polen - MS POS<\/title>\n<meta name=\"description\" content=\"Kontakt MS POS: Alle Kontaktinformationen zu MS POS Deutschland und Polen inklusive Hotline u. Kontaktformular. \u260e +49 2154 81254-10\" \/>\n<meta name=\"robots\" content=\"index, follow, max-snippet:-1, max-image-preview:large, max-video-preview:-1\" \/>\n<link rel=\"canonical\" href=\"https:\/\/ms-pos.net\/en\/kontakt\/\" \/>\n<meta property=\"og:locale\" content=\"en_GB\" \/>\n<meta property=\"og:type\" content=\"article\" \/>\n<meta property=\"og:title\" content=\"MS POS - alle Kontaktinformationen f\u00fcr Deutschland und Polen\" \/>\n<meta property=\"og:description\" content=\"Kontakt MS POS: Alle Kontaktinformationen zu MS POS Deutschland und Polen inklusive Hotline u. Kontaktformular. \u260e +49 2154 81254-10\" \/>\n<meta property=\"og:url\" content=\"https:\/\/ms-pos.net\/en\/kontakt\/\" \/>\n<meta property=\"og:site_name\" content=\"MS POS GmbH | Retail und Kassensysteme\" \/>\n<meta property=\"article:modified_time\" content=\"2026-03-17T15:59:40+00:00\" \/>\n<meta property=\"og:image\" content=\"https:\/\/ms-pos.net\/wp-content\/uploads\/2020\/11\/startseite-support.jpg\" \/>\n\t<meta property=\"og:image:width\" content=\"960\" \/>\n\t<meta property=\"og:image:height\" content=\"820\" \/>\n\t<meta property=\"og:image:type\" content=\"image\/jpeg\" \/>\n<meta name=\"twitter:label1\" content=\"Estimated reading time\" \/>\n\t<meta name=\"twitter:data1\" content=\"1 minute\" \/>\n<script type=\"application\/ld+json\" class=\"yoast-schema-graph\">{\"@context\":\"https:\\\/\\\/schema.org\",\"@graph\":[{\"@type\":\"WebPage\",\"@id\":\"https:\\\/\\\/ms-pos.net\\\/kontakt\",\"url\":\"https:\\\/\\\/ms-pos.net\\\/kontakt\",\"name\":\"Alle Kontaktinformationen f\u00fcr Deutschland und Polen - MS POS\",\"isPartOf\":{\"@id\":\"https:\\\/\\\/ms-pos.net\\\/en\\\/#website\"},\"datePublished\":\"2020-06-29T06:50:03+00:00\",\"dateModified\":\"2026-03-17T15:59:40+00:00\",\"description\":\"Kontakt MS POS: Alle Kontaktinformationen zu MS POS Deutschland und Polen inklusive Hotline u. Kontaktformular. \u260e +49 2154 81254-10\",\"breadcrumb\":{\"@id\":\"https:\\\/\\\/ms-pos.net\\\/kontakt#breadcrumb\"},\"inLanguage\":\"en-GB\",\"potentialAction\":[{\"@type\":\"ReadAction\",\"target\":[\"https:\\\/\\\/ms-pos.net\\\/kontakt\"]}]},{\"@type\":\"BreadcrumbList\",\"@id\":\"https:\\\/\\\/ms-pos.net\\\/kontakt#breadcrumb\",\"itemListElement\":[{\"@type\":\"ListItem\",\"position\":1,\"name\":\"Startseite\",\"item\":\"https:\\\/\\\/ms-pos.net\\\/\"},{\"@type\":\"ListItem\",\"position\":2,\"name\":\"Kontakt\"}]},{\"@type\":\"WebSite\",\"@id\":\"https:\\\/\\\/ms-pos.net\\\/en\\\/#website\",\"url\":\"https:\\\/\\\/ms-pos.net\\\/en\\\/\",\"name\":\"MS POS GmbH | Retail und Kassensysteme\",\"description\":\"\",\"publisher\":{\"@id\":\"https:\\\/\\\/ms-pos.net\\\/en\\\/#organization\"},\"potentialAction\":[{\"@type\":\"SearchAction\",\"target\":{\"@type\":\"EntryPoint\",\"urlTemplate\":\"https:\\\/\\\/ms-pos.net\\\/en\\\/?s={search_term_string}\"},\"query-input\":{\"@type\":\"PropertyValueSpecification\",\"valueRequired\":true,\"valueName\":\"search_term_string\"}}],\"inLanguage\":\"en-GB\"},{\"@type\":\"Organization\",\"@id\":\"https:\\\/\\\/ms-pos.net\\\/en\\\/#organization\",\"name\":\"MS POS\",\"url\":\"https:\\\/\\\/ms-pos.net\\\/en\\\/\",\"logo\":{\"@type\":\"ImageObject\",\"inLanguage\":\"en-GB\",\"@id\":\"https:\\\/\\\/ms-pos.net\\\/en\\\/#\\\/schema\\\/logo\\\/image\\\/\",\"url\":\"https:\\\/\\\/ms-pos.net\\\/wp-content\\\/uploads\\\/2020\\\/06\\\/MS-POS-Logo.png\",\"contentUrl\":\"https:\\\/\\\/ms-pos.net\\\/wp-content\\\/uploads\\\/2020\\\/06\\\/MS-POS-Logo.png\",\"width\":539,\"height\":171,\"caption\":\"MS POS\"},\"image\":{\"@id\":\"https:\\\/\\\/ms-pos.net\\\/en\\\/#\\\/schema\\\/logo\\\/image\\\/\"}}]}<\/script>\n<!-- \/ Yoast SEO Premium plugin. -->","yoast_head_json":{"title":"Alle Kontaktinformationen f\u00fcr Deutschland und Polen - MS POS","description":"Kontakt MS POS: Alle Kontaktinformationen zu MS POS Deutschland und Polen inklusive Hotline u. Kontaktformular. \u260e +49 2154 81254-10","robots":{"index":"index","follow":"follow","max-snippet":"max-snippet:-1","max-image-preview":"max-image-preview:large","max-video-preview":"max-video-preview:-1"},"canonical":"https:\/\/ms-pos.net\/en\/kontakt\/","og_locale":"en_GB","og_type":"article","og_title":"MS POS - alle Kontaktinformationen f\u00fcr Deutschland und Polen","og_description":"Kontakt MS POS: Alle Kontaktinformationen zu MS POS Deutschland und Polen inklusive Hotline u. Kontaktformular. \u260e +49 2154 81254-10","og_url":"https:\/\/ms-pos.net\/en\/kontakt\/","og_site_name":"MS POS GmbH | Retail und Kassensysteme","article_modified_time":"2026-03-17T15:59:40+00:00","og_image":[{"width":960,"height":820,"url":"https:\/\/ms-pos.net\/wp-content\/uploads\/2020\/11\/startseite-support.jpg","type":"image\/jpeg"}],"twitter_misc":{"Estimated reading time":"1 minute"},"schema":{"@context":"https:\/\/schema.org","@graph":[{"@type":"WebPage","@id":"https:\/\/ms-pos.net\/kontakt","url":"https:\/\/ms-pos.net\/kontakt","name":"Alle Kontaktinformationen f\u00fcr Deutschland und Polen - MS POS","isPartOf":{"@id":"https:\/\/ms-pos.net\/en\/#website"},"datePublished":"2020-06-29T06:50:03+00:00","dateModified":"2026-03-17T15:59:40+00:00","description":"Kontakt MS POS: Alle Kontaktinformationen zu MS POS Deutschland und Polen inklusive Hotline u. Kontaktformular. \u260e +49 2154 81254-10","breadcrumb":{"@id":"https:\/\/ms-pos.net\/kontakt#breadcrumb"},"inLanguage":"en-GB","potentialAction":[{"@type":"ReadAction","target":["https:\/\/ms-pos.net\/kontakt"]}]},{"@type":"BreadcrumbList","@id":"https:\/\/ms-pos.net\/kontakt#breadcrumb","itemListElement":[{"@type":"ListItem","position":1,"name":"Startseite","item":"https:\/\/ms-pos.net\/"},{"@type":"ListItem","position":2,"name":"Kontakt"}]},{"@type":"WebSite","@id":"https:\/\/ms-pos.net\/en\/#website","url":"https:\/\/ms-pos.net\/en\/","name":"MS POS GmbH | Retail und Kassensysteme","description":"","publisher":{"@id":"https:\/\/ms-pos.net\/en\/#organization"},"potentialAction":[{"@type":"SearchAction","target":{"@type":"EntryPoint","urlTemplate":"https:\/\/ms-pos.net\/en\/?s={search_term_string}"},"query-input":{"@type":"PropertyValueSpecification","valueRequired":true,"valueName":"search_term_string"}}],"inLanguage":"en-GB"},{"@type":"Organization","@id":"https:\/\/ms-pos.net\/en\/#organization","name":"MS POS","url":"https:\/\/ms-pos.net\/en\/","logo":{"@type":"ImageObject","inLanguage":"en-GB","@id":"https:\/\/ms-pos.net\/en\/#\/schema\/logo\/image\/","url":"https:\/\/ms-pos.net\/wp-content\/uploads\/2020\/06\/MS-POS-Logo.png","contentUrl":"https:\/\/ms-pos.net\/wp-content\/uploads\/2020\/06\/MS-POS-Logo.png","width":539,"height":171,"caption":"MS POS"},"image":{"@id":"https:\/\/ms-pos.net\/en\/#\/schema\/logo\/image\/"}}]}},"_links":{"self":[{"href":"https:\/\/ms-pos.net\/en\/wp-json\/wp\/v2\/pages\/8097","targetHints":{"allow":["GET"]}}],"collection":[{"href":"https:\/\/ms-pos.net\/en\/wp-json\/wp\/v2\/pages"}],"about":[{"href":"https:\/\/ms-pos.net\/en\/wp-json\/wp\/v2\/types\/page"}],"author":[{"embeddable":true,"href":"https:\/\/ms-pos.net\/en\/wp-json\/wp\/v2\/users\/2"}],"replies":[{"embeddable":true,"href":"https:\/\/ms-pos.net\/en\/wp-json\/wp\/v2\/comments?post=8097"}],"version-history":[{"count":172,"href":"https:\/\/ms-pos.net\/en\/wp-json\/wp\/v2\/pages\/8097\/revisions"}],"predecessor-version":[{"id":20750,"href":"https:\/\/ms-pos.net\/en\/wp-json\/wp\/v2\/pages\/8097\/revisions\/20750"}],"wp:attachment":[{"href":"https:\/\/ms-pos.net\/en\/wp-json\/wp\/v2\/media?parent=8097"}],"curies":[{"name":"wp","href":"https:\/\/api.w.org\/{rel}","templated":true}]}}