{"id":8158,"date":"2020-06-29T11:24:15","date_gmt":"2020-06-29T09:24:15","guid":{"rendered":"http:\/\/neu.ms-pos.net\/?page_id=8158"},"modified":"2025-11-12T16:06:03","modified_gmt":"2025-11-12T15:06:03","slug":"datenschutz-avb","status":"publish","type":"page","link":"https:\/\/ms-pos.net\/en\/datenschutz-avb","title":{"rendered":"Policy &amp; GTCS"},"content":{"rendered":"<section  id=\"section-e23807f\" class=\"fw-main-row section  ls section_padding_top_50 section_padding_bottom_50 columns_padding_15 top_corner_inverse\" >\n        <h3 class=\"hidden\">69dfc66a9c3dc<\/h3>\n        <div class=\"top_corner_body\"><\/div>\n\t    <div class=\"container\">\n        <div class=\"row\">\n\t\t\t<div  id=\"column-14d75f1\" class=\"col-xs-12 left fw-column\"  >\n\t<div class=\"text-block shortcode\">\n\t<h2>Privacy policy for suppliers<\/h2><p><strong>What is the purpose of this privacy policy for suppliers?<\/strong><br \/>This Supplier Privacy Policy gives you information about the processing of your personal information in connection with your business relationship with MS POS GmbH and its affiliates. This statement also includes a summary of your rights in relation to your personal information.\nSome terms used in this Privacy Policy are explained in the glossary.<\/p><p>The complete privacy policy for suppliers can be found <a href=\"\/en\/datenschutz-fuer-lieferanten\/\">here ...<\/a><\/p><h2>Privacy policy for customers<\/h2><p><strong>What is the purpose of this privacy policy for customers?<\/strong><br \/>This Customer Privacy Policy gives you information about the processing of your personal information in connection with your business relationship with MS POS GmbH and its affiliates. This statement also includes a summary of your rights in relation to your personal information.\nSome terms used in this Privacy Policy are explained in the glossary.<\/p><p>The complete privacy policy for suppliers can be found <a href=\"\/en\/datenschutz-fuer-kunden\/\">here ...<\/a><\/p><h2>Privacy policy for website<\/h2><p><strong>What is the purpose of this privacy policy for the website?<\/strong><br \/>Welcome to our website. On this page you will find information on how we process your personal data when you visit this website. Some terms used in this Privacy Policy are explained in the glossary.<\/p><p>The complete privacy policy for the website can be found <a href=\"\/en\/datenschutz\/\">here ...<\/a><\/p><h2>GTCS MS POS<\/h2><p>The \u201cGeneral Terms and Conditions of Sale\u201d can be found <a href=\"\/en\/allgemeine-verkaufsbedingungen\/\">here ...<\/a><\/p><\/div>\n<div class=\"fw-divider-space divider-80\"><\/div>\n<\/div>        <\/div>\n    <\/div>\n    <div class=\"bottom_corner_body\"><\/div>\n<\/section>","protected":false},"excerpt":{"rendered":"<p>69dfc66a9cc89 Datenschutzerkl\u00e4rung f\u00fcr LieferantenWas ist der Zweck dieser Datenschutzerkl\u00e4rung f\u00fcr Lieferanten?Diese Datenschutzerkl\u00e4rung f\u00fcr Lieferanten gibt &#8230;<\/p>","protected":false},"author":2,"featured_media":0,"parent":0,"menu_order":0,"comment_status":"closed","ping_status":"closed","template":"page-templates\/full-width.php","meta":{"footnotes":""},"class_list":["post-8158","page","type-page","status-publish","hentry"],"yoast_head":"<!-- This site is optimized with the Yoast SEO Premium plugin v27.4 (Yoast SEO v27.4) - https:\/\/yoast.com\/product\/yoast-seo-premium-wordpress\/ -->\n<title>MS POS - Datenschutzerkl\u00e4rungen und AVB<\/title>\n<meta name=\"description\" content=\"Datenschutzerkl\u00e4rung f\u00fcr Lieferanten, Kunden und Webauftritt auf einen Blick, sowie die Allgemeinen Verkaufsbedingungen!\" \/>\n<meta name=\"robots\" content=\"index, follow, max-snippet:-1, max-image-preview:large, max-video-preview:-1\" \/>\n<link rel=\"canonical\" href=\"https:\/\/ms-pos.net\/en\/datenschutz-avb\/\" \/>\n<meta property=\"og:locale\" content=\"en_GB\" \/>\n<meta property=\"og:type\" content=\"article\" \/>\n<meta property=\"og:title\" content=\"MS POS - Datenschutzerkl\u00e4rungen und AVB\" \/>\n<meta property=\"og:description\" content=\"Datenschutzerkl\u00e4rung f\u00fcr Lieferanten, Kunden und Webauftritt auf einen Blick, sowie die Allgemeinen Verkaufsbedingungen\" \/>\n<meta property=\"og:url\" content=\"https:\/\/ms-pos.net\/en\/datenschutz-avb\/\" \/>\n<meta property=\"og:site_name\" content=\"MS POS GmbH | Retail und Kassensysteme\" \/>\n<meta property=\"article:modified_time\" content=\"2025-11-12T15:06:03+00:00\" \/>\n<meta name=\"twitter:label1\" content=\"Estimated reading time\" \/>\n\t<meta name=\"twitter:data1\" content=\"2 minutes\" \/>\n<script type=\"application\/ld+json\" class=\"yoast-schema-graph\">{\"@context\":\"https:\\\/\\\/schema.org\",\"@graph\":[{\"@type\":\"WebPage\",\"@id\":\"https:\\\/\\\/ms-pos.net\\\/datenschutz-avb\",\"url\":\"https:\\\/\\\/ms-pos.net\\\/datenschutz-avb\",\"name\":\"MS POS - Datenschutzerkl\u00e4rungen und AVB\",\"isPartOf\":{\"@id\":\"https:\\\/\\\/ms-pos.net\\\/en\\\/#website\"},\"datePublished\":\"2020-06-29T09:24:15+00:00\",\"dateModified\":\"2025-11-12T15:06:03+00:00\",\"description\":\"Datenschutzerkl\u00e4rung f\u00fcr Lieferanten, Kunden und Webauftritt auf einen Blick, sowie die Allgemeinen Verkaufsbedingungen!\",\"breadcrumb\":{\"@id\":\"https:\\\/\\\/ms-pos.net\\\/datenschutz-avb#breadcrumb\"},\"inLanguage\":\"en-GB\",\"potentialAction\":[{\"@type\":\"ReadAction\",\"target\":[\"https:\\\/\\\/ms-pos.net\\\/datenschutz-avb\"]}]},{\"@type\":\"BreadcrumbList\",\"@id\":\"https:\\\/\\\/ms-pos.net\\\/datenschutz-avb#breadcrumb\",\"itemListElement\":[{\"@type\":\"ListItem\",\"position\":1,\"name\":\"Startseite\",\"item\":\"https:\\\/\\\/ms-pos.net\\\/\"},{\"@type\":\"ListItem\",\"position\":2,\"name\":\"Datenschutz &#038; AVB\"}]},{\"@type\":\"WebSite\",\"@id\":\"https:\\\/\\\/ms-pos.net\\\/en\\\/#website\",\"url\":\"https:\\\/\\\/ms-pos.net\\\/en\\\/\",\"name\":\"MS POS GmbH | Retail und Kassensysteme\",\"description\":\"\",\"publisher\":{\"@id\":\"https:\\\/\\\/ms-pos.net\\\/en\\\/#organization\"},\"potentialAction\":[{\"@type\":\"SearchAction\",\"target\":{\"@type\":\"EntryPoint\",\"urlTemplate\":\"https:\\\/\\\/ms-pos.net\\\/en\\\/?s={search_term_string}\"},\"query-input\":{\"@type\":\"PropertyValueSpecification\",\"valueRequired\":true,\"valueName\":\"search_term_string\"}}],\"inLanguage\":\"en-GB\"},{\"@type\":\"Organization\",\"@id\":\"https:\\\/\\\/ms-pos.net\\\/en\\\/#organization\",\"name\":\"MS POS\",\"url\":\"https:\\\/\\\/ms-pos.net\\\/en\\\/\",\"logo\":{\"@type\":\"ImageObject\",\"inLanguage\":\"en-GB\",\"@id\":\"https:\\\/\\\/ms-pos.net\\\/en\\\/#\\\/schema\\\/logo\\\/image\\\/\",\"url\":\"https:\\\/\\\/ms-pos.net\\\/wp-content\\\/uploads\\\/2020\\\/06\\\/MS-POS-Logo.png\",\"contentUrl\":\"https:\\\/\\\/ms-pos.net\\\/wp-content\\\/uploads\\\/2020\\\/06\\\/MS-POS-Logo.png\",\"width\":539,\"height\":171,\"caption\":\"MS POS\"},\"image\":{\"@id\":\"https:\\\/\\\/ms-pos.net\\\/en\\\/#\\\/schema\\\/logo\\\/image\\\/\"}}]}<\/script>\n<!-- \/ Yoast SEO Premium plugin. -->","yoast_head_json":{"title":"MS POS - Datenschutzerkl\u00e4rungen und AVB","description":"Datenschutzerkl\u00e4rung f\u00fcr Lieferanten, Kunden und Webauftritt auf einen Blick, sowie die Allgemeinen Verkaufsbedingungen!","robots":{"index":"index","follow":"follow","max-snippet":"max-snippet:-1","max-image-preview":"max-image-preview:large","max-video-preview":"max-video-preview:-1"},"canonical":"https:\/\/ms-pos.net\/en\/datenschutz-avb\/","og_locale":"en_GB","og_type":"article","og_title":"MS POS - Datenschutzerkl\u00e4rungen und AVB","og_description":"Datenschutzerkl\u00e4rung f\u00fcr Lieferanten, Kunden und Webauftritt auf einen Blick, sowie die Allgemeinen Verkaufsbedingungen","og_url":"https:\/\/ms-pos.net\/en\/datenschutz-avb\/","og_site_name":"MS POS GmbH | Retail und Kassensysteme","article_modified_time":"2025-11-12T15:06:03+00:00","twitter_misc":{"Estimated reading time":"2 minutes"},"schema":{"@context":"https:\/\/schema.org","@graph":[{"@type":"WebPage","@id":"https:\/\/ms-pos.net\/datenschutz-avb","url":"https:\/\/ms-pos.net\/datenschutz-avb","name":"MS POS - Datenschutzerkl\u00e4rungen und AVB","isPartOf":{"@id":"https:\/\/ms-pos.net\/en\/#website"},"datePublished":"2020-06-29T09:24:15+00:00","dateModified":"2025-11-12T15:06:03+00:00","description":"Datenschutzerkl\u00e4rung f\u00fcr Lieferanten, Kunden und Webauftritt auf einen Blick, sowie die Allgemeinen Verkaufsbedingungen!","breadcrumb":{"@id":"https:\/\/ms-pos.net\/datenschutz-avb#breadcrumb"},"inLanguage":"en-GB","potentialAction":[{"@type":"ReadAction","target":["https:\/\/ms-pos.net\/datenschutz-avb"]}]},{"@type":"BreadcrumbList","@id":"https:\/\/ms-pos.net\/datenschutz-avb#breadcrumb","itemListElement":[{"@type":"ListItem","position":1,"name":"Startseite","item":"https:\/\/ms-pos.net\/"},{"@type":"ListItem","position":2,"name":"Datenschutz &#038; AVB"}]},{"@type":"WebSite","@id":"https:\/\/ms-pos.net\/en\/#website","url":"https:\/\/ms-pos.net\/en\/","name":"MS POS GmbH | Retail und Kassensysteme","description":"","publisher":{"@id":"https:\/\/ms-pos.net\/en\/#organization"},"potentialAction":[{"@type":"SearchAction","target":{"@type":"EntryPoint","urlTemplate":"https:\/\/ms-pos.net\/en\/?s={search_term_string}"},"query-input":{"@type":"PropertyValueSpecification","valueRequired":true,"valueName":"search_term_string"}}],"inLanguage":"en-GB"},{"@type":"Organization","@id":"https:\/\/ms-pos.net\/en\/#organization","name":"MS POS","url":"https:\/\/ms-pos.net\/en\/","logo":{"@type":"ImageObject","inLanguage":"en-GB","@id":"https:\/\/ms-pos.net\/en\/#\/schema\/logo\/image\/","url":"https:\/\/ms-pos.net\/wp-content\/uploads\/2020\/06\/MS-POS-Logo.png","contentUrl":"https:\/\/ms-pos.net\/wp-content\/uploads\/2020\/06\/MS-POS-Logo.png","width":539,"height":171,"caption":"MS POS"},"image":{"@id":"https:\/\/ms-pos.net\/en\/#\/schema\/logo\/image\/"}}]}},"_links":{"self":[{"href":"https:\/\/ms-pos.net\/en\/wp-json\/wp\/v2\/pages\/8158","targetHints":{"allow":["GET"]}}],"collection":[{"href":"https:\/\/ms-pos.net\/en\/wp-json\/wp\/v2\/pages"}],"about":[{"href":"https:\/\/ms-pos.net\/en\/wp-json\/wp\/v2\/types\/page"}],"author":[{"embeddable":true,"href":"https:\/\/ms-pos.net\/en\/wp-json\/wp\/v2\/users\/2"}],"replies":[{"embeddable":true,"href":"https:\/\/ms-pos.net\/en\/wp-json\/wp\/v2\/comments?post=8158"}],"version-history":[{"count":12,"href":"https:\/\/ms-pos.net\/en\/wp-json\/wp\/v2\/pages\/8158\/revisions"}],"predecessor-version":[{"id":20482,"href":"https:\/\/ms-pos.net\/en\/wp-json\/wp\/v2\/pages\/8158\/revisions\/20482"}],"wp:attachment":[{"href":"https:\/\/ms-pos.net\/en\/wp-json\/wp\/v2\/media?parent=8158"}],"curies":[{"name":"wp","href":"https:\/\/api.w.org\/{rel}","templated":true}]}}