{"id":8951,"date":"2020-07-29T10:17:04","date_gmt":"2020-07-29T08:17:04","guid":{"rendered":"http:\/\/neu.ms-pos.net\/?page_id=8951"},"modified":"2023-10-10T16:54:39","modified_gmt":"2023-10-10T14:54:39","slug":"leitbild","status":"publish","type":"page","link":"https:\/\/ms-pos.net\/en\/unternehmen\/leitbild","title":{"rendered":"Mission statement"},"content":{"rendered":"<p><section  id=\"section-59e349d\" class=\"fw-main-row section  ls ms section_padding_top_0 section_padding_bottom_0 columns_padding_0 fullwidth-section horizontal-paddings-0 top_corner_inverse\" >\n        <h3 class=\"hidden\"> Map<\/h3>\n        <div class=\"top_corner_body\"><\/div>\n\t    <div class=\"container-fluid\">\n        <div class=\"row\">\n\t\t\t\n\t\t\t<!-- START \u00dcber uns  Leitbild REVOLUTION SLIDER 6.7.36 --><p class=\"rs-p-wp-fix\"><\/p>\n\t\t\t<rs-module-wrap id=\"rev_slider_18_1_wrapper\" data-source=\"gallery\" style=\"visibility:hidden;background:transparent;padding:0;margin:0px auto;margin-top:0;margin-bottom:0;\">\n\t\t\t\t<rs-module id=\"rev_slider_18_1\" style=\"\" data-version=\"6.7.36\">\n\t\t\t\t\t<rs-slides style=\"overflow: hidden; position: absolute;\">\n\t\t\t\t\t\t<rs-slide style=\"position: absolute;\" data-key=\"rs-59\" data-title=\"Business Boost\" data-anim=\"adpr:false;ms:-120;\" data-alttrans=\"slidingoverlayleft\" data-p1=\"02.\">\n\t\t\t\t\t\t\t<img decoding=\"async\" src=\"\/\/ms-pos.net\/wp-content\/plugins\/revslider\/sr6\/assets\/assets\/dummy.png\" alt=\"\" title=\"\u00dcber-uns&#8212;Leitbild\" width=\"1920\" height=\"700\" class=\"rev-slidebg tp-rs-img rs-lazyload\" data-lazyload=\"\/\/www.ms-pos.biz\/wp-content\/uploads\/2020\/08\/\u00dcber-uns-Leitbild.jpg\" data-parallax=\"5\" data-no-retina>\n<!--\n\t\t\t\t\t\t\t--><rs-layer\n\t\t\t\t\t\t\t\tid=\"slider-18-slide-59-layer-17\" \n\t\t\t\t\t\t\t\tdata-type=\"text\"\n\t\t\t\t\t\t\t\tdata-rsp_ch=\"on\"\n\t\t\t\t\t\t\t\tdata-xy=\"x:l,c,c,c;xo:35px,0,0,0;yo:310px,296px,382px,353px;\"\n\t\t\t\t\t\t\t\tdata-text=\"s:14;l:16;ls:14px;fw:500;a:inherit;\"\n\t\t\t\t\t\t\t\tdata-frame_0=\"x:175%;o:1;\"\n\t\t\t\t\t\t\t\tdata-frame_0_mask=\"u:t;x:-100%;\"\n\t\t\t\t\t\t\t\tdata-frame_1=\"e:power3.out;st:2100;sp:1000;sR:2100;\"\n\t\t\t\t\t\t\t\tdata-frame_1_mask=\"u:t;\"\n\t\t\t\t\t\t\t\tdata-frame_999=\"o:0;st:w;sR:5900;\"\n\t\t\t\t\t\t\t\tstyle=\"z-index:10;font-family:'Poppins', 'sans-serif';text-transform:uppercase;\"\n\t\t\t\t\t\t\t>Unser Leitbild \n\t\t\t\t\t\t\t<\/rs-layer><!--\n\n\t\t\t\t\t\t\t--><rs-layer\n\t\t\t\t\t\t\t\tid=\"slider-18-slide-59-layer-18\" \n\t\t\t\t\t\t\t\tdata-type=\"text\"\n\t\t\t\t\t\t\t\tdata-rsp_ch=\"on\"\n\t\t\t\t\t\t\t\tdata-xy=\"x:l,c,c,c;xo:30px,0,0,0;yo:420px,436px,494px,462px;\"\n\t\t\t\t\t\t\t\tdata-text=\"s:80,60,48,28;l:80;fw:600;a:inherit;\"\n\t\t\t\t\t\t\t\tdata-frame_0=\"rX:-70deg;oZ:-50;\"\n\t\t\t\t\t\t\t\tdata-frame_1=\"oZ:-50;e:power4.inOut;st:1400;sp:1750;\"\n\t\t\t\t\t\t\t\tdata-frame_999=\"o:0;st:w;sR:6100;\"\n\t\t\t\t\t\t\t\tstyle=\"z-index:11;font-family:'Poppins', 'sans-serif';text-transform:uppercase;\"\n\t\t\t\t\t\t\t>Unternehmensstrategie \n\t\t\t\t\t\t\t<\/rs-layer><!--\n\n\t\t\t\t\t\t\t--><rs-layer\n\t\t\t\t\t\t\t\tid=\"slider-18-slide-59-layer-19\" \n\t\t\t\t\t\t\t\tdata-type=\"text\"\n\t\t\t\t\t\t\t\tdata-color=\"#f3a32c\"\n\t\t\t\t\t\t\t\tdata-rsp_ch=\"on\"\n\t\t\t\t\t\t\t\tdata-xy=\"x:l,c,c,c;xo:30px,0,0,0;yo:362px,362px,434px,411px;\"\n\t\t\t\t\t\t\t\tdata-text=\"s:60,60,60,38;l:60;fw:200,400,400,400;a:inherit;\"\n\t\t\t\t\t\t\t\tdata-frame_0=\"rX:70deg;oZ:-50;\"\n\t\t\t\t\t\t\t\tdata-frame_1=\"oZ:-50;e:power4.inOut;st:700;sp:1750;\"\n\t\t\t\t\t\t\t\tdata-frame_999=\"o:0;st:w;sR:5900;\"\n\t\t\t\t\t\t\t\tstyle=\"z-index:12;font-family:'Poppins', 'sans-serif';text-transform:uppercase;\"\n\t\t\t\t\t\t\t>Orientierung f\u00fcr die \n\t\t\t\t\t\t\t<\/rs-layer><!--\n-->\t\t\t\t\t<\/rs-slide>\n\t\t\t\t\t<\/rs-slides>\n\t\t\t\t<\/rs-module>\n\t\t\t\t<script>\n\t\t\t\t\tsetREVStartSize({c: 'rev_slider_18_1',rl:[1240,1150,778,480],el:[700,600,640,740],gw:[1920,1024,778,480],gh:[700,600,640,740],type:'standard',justify:'',layout:'fullwidth',mh:\"0\"});if (window.RS_MODULES!==undefined && window.RS_MODULES.modules!==undefined && window.RS_MODULES.modules[\"revslider181\"]!==undefined) {window.RS_MODULES.modules[\"revslider181\"].once = false;window.revapi18 = undefined;if (window.RS_MODULES.checkMinimal!==undefined) window.RS_MODULES.checkMinimal()}\n\t\t\t\t<\/script>\n\t\t\t<\/rs-module-wrap>\n\t\t\t<!-- END REVOLUTION SLIDER -->\n        <\/div>\n    <\/div>\n    <div class=\"bottom_corner_body\"><\/div>\n<\/section>\n\t<div class=\"fw-divider-space \" style=\"margin-top: 30px;\"><\/div>\n\n<section  id=\"section-28e763d\" class=\"fw-main-row section  transparent section_padding_top_65 section_padding_bottom_65 columns_padding_0 horizontal-paddings-0  \" >\n        <h3 class=\"hidden\"> leitbild<\/h3>\n        <div class=\"top_corner_body\"><\/div>\n\t    <div class=\"container\">\n        <div class=\"row\">\n\t\t\t<div  id=\"column-f891b1e\" class=\"col-xs-12 col-md-6 ls ms left hoehe-leitbild fw-column\"  >\n\t    <div class=\"padding_20 left\">\n\t\t\n\t<div class=\"fw-divider-space \" style=\"margin-top: 69px;\"><\/div>\n\n<div class=\"special-heading text-right \">\n        <h4    class=\"section_header margin_0 leitbild     \">\n        <span class=\"text-transform-none medium \">\n\t\tLeitbild und Werte MS POS\t<\/span>\n<\/h4>\n<\/div>\n\n\t<div class=\"fw-divider-space \" style=\"margin-top: 90px;\"><\/div>\n\n    <\/div>\n<\/div><div  id=\"column-837752f\" class=\"col-xs-12 col-md-6 ls ms left hoehe-leitbild fw-column\"  >\n\t<div class=\"text-block shortcode \">\n\t<blockquote><p>Unser Leitbild dient dem Ziel, zwischen Kunden, Lieferanten, Mitarbeitern und der Gesch\u00e4ftsf\u00fchrung ein Fundament des Vertrauens zu schaffen und Klarheit zu erlangen, f\u00fcr welche Werte wir stehen. Nach diesen Werten richten wir unser Handeln und unser Miteinander im t\u00e4glichen Umgang aus.<\/p><\/blockquote><\/div><\/div>\n<\/div>        <\/div>\n    <\/div>\n    <div class=\"bottom_corner_body\"><\/div>\n<\/section><section  id=\"section-486bd53\" class=\"fw-main-row section  ls section_padding_top_30 section_padding_bottom_0 columns_padding_15 horizontal-paddings-0  \" >\n        <h3 class=\"hidden\"> leitbild-2<\/h3>\n        <div class=\"top_corner_body\"><\/div>\n\t    <div class=\"container\">\n        <div class=\"row\">\n\t\t\t<div  id=\"column-44b935c\" class=\"col-xs-12 left fw-column\"  >\n\t<div class=\"img-wrap\"><img decoding=\"async\" src=\"\/\/www.ms-pos.biz\/wp-content\/uploads\/2023\/04\/leitbild-werte.jpg\" alt=\"\/\/www.ms-pos.biz\/wp-content\/uploads\/2023\/04\/leitbild-werte.jpg\" \/><\/div><\/div>        <\/div>\n    <\/div>\n    <div class=\"bottom_corner_body\"><\/div>\n<\/section>\n\t<div class=\"fw-divider-space \" style=\"margin-top: 60px;\"><\/div>\n\n<section  id=\"section-276c576\" class=\"fw-main-row section  ls section_padding_top_30 section_padding_bottom_0 columns_padding_15 horizontal-paddings-0  \" >\n        <h3 class=\"hidden\"> leitbild-werte<\/h3>\n        <div class=\"top_corner_body\"><\/div>\n\t    <div class=\"container\">\n        <div class=\"row\">\n\t\t\t<div  id=\"column-a28e620\" class=\"col-xs-12 col-md-4 ls left fw-column\"  >\n\t<div class=\"text-block shortcode \">\n\t<div class=\"leitbild-padding\"><h5 style=\"text-align: center;\">Authentizit\u00e4t<\/h5><hr class=\"leitbild\" \/><p>Unser Auftreten gegen\u00fcber Kunden und Mitarbeitern ist authentisch und vermittelt Klarheit, Stabilit\u00e4t und Selbstvertrauen. Eine echte und integre Wahrnehmung ist uns wichtig, unsere Expertisen gestalten wir frei und unabh\u00e4ngig.<\/p><\/div><\/div>\n<\/div><div  id=\"column-78c8f4c\" class=\"col-xs-12 col-md-4 ls left fw-column\"  >\n\t<div class=\"text-block shortcode \">\n\t<div class=\"leitbild-padding\"><h5 style=\"text-align: center;\">Agilit\u00e4t<\/h5><hr class=\"leitbild\" \/><p>Agilit\u00e4t ist die Voraussetzung f\u00fcr jede Ver\u00e4nderung und Ver\u00e4nderung pr\u00e4gt die M\u00e4rkte, in denen wir uns bewegen, insbesondere im Retail und in der Gastronomie. Damit Ver\u00e4nderungen gelingen, reagieren wir unmittelbar und setzen z\u00fcgig neue Ideen um.<\/p><\/div><\/div>\n<\/div><div  id=\"column-a1a78d6\" class=\"col-xs-12 col-md-4 ls left fw-column\"  >\n\t<div class=\"text-block shortcode \">\n\t<div class=\"leitbild-padding\"><h5 style=\"text-align: center;\">Anerkennung<\/h5><hr class=\"leitbild\" \/><p>In unserem Team bedeutet Anerkennung von Kunden Respekt und Wertsch\u00e4tzung zu erhalten, denn f\u00fcr L\u00f6sungen arbeiten wir. Ebenso wichtig ist es als Arbeitgeber, jeden Menschen als Individuum zu achten. Wir respektieren die Anliegen und Werte unserer Kunden und Mitarbeiter.<\/p><\/div><\/div>\n<\/div><div  id=\"column-9496c2d\" class=\"col-xs-12 left fw-column\"  >\n\t\n\t<div class=\"fw-divider-space \" style=\"margin-top: 60px;\"><\/div>\n\n<\/div><div  id=\"column-3c580ac\" class=\"col-xs-12 col-md-4 ls left fw-column\"  >\n\t<div class=\"text-block shortcode \">\n\t<div class=\"leitbild-padding\"><h5 style=\"text-align: center;\">Zielstrebigkeit<\/h5><hr class=\"leitbild\" \/><p>Eigenverantwortliches und konsequentes Handeln, ausgerichtet auf zuvor vereinbarte Ziele sind f\u00fcr uns selbst ein Ziel, dem wir uns verpflichten. Dabei bauen wir auf den F\u00e4higkeiten und Ressourcen unserer Mitarbeiter auf und st\u00e4rken sie in der Weiterbildung.<\/p><\/div><\/div>\n<\/div><div  id=\"column-dc95a56\" class=\"col-xs-12 col-md-4 ls left fw-column\"  >\n\t<div class=\"text-block shortcode \">\n\t<div class=\"leitbild-padding\"><h5 style=\"text-align: center;\">Begeisterung<\/h5><hr class=\"leitbild\" \/><p>Unser <a href=\"https:\/\/ms-pos.net\/unternehmen\/team\">Team<\/a> eint unsere Begeisterung und unser starkes Interesse an L\u00f6sungskonzepten und stetiger Weiterentwicklung. Genauso wichtig ist uns die Begeisterung f\u00fcr eine positive, zwischenmenschliche Atmosph\u00e4re, gegenseitiges Vertrauen und die Zuverl\u00e4ssigkeit auf allen Ebenen.<\/p><\/div><\/div>\n<\/div><div  id=\"column-8a2a9b8\" class=\"col-xs-12 col-md-4 ls left fw-column\"  >\n\t<div class=\"text-block shortcode \">\n\t<div class=\"leitbild-padding\"><h5 style=\"text-align: center;\">Kommunikation<\/h5><hr class=\"leitbild\" \/><p>Eine offene, zielgerichtete und vertrauensvolle Kommunikation gegen\u00fcber Kunden und Mitarbeitern ist die Basis erfolgreichen Handelns. Herausforderungen werden direkt angesprochen und L\u00f6sungswege gemeinsam diskutiert und erarbeitet.<\/p><\/div><\/div>\n<\/div>        <\/div>\n    <\/div>\n    <div class=\"bottom_corner_body\"><\/div>\n<\/section>\n\t<div class=\"fw-divider-space \" style=\"margin-top: 100px;\"><\/div>\n\n<section  id=\"section-e40a5dd\" class=\"fw-main-row section  ls ms section_padding_top_50 section_padding_bottom_50 columns_padding_15 section_overlay background_cover  \" style=\"background-image:url(https:\/\/www.ms-pos.biz\/wp-content\/uploads\/2020\/08\/\u00dcber-uns-Leitbild.jpg);\">\n        <h3 class=\"hidden\"> Call to Action<\/h3>\n        <div class=\"top_corner_body\"><\/div>\n\t    <div class=\"container\">\n        <div class=\"row\">\n\t\t\t<div  id=\"column-10b22ba\" class=\"col-xs-12 left fw-column\"  >\n\t<div class=\"special-heading text-center \">\n        <h3    class=\"section_header margin_0      \">\n        <span class=\"highlight2 text-transform-none medium \">\n\t\tM\u00f6chten Sie mehr \u00fcber uns als<br \/>Arbeitgeber erfahren?\t<\/span>\n<\/h3>\n<\/div>\n\n\t<div class=\"fw-divider-space \" style=\"margin-top: 30px;\"><\/div>\n\n<\/div><div  id=\"column-df08493\" class=\"col-xs-12 col-md-2 left fw-column\"  >\n\t<\/div><div  id=\"column-7c48a39\" class=\"col-xs-12 col-md-8 text-center left fw-column\"  >\n\t<a href=\"https:\/\/ms-pos.net\/karriere\" target=\"_self\"\n   class=\"wide_button theme_button color color3 medium_height\">\n\tKarriere bei MS POS<\/a>\n<\/div><div  id=\"column-67b2c07\" class=\"col-xs-12 col-md-2 left fw-column\"  >\n\t<\/div><div  id=\"column-08aee69\" class=\"col-xs-12 left fw-column\"  >\n\t\n\t<div class=\"fw-divider-space \" style=\"margin-top: 30px;\"><\/div>\n\n<\/div>        <\/div>\n    <\/div>\n    <div class=\"bottom_corner_body\"><\/div>\n<\/section><\/p>\n","protected":false},"excerpt":{"rendered":"<p>Map Unser Leitbild Unternehmensstrategie Orientierung f\u00fcr die leitbild Leitbild und Werte MS POS Unser Leitbild &#8230;<\/p>","protected":false},"author":2,"featured_media":0,"parent":8785,"menu_order":1,"comment_status":"closed","ping_status":"closed","template":"page-templates\/full-width.php","meta":{"footnotes":""},"class_list":["post-8951","page","type-page","status-publish","hentry"],"yoast_head":"<!-- This site is optimized with the Yoast SEO Premium plugin v27.3 (Yoast SEO v27.3) - https:\/\/yoast.com\/product\/yoast-seo-premium-wordpress\/ -->\n<title>Leitbild und Werte, die uns wichtig sind | MS POS GmbH<\/title>\n<meta name=\"description\" content=\"Leitbild: Ein Fundament des Vertrauens, basierend auf wichtigen Werten, tr\u00e4gt und pr\u00e4gt unsere Kundenbeziehung\" \/>\n<meta name=\"robots\" content=\"index, follow, max-snippet:-1, max-image-preview:large, max-video-preview:-1\" \/>\n<link rel=\"canonical\" href=\"https:\/\/ms-pos.net\/en\/unternehmen\/leitbild\/\" \/>\n<meta property=\"og:locale\" content=\"en_GB\" \/>\n<meta property=\"og:type\" content=\"article\" \/>\n<meta property=\"og:title\" content=\"MS POS - Leitbild und Werte, die uns wichtig sind.\" \/>\n<meta property=\"og:description\" content=\"Ein Fundament des Vertrauens, basierend auf wichtigen Werten wie Authentizit\u00e4t und Begeisterung, tr\u00e4gt und pr\u00e4gt unsere Kundenbeziehung. Erfahren Sie mehr.\" \/>\n<meta property=\"og:url\" content=\"https:\/\/ms-pos.net\/en\/unternehmen\/leitbild\/\" \/>\n<meta property=\"og:site_name\" content=\"MS POS GmbH | Retail und Kassensysteme\" \/>\n<meta property=\"article:modified_time\" content=\"2023-10-10T14:54:39+00:00\" \/>\n<meta property=\"og:image\" content=\"https:\/\/ms-pos.net\/wp-content\/uploads\/2020\/08\/\u00dcber-uns-Leitbild.jpg\" \/>\n\t<meta property=\"og:image:width\" content=\"1920\" \/>\n\t<meta property=\"og:image:height\" content=\"700\" \/>\n\t<meta property=\"og:image:type\" content=\"image\/jpeg\" \/>\n<meta name=\"twitter:label1\" content=\"Estimated reading time\" \/>\n\t<meta name=\"twitter:data1\" content=\"2 minutes\" \/>\n<script type=\"application\/ld+json\" class=\"yoast-schema-graph\">{\"@context\":\"https:\\\/\\\/schema.org\",\"@graph\":[{\"@type\":\"WebPage\",\"@id\":\"https:\\\/\\\/ms-pos.net\\\/unternehmen\\\/leitbild\",\"url\":\"https:\\\/\\\/ms-pos.net\\\/unternehmen\\\/leitbild\",\"name\":\"Leitbild und Werte, die uns wichtig sind | MS POS GmbH\",\"isPartOf\":{\"@id\":\"https:\\\/\\\/ms-pos.net\\\/en\\\/#website\"},\"datePublished\":\"2020-07-29T08:17:04+00:00\",\"dateModified\":\"2023-10-10T14:54:39+00:00\",\"description\":\"Leitbild: Ein Fundament des Vertrauens, basierend auf wichtigen Werten, tr\u00e4gt und pr\u00e4gt unsere Kundenbeziehung\",\"breadcrumb\":{\"@id\":\"https:\\\/\\\/ms-pos.net\\\/unternehmen\\\/leitbild#breadcrumb\"},\"inLanguage\":\"en-GB\",\"potentialAction\":[{\"@type\":\"ReadAction\",\"target\":[\"https:\\\/\\\/ms-pos.net\\\/unternehmen\\\/leitbild\"]}]},{\"@type\":\"BreadcrumbList\",\"@id\":\"https:\\\/\\\/ms-pos.net\\\/unternehmen\\\/leitbild#breadcrumb\",\"itemListElement\":[{\"@type\":\"ListItem\",\"position\":1,\"name\":\"Startseite\",\"item\":\"https:\\\/\\\/ms-pos.net\\\/\"},{\"@type\":\"ListItem\",\"position\":2,\"name\":\"Unternehmen\",\"item\":\"https:\\\/\\\/ms-pos.net\\\/unternehmen\"},{\"@type\":\"ListItem\",\"position\":3,\"name\":\"Leitbild\"}]},{\"@type\":\"WebSite\",\"@id\":\"https:\\\/\\\/ms-pos.net\\\/en\\\/#website\",\"url\":\"https:\\\/\\\/ms-pos.net\\\/en\\\/\",\"name\":\"MS POS GmbH | Retail und Kassensysteme\",\"description\":\"\",\"publisher\":{\"@id\":\"https:\\\/\\\/ms-pos.net\\\/en\\\/#organization\"},\"potentialAction\":[{\"@type\":\"SearchAction\",\"target\":{\"@type\":\"EntryPoint\",\"urlTemplate\":\"https:\\\/\\\/ms-pos.net\\\/en\\\/?s={search_term_string}\"},\"query-input\":{\"@type\":\"PropertyValueSpecification\",\"valueRequired\":true,\"valueName\":\"search_term_string\"}}],\"inLanguage\":\"en-GB\"},{\"@type\":\"Organization\",\"@id\":\"https:\\\/\\\/ms-pos.net\\\/en\\\/#organization\",\"name\":\"MS POS\",\"url\":\"https:\\\/\\\/ms-pos.net\\\/en\\\/\",\"logo\":{\"@type\":\"ImageObject\",\"inLanguage\":\"en-GB\",\"@id\":\"https:\\\/\\\/ms-pos.net\\\/en\\\/#\\\/schema\\\/logo\\\/image\\\/\",\"url\":\"https:\\\/\\\/ms-pos.net\\\/wp-content\\\/uploads\\\/2020\\\/06\\\/MS-POS-Logo.png\",\"contentUrl\":\"https:\\\/\\\/ms-pos.net\\\/wp-content\\\/uploads\\\/2020\\\/06\\\/MS-POS-Logo.png\",\"width\":539,\"height\":171,\"caption\":\"MS POS\"},\"image\":{\"@id\":\"https:\\\/\\\/ms-pos.net\\\/en\\\/#\\\/schema\\\/logo\\\/image\\\/\"}}]}<\/script>\n<!-- \/ Yoast SEO Premium plugin. -->","yoast_head_json":{"title":"Leitbild und Werte, die uns wichtig sind | MS POS GmbH","description":"Leitbild: Ein Fundament des Vertrauens, basierend auf wichtigen Werten, tr\u00e4gt und pr\u00e4gt unsere Kundenbeziehung","robots":{"index":"index","follow":"follow","max-snippet":"max-snippet:-1","max-image-preview":"max-image-preview:large","max-video-preview":"max-video-preview:-1"},"canonical":"https:\/\/ms-pos.net\/en\/unternehmen\/leitbild\/","og_locale":"en_GB","og_type":"article","og_title":"MS POS - Leitbild und Werte, die uns wichtig sind.","og_description":"Ein Fundament des Vertrauens, basierend auf wichtigen Werten wie Authentizit\u00e4t und Begeisterung, tr\u00e4gt und pr\u00e4gt unsere Kundenbeziehung. Erfahren Sie mehr.","og_url":"https:\/\/ms-pos.net\/en\/unternehmen\/leitbild\/","og_site_name":"MS POS GmbH | Retail und Kassensysteme","article_modified_time":"2023-10-10T14:54:39+00:00","og_image":[{"width":1920,"height":700,"url":"https:\/\/ms-pos.net\/wp-content\/uploads\/2020\/08\/\u00dcber-uns-Leitbild.jpg","type":"image\/jpeg"}],"twitter_misc":{"Estimated reading time":"2 minutes"},"schema":{"@context":"https:\/\/schema.org","@graph":[{"@type":"WebPage","@id":"https:\/\/ms-pos.net\/unternehmen\/leitbild","url":"https:\/\/ms-pos.net\/unternehmen\/leitbild","name":"Leitbild und Werte, die uns wichtig sind | MS POS GmbH","isPartOf":{"@id":"https:\/\/ms-pos.net\/en\/#website"},"datePublished":"2020-07-29T08:17:04+00:00","dateModified":"2023-10-10T14:54:39+00:00","description":"Leitbild: Ein Fundament des Vertrauens, basierend auf wichtigen Werten, tr\u00e4gt und pr\u00e4gt unsere Kundenbeziehung","breadcrumb":{"@id":"https:\/\/ms-pos.net\/unternehmen\/leitbild#breadcrumb"},"inLanguage":"en-GB","potentialAction":[{"@type":"ReadAction","target":["https:\/\/ms-pos.net\/unternehmen\/leitbild"]}]},{"@type":"BreadcrumbList","@id":"https:\/\/ms-pos.net\/unternehmen\/leitbild#breadcrumb","itemListElement":[{"@type":"ListItem","position":1,"name":"Startseite","item":"https:\/\/ms-pos.net\/"},{"@type":"ListItem","position":2,"name":"Unternehmen","item":"https:\/\/ms-pos.net\/unternehmen"},{"@type":"ListItem","position":3,"name":"Leitbild"}]},{"@type":"WebSite","@id":"https:\/\/ms-pos.net\/en\/#website","url":"https:\/\/ms-pos.net\/en\/","name":"MS POS GmbH | Retail und Kassensysteme","description":"","publisher":{"@id":"https:\/\/ms-pos.net\/en\/#organization"},"potentialAction":[{"@type":"SearchAction","target":{"@type":"EntryPoint","urlTemplate":"https:\/\/ms-pos.net\/en\/?s={search_term_string}"},"query-input":{"@type":"PropertyValueSpecification","valueRequired":true,"valueName":"search_term_string"}}],"inLanguage":"en-GB"},{"@type":"Organization","@id":"https:\/\/ms-pos.net\/en\/#organization","name":"MS POS","url":"https:\/\/ms-pos.net\/en\/","logo":{"@type":"ImageObject","inLanguage":"en-GB","@id":"https:\/\/ms-pos.net\/en\/#\/schema\/logo\/image\/","url":"https:\/\/ms-pos.net\/wp-content\/uploads\/2020\/06\/MS-POS-Logo.png","contentUrl":"https:\/\/ms-pos.net\/wp-content\/uploads\/2020\/06\/MS-POS-Logo.png","width":539,"height":171,"caption":"MS POS"},"image":{"@id":"https:\/\/ms-pos.net\/en\/#\/schema\/logo\/image\/"}}]}},"_links":{"self":[{"href":"https:\/\/ms-pos.net\/en\/wp-json\/wp\/v2\/pages\/8951","targetHints":{"allow":["GET"]}}],"collection":[{"href":"https:\/\/ms-pos.net\/en\/wp-json\/wp\/v2\/pages"}],"about":[{"href":"https:\/\/ms-pos.net\/en\/wp-json\/wp\/v2\/types\/page"}],"author":[{"embeddable":true,"href":"https:\/\/ms-pos.net\/en\/wp-json\/wp\/v2\/users\/2"}],"replies":[{"embeddable":true,"href":"https:\/\/ms-pos.net\/en\/wp-json\/wp\/v2\/comments?post=8951"}],"version-history":[{"count":90,"href":"https:\/\/ms-pos.net\/en\/wp-json\/wp\/v2\/pages\/8951\/revisions"}],"predecessor-version":[{"id":16814,"href":"https:\/\/ms-pos.net\/en\/wp-json\/wp\/v2\/pages\/8951\/revisions\/16814"}],"up":[{"embeddable":true,"href":"https:\/\/ms-pos.net\/en\/wp-json\/wp\/v2\/pages\/8785"}],"wp:attachment":[{"href":"https:\/\/ms-pos.net\/en\/wp-json\/wp\/v2\/media?parent=8951"}],"curies":[{"name":"wp","href":"https:\/\/api.w.org\/{rel}","templated":true}]}}