{"id":9725,"date":"2020-08-31T15:26:15","date_gmt":"2020-08-31T13:26:15","guid":{"rendered":"http:\/\/neu.ms-pos.net\/?page_id=9725"},"modified":"2025-04-10T16:34:58","modified_gmt":"2025-04-10T14:34:58","slug":"uebersicht","status":"publish","type":"page","link":"https:\/\/ms-pos.net\/en\/ms-dynamics-365\/uebersicht","title":{"rendered":"MS Dynamics 365"},"content":{"rendered":"<p><section  id=\"section-59e349d\" class=\"fw-main-row section  ls ms section_padding_top_0 section_padding_bottom_0 columns_padding_0 fullwidth-section horizontal-paddings-0 top_corner_inverse\" >\n        <h3 class=\"hidden\"> Map<\/h3>\n        <div class=\"top_corner_body\"><\/div>\n\t    <div class=\"container-fluid\">\n        <div class=\"row\">\n\t\t\t\n\t\t\t<!-- START D365  Uebersicht REVOLUTION SLIDER 6.7.36 --><p class=\"rs-p-wp-fix\"><\/p>\n\t\t\t<rs-module-wrap id=\"rev_slider_37_1_wrapper\" data-source=\"gallery\" style=\"visibility:hidden;background:transparent;padding:0;margin:0px auto;margin-top:0;margin-bottom:0;\">\n\t\t\t\t<rs-module id=\"rev_slider_37_1\" style=\"\" data-version=\"6.7.36\">\n\t\t\t\t\t<rs-slides style=\"overflow: hidden; position: absolute;\">\n\t\t\t\t\t\t<rs-slide style=\"position: absolute;\" data-key=\"rs-80\" data-title=\"Business Boost\" data-anim=\"adpr:false;ms:-120;\" data-in=\"o:0;\" data-out=\"a:false;\" data-alttrans=\"slidingoverlayleft\" data-p1=\"02.\">\n\t\t\t\t\t\t\t<img decoding=\"async\" src=\"\/\/ms-pos.net\/wp-content\/plugins\/revslider\/sr6\/assets\/assets\/dummy.png\" alt=\"\" title=\"D365-Uebersicht-2\" width=\"1920\" height=\"900\" class=\"rev-slidebg tp-rs-img rs-lazyload\" data-lazyload=\"\/\/ms-pos.net\/wp-content\/uploads\/2020\/12\/D365-Uebersicht-2.jpg\" data-parallax=\"5\" data-no-retina>\n<!--\n\t\t\t\t\t\t\t--><rs-layer\n\t\t\t\t\t\t\t\tid=\"slider-37-slide-80-layer-0\" \n\t\t\t\t\t\t\t\tdata-type=\"image\"\n\t\t\t\t\t\t\t\tdata-rsp_ch=\"on\"\n\t\t\t\t\t\t\t\tdata-xy=\"x:l,l,l,c;xo:323px,123px,41px,0;y:t,m,m,m;yo:435px,84px,455px,0;\"\n\t\t\t\t\t\t\t\tdata-text=\"w:normal;s:20,10,7,4;l:0,13,9,6;\"\n\t\t\t\t\t\t\t\tdata-dim=\"w:800px,426px,323px,360px;h:275px,146px,110px,113px;\"\n\t\t\t\t\t\t\t\tdata-frame_999=\"o:0;st:w;\"\n\t\t\t\t\t\t\t\tstyle=\"z-index:8;\"\n\t\t\t\t\t\t\t><img decoding=\"async\" src=\"\/\/ms-pos.net\/wp-content\/plugins\/revslider\/sr6\/assets\/assets\/dummy.png\" alt=\"\" class=\"tp-rs-img rs-lazyload\" width=\"800\" height=\"275\" data-lazyload=\"\/\/ms-pos.net\/wp-content\/uploads\/2024\/05\/Dynamics-365-Logo_klein.png\" data-no-retina> \n\t\t\t\t\t\t\t<\/rs-layer><!--\n-->\t\t\t\t\t<\/rs-slide>\n\t\t\t\t\t<\/rs-slides>\n\t\t\t\t<\/rs-module>\n\t\t\t\t<script>\n\t\t\t\t\tsetREVStartSize({c: 'rev_slider_37_1',rl:[1240,1150,778,480],el:[900,600,640,740],gw:[1920,1024,778,480],gh:[900,600,640,740],type:'standard',justify:'',layout:'fullwidth',mh:\"0\"});if (window.RS_MODULES!==undefined && window.RS_MODULES.modules!==undefined && window.RS_MODULES.modules[\"revslider371\"]!==undefined) {window.RS_MODULES.modules[\"revslider371\"].once = false;window.revapi37 = undefined;if (window.RS_MODULES.checkMinimal!==undefined) window.RS_MODULES.checkMinimal()}\n\t\t\t\t<\/script>\n\t\t\t<\/rs-module-wrap>\n\t\t\t<!-- END REVOLUTION SLIDER -->\n        <\/div>\n    <\/div>\n    <div class=\"bottom_corner_body\"><\/div>\n<\/section>\n\t<div class=\"fw-divider-space \" style=\"margin-top: 30px;\"><\/div>\n\n<section  id=\"section-c0513e8\" class=\"fw-main-row section  ls section_padding_top_65 section_padding_bottom_30 columns_padding_15 horizontal-paddings-0  \" >\n        <h3 class=\"hidden\"> uebersicht1<\/h3>\n        <div class=\"top_corner_body\"><\/div>\n\t    <div class=\"container\">\n        <div class=\"row\">\n\t\t\t<div  id=\"column-a32f476\" class=\"col-xs-12 left fw-column\"  >\n\t<div class=\"special-heading text-left \">\n        <h2    class=\"section_header margin_0      \">\n        <span class=\"text-transform-none medium \">\n\t\tMicrosoft Dynamics 365\t<\/span>\n<\/h2>\n<\/div>\n\n\t<div class=\"fw-divider-space \" style=\"margin-top: 30px;\"><\/div>\n\n<div class=\"text-block shortcode \">\n\t<p>Vertrieb, Kundendienst, Finanzen, Au\u00dfendienst, Marketing, Logistik\u2026 st\u00e4ndige Ver\u00e4nderungen und Entwicklungen im Markt und der Wirtschaft erfordern, dass Abl\u00e4ufe in Unternehmen produktiver, anpassbarer und effizienter werden. Die Microsoft Technologie geht daher einen komplett neuen Weg und bietet mit Dynamics 365 eine umfassende Gesch\u00e4ftsl\u00f6sung, in der CRM, ERP, POS, BI und Office verschmelzen und dennoch als L\u00f6sungen weiterhin modular verf\u00fcgbar sind.<\/p><\/div>\n\n\t<div class=\"fw-divider-space \" style=\"margin-top: 30px;\"><\/div>\n\n<div class=\"special-heading text-left \">\n        <h4    class=\"section_header margin_0      \">\n        <span class=\"text-transform-none medium \">\n\t\tModulares System\t<\/span>\n<\/h4>\n<\/div>\n\n\t<div class=\"fw-divider-space \" style=\"margin-top: 30px;\"><\/div>\n\n<div class=\"text-block shortcode \">\n\t<p>Mit der Microsoft Cloud haben Sie die M\u00f6glichkeit, nur Module zu w\u00e4hlen, die jetzt gebraucht werden. Unternehmen bleiben dadurch weiterhin flexibel, wenn sie neue M\u00e4rkte erschlie\u00dfen und wachsen. Alle L\u00f6sungen sind skalierbar. Und das Beste daran:  Sie zahlen nur f\u00fcr Module, die sie tats\u00e4chlich ben\u00f6tigen.<\/p><\/div>\n\n\t<div class=\"fw-divider-space \" style=\"margin-top: 30px;\"><\/div>\n\n<div class=\"simple-list orange\">\n\t        <h6 class=\"list-title\">\n\t\t\tVor dem modularen Ansatz unterteilte sich Microsoft Dynamics in zwei Hauptvarianten:        <\/h6>\n\t    <ul class=\"no-bullets\">\n\t\t            <li class=\"list-item\">\n\t\t\t\t\t                                        Business Central, das ehemalige NAV\t\t\t\t\t\t\t\t\t            <\/li>\n\t\t            <li class=\"list-item\">\n\t\t\t\t\t                                        Finance and Operations F|O, das ehemalige AX\t\t\t\t\t\t\t\t\t            <\/li>\n\t\t    <\/ul>\n<\/div><div class=\"text-block shortcode \">\n\t<p>Der aktuell \u00fcberarbeitete modulare Ansatz bietet mehr Flexibilit\u00e4t und konzentriert sich auf spezifische Bereiche, die Dynamics 365 durch die Bereitstellung relevanter Softwarel\u00f6sungen unterst\u00fctzt, wie z.B.: Vertrieb, Kundendienst, Au\u00dfendienst, Personalwesen, Finanzen, Supply Chain Management, Handel, Automatisierung von Projektdiensten, Marketing, K\u00fcnstliche Intelligenz, Mixed Reality und Business Central.<\/p><\/div>\n<\/div><div  id=\"column-85ed013\" class=\"col-xs-12 text-center left fw-column\"  >\n\t\n\t<div class=\"fw-divider-space \" style=\"margin-top: 30px;\"><\/div>\n\n<div class=\"img-wrap\"><img decoding=\"async\" src=\"\/\/ms-pos.net\/wp-content\/uploads\/2024\/06\/MS-Solutions-Partner-1.png\" alt=\"\/\/ms-pos.net\/wp-content\/uploads\/2024\/06\/MS-Solutions-Partner-1.png\" width=\"340\" \/><\/div><\/div><div  id=\"column-f44cb4c\" class=\"col-xs-12 left fw-column\"  >\n\t<div class=\"text-block shortcode \">\n\t<blockquote><p>\u201eWir bei MS POS konzentrieren uns auf die sechs Schl\u00fcsselmodule von Dynamics 365: CRM, Finance, PO, RPA, Commerce und SCM. Diese Module sind die wesentlichen Bestandteile, um Dynamics 365 im Einzelhandel, in der Fertigung und im Vertrieb einzusetzen.\u201c<br \/><strong>Konstantin Gergianakis, CEO MS POS<\/strong><\/p><\/blockquote><\/div>\n<\/div>        <\/div>\n    <\/div>\n    <div class=\"bottom_corner_body\"><\/div>\n<\/section><section  id=\"section-8e9846f\" class=\"fw-main-row section  ls section_padding_top_30 section_padding_bottom_65 columns_padding_15 horizontal-paddings-0  \" >\n        <h3 class=\"hidden\"> uebersicht2<\/h3>\n        <div class=\"top_corner_body\"><\/div>\n\t    <div class=\"container\">\n        <div class=\"row\">\n\t\t\t<div  id=\"column-d53194e\" class=\"col-xs-12 left fw-column\"  >\n\t<div class=\"img-wrap\"><img decoding=\"async\" src=\"\/\/ms-pos.net\/wp-content\/uploads\/2024\/05\/Dynamics_Grafik-Logo_neu.png\" alt=\"\/\/ms-pos.net\/wp-content\/uploads\/2024\/05\/Dynamics_Grafik-Logo_neu.png\" \/><\/div><div class=\"special-heading text-left \">\n        <h4    class=\"section_header margin_0      \">\n        <span class=\"text-transform-none medium \">\n\t\tWann Dynamics 365 am besten passt\t<\/span>\n<\/h4>\n<\/div>\n\n\t<div class=\"fw-divider-space \" style=\"margin-top: 30px;\"><\/div>\n\n<div class=\"text-block shortcode \">\n\t<p>Als unser Kunde profitieren Sie besonders von dem ERP-System D365, wenn Ihr Unternehmen eine oder mehrere dieser Anforderungen erf\u00fcllt:<\/p><\/div>\n<\/div><div  id=\"column-a5c41d0\" class=\"col-xs-12 col-md-4 text-center left fw-column\"  >\n\t<div class=\"simple-list orange\">\n\t    <ul class=\"no-bullets\">\n\t\t            <li class=\"list-item\">\n\t\t\t\t\t                                        international \t\t\t\t\t\t\t\t\t            <\/li>\n\t\t            <li class=\"list-item\">\n\t\t\t\t\t                                        mandantenf\u00e4hig \t\t\t\t\t\t\t\t\t            <\/li>\n\t\t            <li class=\"list-item\">\n\t\t\t\t\t                                        diverse Sparten \t\t\t\t\t\t\t\t\t            <\/li>\n\t\t    <\/ul>\n<\/div><\/div><div  id=\"column-36a5bbb\" class=\"col-xs-12 col-md-4 left fw-column\"  >\n\t<div class=\"simple-list orange\">\n\t    <ul class=\"no-bullets\">\n\t\t            <li class=\"list-item\">\n\t\t\t\t\t                                        Produktion \t\t\t\t\t\t\t\t\t            <\/li>\n\t\t            <li class=\"list-item\">\n\t\t\t\t\t                                        Distribution \t\t\t\t\t\t\t\t\t            <\/li>\n\t\t            <li class=\"list-item\">\n\t\t\t\t\t                                        Omnichannel \t\t\t\t\t\t\t\t\t            <\/li>\n\t\t    <\/ul>\n<\/div><\/div><div  id=\"column-fa2d341\" class=\"col-xs-12 col-md-4 left fw-column\"  >\n\t<div class=\"simple-list orange\">\n\t    <ul class=\"no-bullets\">\n\t\t            <li class=\"list-item\">\n\t\t\t\t\t                                        integriertes Kassensystem\t\t\t\t\t\t\t\t\t            <\/li>\n\t\t            <li class=\"list-item\">\n\t\t\t\t\t                                        spezialisierter Einzelhandel \t\t\t\t\t\t\t\t\t            <\/li>\n\t\t            <li class=\"list-item\">\n\t\t\t\t\t                                        ERP-System\/Warenwirtschaft\t\t\t\t\t\t\t\t\t            <\/li>\n\t\t    <\/ul>\n<\/div><\/div><div  id=\"column-512d5e8\" class=\"col-xs-12 left fw-column\"  >\n\t<div class=\"special-heading text-left \">\n        <h4    class=\"section_header margin_0      \">\n        <span class=\"text-transform-none medium \">\n\t\tKunden-Erwartungen \u00fcbertreffen\t<\/span>\n<\/h4>\n<\/div>\n\n\t<div class=\"fw-divider-space \" style=\"margin-top: 30px;\"><\/div>\n\n<div class=\"text-block shortcode \">\n\t<p>Ihr Kunde wiederum profitiert davon, indem Sie ihm Daten und Informationen unmittelbar in Echtzeit zur Verf\u00fcgung stellen k\u00f6nnen. Dieser Service ist nur in einem komplett integrierten System m\u00f6glich. Mit Microsoft Dynamics 365 k\u00f6nnen Sie daher Ihrem Kunden Informationen und Dienstleistungen bieten, die er so nicht erwartet. Dies erzeugt nicht nur einen Mehrwert, sondern erh\u00f6ht die Kundezufriedenheit und  bildet langfristig eine stabile Kundenbindung.<\/p><\/div>\n<\/div>        <\/div>\n    <\/div>\n    <div class=\"bottom_corner_body\"><\/div>\n<\/section><section  id=\"section-0cc783e\" class=\"fw-main-row section  ls section_padding_top_0 section_padding_bottom_85 columns_padding_15  \" >\n        <h3 class=\"hidden\"> dynamics \u00fcberblick<\/h3>\n        <div class=\"top_corner_body\"><\/div>\n\t    <div class=\"container\">\n        <div class=\"row\">\n\t\t\t<div  id=\"column-c66e876\" class=\"col-xs-12 left fw-column\"  >\n\t<div class=\"special-heading text-left \">\n        <h6    class=\"section_header margin_0      \">\n        <span class=\"text-transform-none medium \">\n\t\tDie wesentlichen Module von Microsoft Dynamics 365 im \u00dcberblick\t<\/span>\n<\/h6>\n<\/div>\n\n\t<div class=\"fw-divider-space \" style=\"margin-top: 20px;\"><\/div>\n\n<\/div><div  id=\"column-fe8d1d4\" class=\"col-xs-12 col-md-4 left fw-column\"  >\n\t<div class=\"img-wrap\"><img decoding=\"async\" src=\"\/\/www.ms-pos.biz\/wp-content\/uploads\/2023\/05\/CTA-Commerce.jpg\" alt=\"\/\/www.ms-pos.biz\/wp-content\/uploads\/2023\/05\/CTA-Commerce.jpg\" \/><\/div><div class=\"text-block shortcode \">\n\t<div class=\"dynamics\"><h6>Commerce<\/h6><p><a href=\"https:\/\/ms-pos.net\/ms-dynamics-365\/commerce\">Mehr erfahren<\/a><\/p><\/div><\/div>\n<\/div><div  id=\"column-c253841\" class=\"col-xs-12 col-md-4 left fw-column\"  >\n\t<div class=\"img-wrap\"><img decoding=\"async\" src=\"\/\/www.ms-pos.biz\/wp-content\/uploads\/2023\/05\/CTA-Beschaffung-2.jpg\" alt=\"\/\/www.ms-pos.biz\/wp-content\/uploads\/2023\/05\/CTA-Beschaffung-2.jpg\" \/><\/div><div class=\"text-block shortcode \">\n\t<div class=\"dynamics\"><h6>Beschaffung<\/h6><p><a href=\"https:\/\/ms-pos.net\/ms-dynamics-365\/beschaffung\">Mehr erfahren<\/a><\/p><\/div><\/div>\n<\/div><div  id=\"column-105b95e\" class=\"col-xs-12 col-md-4 left fw-column\"  >\n\t<div class=\"img-wrap\"><img decoding=\"async\" src=\"\/\/www.ms-pos.biz\/wp-content\/uploads\/2023\/05\/CTA-Finanzen.jpg\" alt=\"\/\/www.ms-pos.biz\/wp-content\/uploads\/2023\/05\/CTA-Finanzen.jpg\" \/><\/div><div class=\"text-block shortcode \">\n\t<div class=\"dynamics\"><h6>Finanzen<\/h6><p><a href=\"https:\/\/ms-pos.net\/ms-dynamics-365\/finanzen\">Mehr erfahren<\/a><\/p><\/div><\/div>\n<\/div><div  id=\"column-e2d4a43\" class=\"col-xs-12 left fw-column\"  >\n\t\n\t<div class=\"fw-divider-space \" style=\"margin-top: 30px;\"><\/div>\n\n<\/div><div  id=\"column-f488de9\" class=\"col-xs-12 col-md-4 left fw-column\"  >\n\t<div class=\"img-wrap\"><img decoding=\"async\" src=\"\/\/www.ms-pos.biz\/wp-content\/uploads\/2023\/05\/CTA-Project-Operation.jpg\" alt=\"\/\/www.ms-pos.biz\/wp-content\/uploads\/2023\/05\/CTA-Project-Operation.jpg\" \/><\/div><div class=\"text-block shortcode \">\n\t<div class=\"dynamics\"><h6>Project Operations<\/h6><p><a href=\"https:\/\/ms-pos.net\/ms-dynamics-365\/project-operations\">Mehr erfahren<\/a><\/p><\/div><\/div>\n<\/div><div  id=\"column-a61458e\" class=\"col-xs-12 col-md-4 left fw-column\"  >\n\t<div class=\"img-wrap\"><img decoding=\"async\" src=\"\/\/www.ms-pos.biz\/wp-content\/uploads\/2023\/05\/CTA-Kundenbindung.jpg\" alt=\"\/\/www.ms-pos.biz\/wp-content\/uploads\/2023\/05\/CTA-Kundenbindung.jpg\" \/><\/div><div class=\"text-block shortcode \">\n\t<div class=\"dynamics\"><h6>Kundenbindung<\/h6><p><a href=\"https:\/\/ms-pos.net\/ms-dynamics-365\/kundenbindung\">Mehr erfahren<\/a><\/p><\/div><\/div>\n<\/div><div  id=\"column-8486b86\" class=\"col-xs-12 col-md-4 left fw-column\"  >\n\t<div class=\"img-wrap\"><img decoding=\"async\" src=\"\/\/www.ms-pos.biz\/wp-content\/uploads\/2023\/05\/CTA-Automatisierung.jpg\" alt=\"\/\/www.ms-pos.biz\/wp-content\/uploads\/2023\/05\/CTA-Automatisierung.jpg\" \/><\/div><div class=\"text-block shortcode \">\n\t<div class=\"dynamics\"><h6>Automatisierung<\/h6><p><a href=\"https:\/\/ms-pos.net\/ms-dynamics-365\/automatisierung\">Mehr erfahren<\/a><\/p><\/div><\/div>\n<\/div>        <\/div>\n    <\/div>\n    <div class=\"bottom_corner_body\"><\/div>\n<\/section><section  id=\"section-cd5cfb9\" class=\"fw-main-row section  ls ms section_padding_top_50 section_padding_bottom_50 columns_padding_15 section_overlay  \" style=\"background-image:url(https:\/\/www.ms-pos.biz\/wp-content\/uploads\/2020\/09\/Ueberblick_1920x700_ohne-Logo.png);\">\n        <h3 class=\"hidden\"> Call to Action<\/h3>\n        <div class=\"top_corner_body\"><\/div>\n\t    <div class=\"container\">\n        <div class=\"row\">\n\t\t\t<div  id=\"column-10b22ba\" class=\"col-xs-12 left fw-column\"  >\n\t<div class=\"special-heading text-center \">\n        <h3    class=\"section_header margin_0 call-to-action     \">\n        <span class=\"text-transform-none medium \">\n\t\tW\u00fcnschen Sie mehr Informationen zu<br \/>Microsoft Dynamics 365?\t<\/span>\n<\/h3>\n<\/div>\n\n\t<div class=\"fw-divider-space \" style=\"margin-top: 20px;\"><\/div>\n\n<div class=\"special-heading text-center \">\n        <h6    class=\"section_header margin_0 call-to-action     \">\n        <span class=\"text-transform-none bold \">\n\t\tSenden Sie uns Ihr Anliegen. Wir kontaktieren Sie in K\u00fcrze!\t<\/span>\n<\/h6>\n<\/div>\n\n\t<div class=\"fw-divider-space \" style=\"margin-top: 30px;\"><\/div>\n\n<\/div><div  id=\"column-df08493\" class=\"col-xs-12 col-md-2 left fw-column\"  >\n\t<\/div><div  id=\"column-3d5ed72\" class=\"col-xs-12 col-md-8 text-center left fw-column\"  >\n\t<a href=\"https:\/\/ms-pos.net\/kontakt\/#kontakt2\" target=\"_self\"\n   class=\"wide_button theme_button color color2 medium_height\">\n\tKontakt<\/a>\n<\/div><div  id=\"column-563250c\" class=\"col-xs-12 col-md-2 left fw-column\"  >\n\t<\/div><div  id=\"column-08aee69\" class=\"col-xs-12 left fw-column\"  >\n\t\n\t<div class=\"fw-divider-space \" style=\"margin-top: 30px;\"><\/div>\n\n<\/div>        <\/div>\n    <\/div>\n    <div class=\"bottom_corner_body\"><\/div>\n<\/section><\/p>\n","protected":false},"excerpt":{"rendered":"<p>Map uebersicht1 Microsoft Dynamics 365 Vertrieb, Kundendienst, Finanzen, Au\u00dfendienst, Marketing, Logistik\u2026 st\u00e4ndige Ver\u00e4nderungen und Entwicklungen &#8230;<\/p>","protected":false},"author":2,"featured_media":0,"parent":9723,"menu_order":0,"comment_status":"closed","ping_status":"closed","template":"page-templates\/full-width.php","meta":{"footnotes":""},"class_list":["post-9725","page","type-page","status-publish","hentry"],"yoast_head":"<!-- This site is optimized with the Yoast SEO Premium plugin v27.4 (Yoast SEO v27.4) - https:\/\/yoast.com\/product\/yoast-seo-premium-wordpress\/ -->\n<title>Microsoft Dynamics 365 und alle Module im \u00dcberblick | MS POS<\/title>\n<meta name=\"description\" content=\"Microsoft Dynamics 365 ist eine umfassende Gesch\u00e4ftsl\u00f6sung mit den Modulen CRM, ERP, POS, BI. Lassen Sie sich \u00fcberzeugen.\" \/>\n<meta name=\"robots\" content=\"index, follow, max-snippet:-1, max-image-preview:large, max-video-preview:-1\" \/>\n<link rel=\"canonical\" href=\"https:\/\/ms-pos.net\/en\/ms-dynamics-365\/uebersicht\/\" \/>\n<meta property=\"og:locale\" content=\"en_GB\" \/>\n<meta property=\"og:type\" content=\"article\" \/>\n<meta property=\"og:title\" content=\"MS POS - Microsoft Dynamics 365 und alle Module im \u00dcberblick\" \/>\n<meta property=\"og:description\" content=\"Dynamics 365 ist ein modulares System. CRM, Finance, PO, RPA, Commerce und SCM. Ideal f\u00fcr den Einsatz im Einzelhandel, in der Fertigung und im Vertrieb\" \/>\n<meta property=\"og:url\" content=\"https:\/\/ms-pos.net\/en\/ms-dynamics-365\/uebersicht\/\" \/>\n<meta property=\"og:site_name\" content=\"MS POS GmbH | Retail und Kassensysteme\" \/>\n<meta property=\"article:modified_time\" content=\"2025-04-10T14:34:58+00:00\" \/>\n<meta property=\"og:image\" content=\"https:\/\/ms-pos.net\/wp-content\/uploads\/2020\/11\/startseite-d365.jpg\" \/>\n\t<meta property=\"og:image:width\" content=\"499\" \/>\n\t<meta property=\"og:image:height\" content=\"234\" \/>\n\t<meta property=\"og:image:type\" content=\"image\/jpeg\" \/>\n<meta name=\"twitter:label1\" content=\"Estimated reading time\" \/>\n\t<meta name=\"twitter:data1\" content=\"4 minutes\" \/>\n<script type=\"application\/ld+json\" class=\"yoast-schema-graph\">{\"@context\":\"https:\\\/\\\/schema.org\",\"@graph\":[{\"@type\":\"WebPage\",\"@id\":\"https:\\\/\\\/ms-pos.net\\\/ms-dynamics-365\\\/uebersicht\",\"url\":\"https:\\\/\\\/ms-pos.net\\\/ms-dynamics-365\\\/uebersicht\",\"name\":\"Microsoft Dynamics 365 und alle Module im \u00dcberblick | MS POS\",\"isPartOf\":{\"@id\":\"https:\\\/\\\/ms-pos.net\\\/en\\\/#website\"},\"datePublished\":\"2020-08-31T13:26:15+00:00\",\"dateModified\":\"2025-04-10T14:34:58+00:00\",\"description\":\"Microsoft Dynamics 365 ist eine umfassende Gesch\u00e4ftsl\u00f6sung mit den Modulen CRM, ERP, POS, BI. Lassen Sie sich \u00fcberzeugen.\",\"breadcrumb\":{\"@id\":\"https:\\\/\\\/ms-pos.net\\\/ms-dynamics-365\\\/uebersicht#breadcrumb\"},\"inLanguage\":\"en-GB\",\"potentialAction\":[{\"@type\":\"ReadAction\",\"target\":[\"https:\\\/\\\/ms-pos.net\\\/ms-dynamics-365\\\/uebersicht\"]}]},{\"@type\":\"BreadcrumbList\",\"@id\":\"https:\\\/\\\/ms-pos.net\\\/ms-dynamics-365\\\/uebersicht#breadcrumb\",\"itemListElement\":[{\"@type\":\"ListItem\",\"position\":1,\"name\":\"Startseite\",\"item\":\"https:\\\/\\\/ms-pos.net\\\/\"},{\"@type\":\"ListItem\",\"position\":2,\"name\":\"MS Dynamics 365\",\"item\":\"https:\\\/\\\/ms-pos.net\\\/ms-dynamics-365\"},{\"@type\":\"ListItem\",\"position\":3,\"name\":\"MS Dynamics 365\"}]},{\"@type\":\"WebSite\",\"@id\":\"https:\\\/\\\/ms-pos.net\\\/en\\\/#website\",\"url\":\"https:\\\/\\\/ms-pos.net\\\/en\\\/\",\"name\":\"MS POS GmbH | Retail und Kassensysteme\",\"description\":\"\",\"publisher\":{\"@id\":\"https:\\\/\\\/ms-pos.net\\\/en\\\/#organization\"},\"potentialAction\":[{\"@type\":\"SearchAction\",\"target\":{\"@type\":\"EntryPoint\",\"urlTemplate\":\"https:\\\/\\\/ms-pos.net\\\/en\\\/?s={search_term_string}\"},\"query-input\":{\"@type\":\"PropertyValueSpecification\",\"valueRequired\":true,\"valueName\":\"search_term_string\"}}],\"inLanguage\":\"en-GB\"},{\"@type\":\"Organization\",\"@id\":\"https:\\\/\\\/ms-pos.net\\\/en\\\/#organization\",\"name\":\"MS POS\",\"url\":\"https:\\\/\\\/ms-pos.net\\\/en\\\/\",\"logo\":{\"@type\":\"ImageObject\",\"inLanguage\":\"en-GB\",\"@id\":\"https:\\\/\\\/ms-pos.net\\\/en\\\/#\\\/schema\\\/logo\\\/image\\\/\",\"url\":\"https:\\\/\\\/ms-pos.net\\\/wp-content\\\/uploads\\\/2020\\\/06\\\/MS-POS-Logo.png\",\"contentUrl\":\"https:\\\/\\\/ms-pos.net\\\/wp-content\\\/uploads\\\/2020\\\/06\\\/MS-POS-Logo.png\",\"width\":539,\"height\":171,\"caption\":\"MS POS\"},\"image\":{\"@id\":\"https:\\\/\\\/ms-pos.net\\\/en\\\/#\\\/schema\\\/logo\\\/image\\\/\"}}]}<\/script>\n<!-- \/ Yoast SEO Premium plugin. -->","yoast_head_json":{"title":"Microsoft Dynamics 365 und alle Module im \u00dcberblick | MS POS","description":"Microsoft Dynamics 365 ist eine umfassende Gesch\u00e4ftsl\u00f6sung mit den Modulen CRM, ERP, POS, BI. Lassen Sie sich \u00fcberzeugen.","robots":{"index":"index","follow":"follow","max-snippet":"max-snippet:-1","max-image-preview":"max-image-preview:large","max-video-preview":"max-video-preview:-1"},"canonical":"https:\/\/ms-pos.net\/en\/ms-dynamics-365\/uebersicht\/","og_locale":"en_GB","og_type":"article","og_title":"MS POS - Microsoft Dynamics 365 und alle Module im \u00dcberblick","og_description":"Dynamics 365 ist ein modulares System. CRM, Finance, PO, RPA, Commerce und SCM. Ideal f\u00fcr den Einsatz im Einzelhandel, in der Fertigung und im Vertrieb","og_url":"https:\/\/ms-pos.net\/en\/ms-dynamics-365\/uebersicht\/","og_site_name":"MS POS GmbH | Retail und Kassensysteme","article_modified_time":"2025-04-10T14:34:58+00:00","og_image":[{"width":499,"height":234,"url":"https:\/\/ms-pos.net\/wp-content\/uploads\/2020\/11\/startseite-d365.jpg","type":"image\/jpeg"}],"twitter_misc":{"Estimated reading time":"4 minutes"},"schema":{"@context":"https:\/\/schema.org","@graph":[{"@type":"WebPage","@id":"https:\/\/ms-pos.net\/ms-dynamics-365\/uebersicht","url":"https:\/\/ms-pos.net\/ms-dynamics-365\/uebersicht","name":"Microsoft Dynamics 365 und alle Module im \u00dcberblick | MS POS","isPartOf":{"@id":"https:\/\/ms-pos.net\/en\/#website"},"datePublished":"2020-08-31T13:26:15+00:00","dateModified":"2025-04-10T14:34:58+00:00","description":"Microsoft Dynamics 365 ist eine umfassende Gesch\u00e4ftsl\u00f6sung mit den Modulen CRM, ERP, POS, BI. Lassen Sie sich \u00fcberzeugen.","breadcrumb":{"@id":"https:\/\/ms-pos.net\/ms-dynamics-365\/uebersicht#breadcrumb"},"inLanguage":"en-GB","potentialAction":[{"@type":"ReadAction","target":["https:\/\/ms-pos.net\/ms-dynamics-365\/uebersicht"]}]},{"@type":"BreadcrumbList","@id":"https:\/\/ms-pos.net\/ms-dynamics-365\/uebersicht#breadcrumb","itemListElement":[{"@type":"ListItem","position":1,"name":"Startseite","item":"https:\/\/ms-pos.net\/"},{"@type":"ListItem","position":2,"name":"MS Dynamics 365","item":"https:\/\/ms-pos.net\/ms-dynamics-365"},{"@type":"ListItem","position":3,"name":"MS Dynamics 365"}]},{"@type":"WebSite","@id":"https:\/\/ms-pos.net\/en\/#website","url":"https:\/\/ms-pos.net\/en\/","name":"MS POS GmbH | Retail und Kassensysteme","description":"","publisher":{"@id":"https:\/\/ms-pos.net\/en\/#organization"},"potentialAction":[{"@type":"SearchAction","target":{"@type":"EntryPoint","urlTemplate":"https:\/\/ms-pos.net\/en\/?s={search_term_string}"},"query-input":{"@type":"PropertyValueSpecification","valueRequired":true,"valueName":"search_term_string"}}],"inLanguage":"en-GB"},{"@type":"Organization","@id":"https:\/\/ms-pos.net\/en\/#organization","name":"MS POS","url":"https:\/\/ms-pos.net\/en\/","logo":{"@type":"ImageObject","inLanguage":"en-GB","@id":"https:\/\/ms-pos.net\/en\/#\/schema\/logo\/image\/","url":"https:\/\/ms-pos.net\/wp-content\/uploads\/2020\/06\/MS-POS-Logo.png","contentUrl":"https:\/\/ms-pos.net\/wp-content\/uploads\/2020\/06\/MS-POS-Logo.png","width":539,"height":171,"caption":"MS POS"},"image":{"@id":"https:\/\/ms-pos.net\/en\/#\/schema\/logo\/image\/"}}]}},"_links":{"self":[{"href":"https:\/\/ms-pos.net\/en\/wp-json\/wp\/v2\/pages\/9725","targetHints":{"allow":["GET"]}}],"collection":[{"href":"https:\/\/ms-pos.net\/en\/wp-json\/wp\/v2\/pages"}],"about":[{"href":"https:\/\/ms-pos.net\/en\/wp-json\/wp\/v2\/types\/page"}],"author":[{"embeddable":true,"href":"https:\/\/ms-pos.net\/en\/wp-json\/wp\/v2\/users\/2"}],"replies":[{"embeddable":true,"href":"https:\/\/ms-pos.net\/en\/wp-json\/wp\/v2\/comments?post=9725"}],"version-history":[{"count":212,"href":"https:\/\/ms-pos.net\/en\/wp-json\/wp\/v2\/pages\/9725\/revisions"}],"predecessor-version":[{"id":18548,"href":"https:\/\/ms-pos.net\/en\/wp-json\/wp\/v2\/pages\/9725\/revisions\/18548"}],"up":[{"embeddable":true,"href":"https:\/\/ms-pos.net\/en\/wp-json\/wp\/v2\/pages\/9723"}],"wp:attachment":[{"href":"https:\/\/ms-pos.net\/en\/wp-json\/wp\/v2\/media?parent=9725"}],"curies":[{"name":"wp","href":"https:\/\/api.w.org\/{rel}","templated":true}]}}